{"id":9985,"date":"2020-11-29T06:57:23","date_gmt":"2020-11-29T06:57:23","guid":{"rendered":"https:\/\/chilimag.hu\/webshop\/?post_type=product&#038;p=9985"},"modified":"2025-08-11T14:10:08","modified_gmt":"2025-08-11T14:10:08","slug":"red-pear-sel-gransasso","status":"publish","type":"product","link":"https:\/\/chilimag.hu\/webshop\/termek\/red-pear-sel-gransasso\/","title":{"rendered":"Red Pear Sel.Gransasso Paradicsom B"},"content":{"rendered":"","protected":false},"excerpt":{"rendered":"<p><img decoding=\"async\" src=\"https:\/\/chilimag.hu\/webshop\/wp-content\/uploads\/2014\/11\/chilimag-logo-2-150x150.jpg\" \/><\/p>\n<p>&nbsp;<\/p>\n<p>Le\u00edr\u00e1s<\/p>\n<p>Kereskedelmi fajta Olaszorsz\u00e1gb\u00f3l.<\/p>\n<p>Gy\u00fcm\u00f6lcse 180-300 gramm, piriform, s\u0151t n\u00e9ha bord\u00e1zott a fels\u0151 r\u00e9szen.<\/p>\n<p>Narancsv\u00f6r\u00f6s h\u00e1m, a v\u00e1llakon n\u00e9ha s\u00e1rg\u00e1s nyomokkal.<\/p>\n<p>Kem\u00e9ny h\u00fas\u00fa, kev\u00e9s\/nincs g\u00e9lt tartalmaz\u00f3, j\u00f3 \u00e9des \u00edz\u0171.<\/p>\n<p>Els\u0151dleges hivat\u00e1sa a sz\u00f3sz \u00e9s t\u00e9szta elk\u00e9sz\u00edt\u00e9se, de sal\u00e1t\u00e1ban frissen is \u00edzletes.<\/p>\n<p>Er\u0151teljes, nagy fejl\u0151d\u00e9s\u0171, hat\u00e1rozatlan n\u00f6veked\u00e9s\u0171, szab\u00e1lyos lombozat\u00fa n\u00f6v\u00e9ny.<\/p>\n<p>Gndoz\u00e1sa:A\u00a0Paradicsomot termeszthet, \u00fcvegh\u00e1zban vagy a szabadban. A vet\u0151magokat csak kiss\u00e9 fedje be talajjal (max. 5 mm). Az optim\u00e1lis cs\u00edr\u00e1z\u00e1si h\u0151m\u00e9rs\u00e9klet 20 \u00e9s 25\u00b0C k\u00f6z\u00f6tt van, a cs\u00edr\u00e1z\u00e1s 8-14 nap ut\u00e1n k\u00f6vetkezik be. Felgyors\u00edthatja a cs\u00edr\u00e1z\u00e1si folyamatot, ha a magokat egy \u00e9jszak\u00e1n \u00e1t nedves ruh\u00e1ban hagyja \u00e1zni. V\u00e1rjon az utols\u00f3 fagy ut\u00e1n a kiv\u00e1lasztott n\u00f6v\u00e9nyek \u00fcltet\u00e9s\u00e9vel.<\/p>\n<p>A paradicsomnak friss, j\u00f3l tr\u00e1gy\u00e1zott, v\u00edz\u00e1tereszt\u0151 talajra van sz\u00fcks\u00e9ge, amelyet nedvesen (de nem nedvesen!) kell tartani. Napos, v\u00e9dett helyre \u00fcltess\u00fck, ahol legal\u00e1bb 6 \u00f3ra \u2013 lehet\u0151leg t\u00f6bb napf\u00e9ny \u00e9ri<\/p>\n<p>A csomag 10 szem magot tartalmaz<\/p>\n","protected":false},"featured_media":9986,"comment_status":"closed","ping_status":"closed","template":"","meta":[],"product_brand":[],"product_cat":[10],"product_tag":[],"class_list":{"0":"post-9985","1":"product","2":"type-product","3":"status-publish","4":"has-post-thumbnail","6":"product_cat-paradicsom","8":"first","9":"instock","10":"taxable","11":"shipping-taxable","12":"purchasable","13":"product-type-simple"},"_links":{"self":[{"href":"https:\/\/chilimag.hu\/webshop\/wp-json\/wp\/v2\/product\/9985","targetHints":{"allow":["GET"]}}],"collection":[{"href":"https:\/\/chilimag.hu\/webshop\/wp-json\/wp\/v2\/product"}],"about":[{"href":"https:\/\/chilimag.hu\/webshop\/wp-json\/wp\/v2\/types\/product"}],"replies":[{"embeddable":true,"href":"https:\/\/chilimag.hu\/webshop\/wp-json\/wp\/v2\/comments?post=9985"}],"wp:featuredmedia":[{"embeddable":true,"href":"https:\/\/chilimag.hu\/webshop\/wp-json\/wp\/v2\/media\/9986"}],"wp:attachment":[{"href":"https:\/\/chilimag.hu\/webshop\/wp-json\/wp\/v2\/media?parent=9985"}],"wp:term":[{"taxonomy":"product_brand","embeddable":true,"href":"https:\/\/chilimag.hu\/webshop\/wp-json\/wp\/v2\/product_brand?post=9985"},{"taxonomy":"product_cat","embeddable":true,"href":"https:\/\/chilimag.hu\/webshop\/wp-json\/wp\/v2\/product_cat?post=9985"},{"taxonomy":"product_tag","embeddable":true,"href":"https:\/\/chilimag.hu\/webshop\/wp-json\/wp\/v2\/product_tag?post=9985"}],"curies":[{"name":"wp","href":"https:\/\/api.w.org\/{rel}","templated":true}]}}