{"id":9981,"date":"2020-11-29T06:56:17","date_gmt":"2020-11-29T06:56:17","guid":{"rendered":"https:\/\/chilimag.hu\/webshop\/?post_type=product&#038;p=9981"},"modified":"2026-03-23T19:52:28","modified_gmt":"2026-03-23T19:52:28","slug":"zlatava","status":"publish","type":"product","link":"https:\/\/chilimag.hu\/webshop\/termek\/zlatava\/","title":{"rendered":"Zlatava  Paradicsom B-S"},"content":{"rendered":"","protected":false},"excerpt":{"rendered":"<p><img decoding=\"async\" src=\"https:\/\/chilimag.hu\/webshop\/wp-content\/uploads\/2022\/10\/bobby-seeds-test-logo-150x150.png\" \/><\/p>\n<p>Term\u00e9kinform\u00e1ci\u00f3 &#8222;Tomato Zlatava&#8221;<\/p>\n<p>Szokatlanul vonz\u00f3 ritkas\u00e1g narancs sz\u00ednben<\/p>\n<p>A Zlatava egy szokatlan paradicsomritkas\u00e1g. A sz\u00e9p, sz\u00e1mos term\u00e9s \u00e9retten narancss\u00e1rga, bel\u00fcl piros sz\u00edn\u0171. Az \u00edzletes gy\u00fcm\u00f6lcs\u00f6k t\u00f6mege el\u00e9ri a 80-100 grammot. Sz\u00e1mos ellen\u00e1ll\u00e1ssal, t\u00f6bbek k\u00f6z\u00f6tt: A Zlatava szabadf\u00f6ldi termeszt\u00e9sre is alkalmas Fusarium \u00e9s v\u00edrusos betegs\u00e9gek ellen<\/p>\n<p>Lycopersicon lycopersicum<br \/>\nA betakar\u00edt\u00e1s j\u00falius k\u00f6zep\u00e9t\u0151l szeptemberig tart<br \/>\n1 adag k\u00f6r\u00fclbel\u00fcl 25 n\u00f6v\u00e9nyhez elegend\u0151<br \/>\nVet\u00e9s 20-25 \u00b0C-on febru\u00e1rt\u00f3l \u00e1prilisig, majd el\u0151teny\u00e9szt\u00e9s<\/p>\n<p>Paradicsom tipp:<br \/>\nSoha ne \u00f6nt\u00f6zze a n\u00f6v\u00e9nyeket csaphideg v\u00edzzel, a v\u00edznek legal\u00e1bb szobah\u0151m\u00e9rs\u00e9klet\u0171nek kell lennie. Mindig \u00fcgyeljen arra, hogy a levelek sz\u00e1razak maradjanak, hogy a paradicsom rothad\u00e1sa kisebb legyen.<\/p>\n<p>A csomag 10 szem magot tartalmaz<\/p>\n","protected":false},"featured_media":9982,"comment_status":"closed","ping_status":"closed","template":"","meta":[],"product_brand":[],"product_cat":[10],"product_tag":[],"class_list":{"0":"post-9981","1":"product","2":"type-product","3":"status-publish","4":"has-post-thumbnail","6":"product_cat-paradicsom","8":"first","9":"instock","10":"taxable","11":"shipping-taxable","12":"purchasable","13":"product-type-simple"},"_links":{"self":[{"href":"https:\/\/chilimag.hu\/webshop\/wp-json\/wp\/v2\/product\/9981","targetHints":{"allow":["GET"]}}],"collection":[{"href":"https:\/\/chilimag.hu\/webshop\/wp-json\/wp\/v2\/product"}],"about":[{"href":"https:\/\/chilimag.hu\/webshop\/wp-json\/wp\/v2\/types\/product"}],"replies":[{"embeddable":true,"href":"https:\/\/chilimag.hu\/webshop\/wp-json\/wp\/v2\/comments?post=9981"}],"wp:featuredmedia":[{"embeddable":true,"href":"https:\/\/chilimag.hu\/webshop\/wp-json\/wp\/v2\/media\/9982"}],"wp:attachment":[{"href":"https:\/\/chilimag.hu\/webshop\/wp-json\/wp\/v2\/media?parent=9981"}],"wp:term":[{"taxonomy":"product_brand","embeddable":true,"href":"https:\/\/chilimag.hu\/webshop\/wp-json\/wp\/v2\/product_brand?post=9981"},{"taxonomy":"product_cat","embeddable":true,"href":"https:\/\/chilimag.hu\/webshop\/wp-json\/wp\/v2\/product_cat?post=9981"},{"taxonomy":"product_tag","embeddable":true,"href":"https:\/\/chilimag.hu\/webshop\/wp-json\/wp\/v2\/product_tag?post=9981"}],"curies":[{"name":"wp","href":"https:\/\/api.w.org\/{rel}","templated":true}]}}