{"id":9813,"date":"2020-09-27T11:48:42","date_gmt":"2020-09-27T11:48:42","guid":{"rendered":"https:\/\/chilimag.hu\/webshop\/?post_type=product&#038;p=9813"},"modified":"2025-08-11T08:51:59","modified_gmt":"2025-08-11T08:51:59","slug":"jalapeno-traveler","status":"publish","type":"product","link":"https:\/\/chilimag.hu\/webshop\/termek\/jalapeno-traveler\/","title":{"rendered":"Jalapeno Traveler"},"content":{"rendered":"","protected":false},"excerpt":{"rendered":"<p><img decoding=\"async\" src=\"https:\/\/chilimag.hu\/webshop\/wp-content\/uploads\/2014\/11\/chilimag-logo-2-150x150.jpg\" \/><\/p>\n<p>&nbsp;<\/p>\n<p>Le\u00edr\u00e1s<\/p>\n<p>Capsicum annuum<\/p>\n<p>A Jalapeno Traveler a jalapeno paprika egyik fajt\u00e1ja, amelyet Larry Pierce, a Missouri \u00e1llambeli Cabool-b\u00f3l sz\u00e1rmaz\u00f3, Seed Savers Exchange-tag vezetett be. Az &#8222;Utaz\u00f3&#8221; becenevet kapta, miut\u00e1n Larry mag\u00e1val vitte ezt a magot, amikor t\u00f6bbsz\u00f6r is megmozdult az Egyes\u00fclt \u00c1llamokban. A n\u00f6v\u00e9nyek nagyon neh\u00e9z, \u00e1tlagosan 3 h\u00fcvelyk hossz\u00fas\u00e1g\u00fa hengeres gy\u00fcm\u00f6lcs\u00f6t hoznak. A ropog\u00f3s, vastag fal\u00fa jalapen\u00f3k k\u00f6zepes h\u0151fokkal rendelkeznek, \u00edgy szinte b\u00e1rmilyen recepthez t\u00f6k\u00e9letesek. A betakar\u00edt\u00e1s az \u00e1t\u00fcltet\u00e9s ut\u00e1n 70-90 nappal kezd\u0151dik.<\/p>\n<p>Scoville 40.000<\/p>\n<p>Gondoz\u00e1sa: A cs\u00edr\u00e1z\u00e1si h\u0151m\u00e9rs\u00e9klet 21 \u00e9s 28\u00b0C k\u00f6z\u00f6tt van (7-20 napos cs\u00edr\u00e1z\u00e1si id\u0151), ez\u00e9rt \u00fcvegh\u00e1z \u00e9s f\u0171t\u0151sz\u0151nyeg haszn\u00e1lata javasolt. A n\u00f6v\u00e9nyeknek friss, j\u00f3l tr\u00e1gy\u00e1zott, v\u00edz\u00e1tereszt\u0151 talajra van sz\u00fcks\u00e9g\u00fck, nem t\u0171rik a bevizesed\u00e9st. Napos, v\u00e9dett helyre kell \u00fcltetni, ahol legal\u00e1bb 6 \u00f3ra napf\u00e9ny \u2013 lehet\u0151leg t\u00f6bb. Tedd ki a n\u00f6v\u00e9nyeket kb. 2-3 h\u00e9ttel az utols\u00f3 fagy ut\u00e1n.A term\u00e9k 10 szem magot tartalmaz<\/p>\n<p>A csomag 10 szem magot tartalmaz<\/p>\n","protected":false},"featured_media":9814,"comment_status":"closed","ping_status":"closed","template":"","meta":[],"product_brand":[],"product_cat":[8],"product_tag":[],"class_list":{"0":"post-9813","1":"product","2":"type-product","3":"status-publish","4":"has-post-thumbnail","6":"product_cat-paprika","8":"first","9":"instock","10":"taxable","11":"shipping-taxable","12":"purchasable","13":"product-type-simple"},"_links":{"self":[{"href":"https:\/\/chilimag.hu\/webshop\/wp-json\/wp\/v2\/product\/9813","targetHints":{"allow":["GET"]}}],"collection":[{"href":"https:\/\/chilimag.hu\/webshop\/wp-json\/wp\/v2\/product"}],"about":[{"href":"https:\/\/chilimag.hu\/webshop\/wp-json\/wp\/v2\/types\/product"}],"replies":[{"embeddable":true,"href":"https:\/\/chilimag.hu\/webshop\/wp-json\/wp\/v2\/comments?post=9813"}],"wp:featuredmedia":[{"embeddable":true,"href":"https:\/\/chilimag.hu\/webshop\/wp-json\/wp\/v2\/media\/9814"}],"wp:attachment":[{"href":"https:\/\/chilimag.hu\/webshop\/wp-json\/wp\/v2\/media?parent=9813"}],"wp:term":[{"taxonomy":"product_brand","embeddable":true,"href":"https:\/\/chilimag.hu\/webshop\/wp-json\/wp\/v2\/product_brand?post=9813"},{"taxonomy":"product_cat","embeddable":true,"href":"https:\/\/chilimag.hu\/webshop\/wp-json\/wp\/v2\/product_cat?post=9813"},{"taxonomy":"product_tag","embeddable":true,"href":"https:\/\/chilimag.hu\/webshop\/wp-json\/wp\/v2\/product_tag?post=9813"}],"curies":[{"name":"wp","href":"https:\/\/api.w.org\/{rel}","templated":true}]}}