{"id":9811,"date":"2020-09-27T11:48:10","date_gmt":"2020-09-27T11:48:10","guid":{"rendered":"https:\/\/chilimag.hu\/webshop\/?post_type=product&#038;p=9811"},"modified":"2026-01-15T03:53:36","modified_gmt":"2026-01-15T03:53:36","slug":"purple-bell","status":"publish","type":"product","link":"https:\/\/chilimag.hu\/webshop\/termek\/purple-bell\/","title":{"rendered":"Purple Bell"},"content":{"rendered":"","protected":false},"excerpt":{"rendered":"<p><img decoding=\"async\" src=\"https:\/\/chilimag.hu\/webshop\/wp-content\/uploads\/2014\/11\/chilimag-logo-2-150x150.jpg\" \/><\/p>\n<p>&nbsp;<\/p>\n<p>Le\u00edr\u00e1s<\/p>\n<p>A Purple Bell egy arom\u00e1s, lila \u00e9des kaliforniai paprika, gy\u00f6ny\u00f6r\u0171 \u00e9s nagy t\u00f6mb\u00f6s gy\u00fcm\u00f6lcs\u00f6kkel. A paprika a z\u00f6ldt\u0151l a lil\u00e1n \u00e1t a pirosig \u00e9rik, de \u00e9retts\u00e9g\u00fck minden szakasz\u00e1ban fogyaszthat\u00f3, mik\u00f6zben pirosan fejl\u0151dik ki a leger\u0151sebb \u00e9dess\u00e9g. Alkalmas sal\u00e1t\u00e1khoz, p\u00f6rk\u00f6ltekhez, p\u00e1col\u00e1shoz, p\u00e1col\u00e1shoz \u00e9s k\u00fcl\u00f6n\u00f6sen j\u00f3 t\u00f6ltel\u00e9knek. A n\u00f6v\u00e9nyek viszonylag kicsik maradnak, ez\u00e9rt ez a fajta cserepes termeszt\u00e9sre is alkalmas.<\/p>\n<p>Gondoz\u00e1s: A cs\u00edr\u00e1z\u00e1si h\u0151m\u00e9rs\u00e9klet 22\u00b0C \u00e9s 28\u00b0C k\u00f6z\u00f6tt van (cs\u00edr\u00e1z\u00e1si id\u0151: 8-21 nap); ez\u00e9rt \u00fcvegh\u00e1z \u00e9s f\u0171t\u0151sz\u0151nyeg haszn\u00e1lata javasolt. A n\u00f6v\u00e9nyeknek friss, j\u00f3l tr\u00e1gy\u00e1zott, v\u00edz\u00e1tereszt\u0151 talajra van sz\u00fcks\u00e9g\u00fck, nem t\u0171rik a bevizesed\u00e9st. Napos, v\u00e9dett helyre kell \u00fcltetni, ahol legal\u00e1bb 6 \u00f3ra napf\u00e9ny \u2013 lehet\u0151leg t\u00f6bb. Tedd ki a n\u00f6v\u00e9nyeket kb. 2-3 h\u00e9ttel az utols\u00f3 fagy ut\u00e1n.<\/p>\n<p>Capsicum annuum t\u00edpus<br \/>\nF\u0171szerszint 0<br \/>\nScoville 0 SHU<br \/>\nOptim\u00e1lis cs\u00edr\u00e1z\u00e1si h\u0151m\u00e9rs\u00e9klet 22 &#8211; 28 \u00b0C<br \/>\nVet\u00e9s febr.-\u00e1pr<br \/>\nVir\u00e1gok feh\u00e9rek (m\u00e1jus-j\u00falius)<br \/>\nN\u00f6veked\u00e9si szok\u00e1s bokros, kb. 60 cm magas<br \/>\n\u00c9rlel\u00e9s z\u00f6ldt\u0151l lil\u00e1ig a v\u00f6r\u00f6sig<br \/>\nGy\u00fcm\u00f6lcs megjelen\u00e9se kock\u00e1s, 5 x 10 cm<br \/>\n\u00c9rlel\u00e9si id\u0151 65 nap<\/p>\n<p>A term\u00e9k 10 szem magot tartalmaz<\/p>\n","protected":false},"featured_media":9812,"comment_status":"closed","ping_status":"closed","template":"","meta":[],"product_brand":[],"product_cat":[8],"product_tag":[],"class_list":{"0":"post-9811","1":"product","2":"type-product","3":"status-publish","4":"has-post-thumbnail","6":"product_cat-paprika","8":"first","9":"outofstock","10":"taxable","11":"shipping-taxable","12":"purchasable","13":"product-type-simple"},"_links":{"self":[{"href":"https:\/\/chilimag.hu\/webshop\/wp-json\/wp\/v2\/product\/9811","targetHints":{"allow":["GET"]}}],"collection":[{"href":"https:\/\/chilimag.hu\/webshop\/wp-json\/wp\/v2\/product"}],"about":[{"href":"https:\/\/chilimag.hu\/webshop\/wp-json\/wp\/v2\/types\/product"}],"replies":[{"embeddable":true,"href":"https:\/\/chilimag.hu\/webshop\/wp-json\/wp\/v2\/comments?post=9811"}],"wp:featuredmedia":[{"embeddable":true,"href":"https:\/\/chilimag.hu\/webshop\/wp-json\/wp\/v2\/media\/9812"}],"wp:attachment":[{"href":"https:\/\/chilimag.hu\/webshop\/wp-json\/wp\/v2\/media?parent=9811"}],"wp:term":[{"taxonomy":"product_brand","embeddable":true,"href":"https:\/\/chilimag.hu\/webshop\/wp-json\/wp\/v2\/product_brand?post=9811"},{"taxonomy":"product_cat","embeddable":true,"href":"https:\/\/chilimag.hu\/webshop\/wp-json\/wp\/v2\/product_cat?post=9811"},{"taxonomy":"product_tag","embeddable":true,"href":"https:\/\/chilimag.hu\/webshop\/wp-json\/wp\/v2\/product_tag?post=9811"}],"curies":[{"name":"wp","href":"https:\/\/api.w.org\/{rel}","templated":true}]}}