{"id":9803,"date":"2020-09-27T11:46:08","date_gmt":"2020-09-27T11:46:08","guid":{"rendered":"https:\/\/chilimag.hu\/webshop\/?post_type=product&#038;p=9803"},"modified":"2026-02-03T12:33:44","modified_gmt":"2026-02-03T12:33:44","slug":"numex-las-cruces-cayenne","status":"publish","type":"product","link":"https:\/\/chilimag.hu\/webshop\/termek\/numex-las-cruces-cayenne\/","title":{"rendered":"Cayenne Las Cruces Numex"},"content":{"rendered":"","protected":false},"excerpt":{"rendered":"<p><img decoding=\"async\" src=\"https:\/\/chilimag.hu\/webshop\/wp-content\/uploads\/2014\/11\/chilimag-logo-2-150x150.jpg\" \/><\/p>\n<p>Le\u00edr\u00e1s<\/p>\n<p>Capsicum Annuum<br \/>\nScoville 20.000<\/p>\n<p>Ez a kedvenc cayenne- paprika A \u201eNuMex Las Cruces\u201d a k\u00e9t legjelent\u0151sebb fajta, a Large Red Thick \u00e9s a Mesilla, \u00daj-Mexik\u00f3 d\u00e9li r\u00e9sz\u00e9n termesztett hibridiz\u00e1ci\u00f3j\u00e1b\u00f3l sz\u00e1rmazik. A \u201eLarge Red Thick\u201d egy ny\u00edlt beporz\u00e1s\u00fa fajta, amelyet \u00daj-Mexik\u00f3 d\u00e9li r\u00e9sz\u00e9n kedvelnek korai \u00e9r\u00e9si ideje (\u224870 nap) miatt, \u00e9s nagy term\u00e9sei vannak. A \u201eMesilla\u201d egy magas hozam\u00fa, de k\u00e9s\u0151n \u00e9r\u0151 (\u224890 nap) F1 hibrid. A k\u00e9t sz\u00fcl\u0151t hibridiz\u00e1ltuk, hogy a \u201eLarge Red Thick\u201d korai \u00e9s nagy term\u00e9seit kombin\u00e1lj\u00e1k a \u201eMesilla\u201d magas term\u00e9s\u00e9vel. A hibridiz\u00e1ci\u00f3 sor\u00e1n a g\u00f6nd\u00f6r fels\u0151 rezisztencia szelekci\u00f3j\u00e1t nem tervezt\u00e9k. Az F2 ut\u00f3dokt\u00f3l kezdve egyetlen n\u00f6v\u00e9ny szelekci\u00f3t hajtottak v\u00e9gre fenot\u00edpusos ism\u00e9tl\u0151d\u0151 szelekci\u00f3val, t\u00f6rzsk\u00f6nyvi nemes\u00edt\u00e9ssel a korai, k\u00edv\u00e1nt term\u00e9sforma, valamint a m\u00e9ret, a hozam \u00e9s a cs\u00edr\u00e1z\u00e1s egyszer\u0171s\u00e9ge \u00e9rdek\u00e9ben. \u00d6t nemzed\u00e9knyi \u00f6nfejl\u0151d\u00e9s ut\u00e1n az egyetlen n\u00f6v\u00e9nyi szelekci\u00f3b\u00f3l, a New Mexico Breeding Line 03C477-4-b\u0151l sz\u00e1rmaz\u00f3 vet\u0151magot rovarbiztos ketrecekben szapor\u00edtott\u00e1k (Bosland, 1993). Ebb\u0151l a megn\u00f6vekedett magb\u00f3l \u201eNuMex Las Cruces\u201d lett, \u00e9s a k\u00f6vetkez\u0151 sz\u00e1nt\u00f3f\u00f6ldi k\u00eds\u00e9rletekben haszn\u00e1lt\u00e1k fel.<\/p>\n<p>Gondoz\u00e1sa: A cs\u00edr\u00e1z\u00e1si h\u0151m\u00e9rs\u00e9klet 22\u00b0C \u00e9s 28\u00b0C k\u00f6z\u00f6tt van (cs\u00edr\u00e1z\u00e1si id\u0151: 6-20 nap); ez\u00e9rt \u00fcvegh\u00e1z \u00e9s f\u0171t\u0151sz\u0151nyeg haszn\u00e1lata javasolt. A n\u00f6v\u00e9nyeknek friss, j\u00f3l tr\u00e1gy\u00e1zott v\u00edz\u00e1tereszt\u0151 talajra van sz\u00fcks\u00e9g\u00fck, \u00e9s nem szabad \u00e1ll\u00f3v\u00edzben hagyni. Napos, v\u00e9dett helyre kell helyezni, ahol legal\u00e1bb napi 6 \u00f3ra napf\u00e9ny \u00e9ri, ha nem t\u00f6bb. K\u00f6r\u00fclbel\u00fcl 2-3 h\u00e9ttel az utols\u00f3 fagy ut\u00e1n helyezze ki a n\u00f6v\u00e9nyeket a szabadba. Amikor a pal\u00e1nt\u00e1kat a szabadba \u00fclteti, \u00fcgyeljen arra, hogy az egyes n\u00f6v\u00e9nyek k\u00f6z\u00f6tt legal\u00e1bb 50-60 cm t\u00e1vols\u00e1g legyen. A f\u0151 betakar\u00edt\u00e1st k\u00f6r\u00fclbel\u00fcl 3 h\u00f3napos \u00e9r\u00e9si id\u0151 ut\u00e1n kell elv\u00e9gezni.<\/p>\n<p>A csomag 10 szem magot tartalmaz<\/p>\n","protected":false},"featured_media":9804,"comment_status":"closed","ping_status":"closed","template":"","meta":[],"product_brand":[],"product_cat":[8],"product_tag":[],"class_list":{"0":"post-9803","1":"product","2":"type-product","3":"status-publish","4":"has-post-thumbnail","6":"product_cat-paprika","8":"first","9":"outofstock","10":"taxable","11":"shipping-taxable","12":"purchasable","13":"product-type-simple"},"_links":{"self":[{"href":"https:\/\/chilimag.hu\/webshop\/wp-json\/wp\/v2\/product\/9803","targetHints":{"allow":["GET"]}}],"collection":[{"href":"https:\/\/chilimag.hu\/webshop\/wp-json\/wp\/v2\/product"}],"about":[{"href":"https:\/\/chilimag.hu\/webshop\/wp-json\/wp\/v2\/types\/product"}],"replies":[{"embeddable":true,"href":"https:\/\/chilimag.hu\/webshop\/wp-json\/wp\/v2\/comments?post=9803"}],"wp:featuredmedia":[{"embeddable":true,"href":"https:\/\/chilimag.hu\/webshop\/wp-json\/wp\/v2\/media\/9804"}],"wp:attachment":[{"href":"https:\/\/chilimag.hu\/webshop\/wp-json\/wp\/v2\/media?parent=9803"}],"wp:term":[{"taxonomy":"product_brand","embeddable":true,"href":"https:\/\/chilimag.hu\/webshop\/wp-json\/wp\/v2\/product_brand?post=9803"},{"taxonomy":"product_cat","embeddable":true,"href":"https:\/\/chilimag.hu\/webshop\/wp-json\/wp\/v2\/product_cat?post=9803"},{"taxonomy":"product_tag","embeddable":true,"href":"https:\/\/chilimag.hu\/webshop\/wp-json\/wp\/v2\/product_tag?post=9803"}],"curies":[{"name":"wp","href":"https:\/\/api.w.org\/{rel}","templated":true}]}}