{"id":9799,"date":"2020-09-27T11:45:07","date_gmt":"2020-09-27T11:45:07","guid":{"rendered":"https:\/\/chilimag.hu\/webshop\/?post_type=product&#038;p=9799"},"modified":"2026-02-23T17:28:33","modified_gmt":"2026-02-23T17:28:33","slug":"orange-wonder","status":"publish","type":"product","link":"https:\/\/chilimag.hu\/webshop\/termek\/orange-wonder\/","title":{"rendered":"Orange Wonder"},"content":{"rendered":"","protected":false},"excerpt":{"rendered":"<p><img decoding=\"async\" src=\"https:\/\/chilimag.hu\/webshop\/wp-content\/uploads\/2014\/11\/chilimag-logo-2-150x150.jpg\" \/><\/p>\n<p>&nbsp;<\/p>\n<p>Le\u00edr\u00e1s<\/p>\n<p>\u00c9l\u00e9nk narancss\u00e1rga sz\u00edn\u0171, gyeng\u00e9n cs\u00edp\u0151s \u00e9des \u00edz\u0171 gy\u00fcm\u00f6lcs\u00f6ket hoz. B\u00e1r a paprika z\u00f6lden fogyaszthat\u00f3, csak teljesen \u00e9rett \u00e1llapotban alakul ki maxim\u00e1lis vitamintartalma.<\/p>\n<p>A bokros n\u00f6v\u00e9nyek nagyon magas term\u00e9shozammal rendelkeznek. B\u00e1r a n\u00f6v\u00e9nyek nem adj\u00e1k a legnagyobb term\u00e9st, b\u0151ven k\u00e1rp\u00f3tolnak a sz\u00e1mmal \u00e9s a finom \u00edz\u00fckkel. Haszn\u00e1lhatja \u0151ket, ha narancss\u00e1rga vagy z\u00f6ld; fogyaszthat\u00f3k frissen sal\u00e1t\u00e1kba vagy sals\u00e1kba.<\/p>\n<p>Gondoz\u00e1s: A cs\u00edr\u00e1z\u00e1si h\u0151m\u00e9rs\u00e9klet 20\u00b0C \u00e9s 28\u00b0C k\u00f6z\u00f6tt van (cs\u00edr\u00e1z\u00e1si id\u0151: 7-18 nap); ez\u00e9rt \u00fcvegh\u00e1z \u00e9s f\u0171t\u0151sz\u0151nyeg haszn\u00e1lata javasolt. A n\u00f6v\u00e9nyeknek friss, j\u00f3l tr\u00e1gy\u00e1zott v\u00edz\u00e1tereszt\u0151 talajra van sz\u00fcks\u00e9g\u00fck, \u00e9s nem szabad \u00e1ll\u00f3v\u00edzben hagyni. Napos, v\u00e9dett helyre kell helyezni, ahol legal\u00e1bb napi 6 \u00f3ra napf\u00e9ny \u00e9ri, ha nem t\u00f6bb. \u00dcgyeljen arra, hogy \u00a0napos helyre tegye, amikor a szabadba \u00fclteti (csak az utols\u00f3 fagy ut\u00e1n). T\u00e9len tart\u00e1suk \u00e9rdek\u00e9ben a betakar\u00edt\u00e1s ut\u00e1n v\u00e1gja vissza 20 cm-rel, \u00e9s tegye cser\u00e9pbe, vil\u00e1gos helyre, ahol legal\u00e1bb 15\u00b0C h\u0151m\u00e9rs\u00e9klet\u0171.<\/p>\n<p>Capsicum Annuum<br \/>\nScoville 15.000<br \/>\nA term\u00e9k 10 szem magot tartalmaz<\/p>\n","protected":false},"featured_media":9800,"comment_status":"closed","ping_status":"closed","template":"","meta":[],"product_brand":[],"product_cat":[8],"product_tag":[],"class_list":{"0":"post-9799","1":"product","2":"type-product","3":"status-publish","4":"has-post-thumbnail","6":"product_cat-paprika","8":"first","9":"outofstock","10":"taxable","11":"shipping-taxable","12":"purchasable","13":"product-type-simple"},"_links":{"self":[{"href":"https:\/\/chilimag.hu\/webshop\/wp-json\/wp\/v2\/product\/9799","targetHints":{"allow":["GET"]}}],"collection":[{"href":"https:\/\/chilimag.hu\/webshop\/wp-json\/wp\/v2\/product"}],"about":[{"href":"https:\/\/chilimag.hu\/webshop\/wp-json\/wp\/v2\/types\/product"}],"replies":[{"embeddable":true,"href":"https:\/\/chilimag.hu\/webshop\/wp-json\/wp\/v2\/comments?post=9799"}],"wp:featuredmedia":[{"embeddable":true,"href":"https:\/\/chilimag.hu\/webshop\/wp-json\/wp\/v2\/media\/9800"}],"wp:attachment":[{"href":"https:\/\/chilimag.hu\/webshop\/wp-json\/wp\/v2\/media?parent=9799"}],"wp:term":[{"taxonomy":"product_brand","embeddable":true,"href":"https:\/\/chilimag.hu\/webshop\/wp-json\/wp\/v2\/product_brand?post=9799"},{"taxonomy":"product_cat","embeddable":true,"href":"https:\/\/chilimag.hu\/webshop\/wp-json\/wp\/v2\/product_cat?post=9799"},{"taxonomy":"product_tag","embeddable":true,"href":"https:\/\/chilimag.hu\/webshop\/wp-json\/wp\/v2\/product_tag?post=9799"}],"curies":[{"name":"wp","href":"https:\/\/api.w.org\/{rel}","templated":true}]}}