{"id":9796,"date":"2020-09-27T11:43:01","date_gmt":"2020-09-27T11:43:01","guid":{"rendered":"https:\/\/chilimag.hu\/webshop\/?post_type=product&#038;p=9796"},"modified":"2026-01-20T07:07:57","modified_gmt":"2026-01-20T07:07:57","slug":"sangria-chili","status":"publish","type":"product","link":"https:\/\/chilimag.hu\/webshop\/termek\/sangria-chili\/","title":{"rendered":"Sangria Chili"},"content":{"rendered":"","protected":false},"excerpt":{"rendered":"<p><img decoding=\"async\" src=\"https:\/\/chilimag.hu\/webshop\/wp-content\/uploads\/2014\/11\/chilimag-logo-2-150x150.jpg\" \/><\/p>\n<p>&nbsp;<\/p>\n<p>Le\u00edr\u00e1s<\/p>\n<p>Capsicum Annuum.<\/p>\n<p>Ez a nagyon kompakt, szuper sz\u00ednes chili paprika fajta leny\u0171g\u00f6z\u0151en sz\u00e9p.F\u0151leg dekor\u00e1ci\u00f3s c\u00e9lokra haszn\u00e1lj\u00e1k, de val\u00f3j\u00e1ban meglehet\u0151sen kellemes \u00edze van enyhe h\u0151fok\u00e1val, ami ide\u00e1liss\u00e1 teszi sal\u00e1t\u00e1khoz stb.<\/p>\n<p>Nagyon kompakt m\u00e9ret, m\u00e9g a kis ed\u00e9nyek is csod\u00e1latos, \u00e9l\u00e9nk sz\u00ednekkel lesznek tele.<\/p>\n<p>Gondoz\u00e1sa:A cs\u00edr\u00e1z\u00e1si h\u0151m\u00e9rs\u00e9klet 22\u00b0C \u00e9s 28\u00b0C k\u00f6z\u00f6tt van (cs\u00edr\u00e1z\u00e1si id\u0151: 8-20 nap); ez\u00e9rt \u00fcvegh\u00e1z \u00e9s f\u0171t\u0151sz\u0151nyeg haszn\u00e1lata javasolt. A n\u00f6v\u00e9nyeknek friss, j\u00f3l tr\u00e1gy\u00e1zott v\u00edz\u00e1tereszt\u0151 talajra van sz\u00fcks\u00e9g\u00fck, \u00e9s nem szabad \u00e1ll\u00f3v\u00edzben hagyni. Napos, v\u00e9dett helyre kell helyezni, ahol legal\u00e1bb napi 6 \u00f3ra napf\u00e9ny \u00e9ri, ha nem t\u00f6bb. A n\u00f6v\u00e9nyek kihelyez\u00e9s\u00e9nek legkor\u00e1bbi id\u0151pontja az utols\u00f3 fagy ut\u00e1n 2-3 h\u00e9t. A n\u00f6v\u00e9nyeket eg\u00e9sz t\u00e9len k\u00f6nny\u0171 gondozni, ha cser\u00e9pben termesztik \u0151ket. El\u0151fordulhat, hogy kiss\u00e9 vissza kell v\u00e1gni, \u00e9s vil\u00e1gos helyre kell tenni, ahol legal\u00e1bb 15\u00b0C h\u0151m\u00e9rs\u00e9klet\u0171.<\/p>\n<p>Scoville 12.000<br \/>\nA csomag 10 szem magot tartalmaz<\/p>\n","protected":false},"featured_media":9797,"comment_status":"closed","ping_status":"closed","template":"","meta":[],"product_brand":[],"product_cat":[8],"product_tag":[],"class_list":{"0":"post-9796","1":"product","2":"type-product","3":"status-publish","4":"has-post-thumbnail","6":"product_cat-paprika","8":"first","9":"outofstock","10":"taxable","11":"shipping-taxable","12":"purchasable","13":"product-type-simple"},"_links":{"self":[{"href":"https:\/\/chilimag.hu\/webshop\/wp-json\/wp\/v2\/product\/9796","targetHints":{"allow":["GET"]}}],"collection":[{"href":"https:\/\/chilimag.hu\/webshop\/wp-json\/wp\/v2\/product"}],"about":[{"href":"https:\/\/chilimag.hu\/webshop\/wp-json\/wp\/v2\/types\/product"}],"replies":[{"embeddable":true,"href":"https:\/\/chilimag.hu\/webshop\/wp-json\/wp\/v2\/comments?post=9796"}],"wp:featuredmedia":[{"embeddable":true,"href":"https:\/\/chilimag.hu\/webshop\/wp-json\/wp\/v2\/media\/9797"}],"wp:attachment":[{"href":"https:\/\/chilimag.hu\/webshop\/wp-json\/wp\/v2\/media?parent=9796"}],"wp:term":[{"taxonomy":"product_brand","embeddable":true,"href":"https:\/\/chilimag.hu\/webshop\/wp-json\/wp\/v2\/product_brand?post=9796"},{"taxonomy":"product_cat","embeddable":true,"href":"https:\/\/chilimag.hu\/webshop\/wp-json\/wp\/v2\/product_cat?post=9796"},{"taxonomy":"product_tag","embeddable":true,"href":"https:\/\/chilimag.hu\/webshop\/wp-json\/wp\/v2\/product_tag?post=9796"}],"curies":[{"name":"wp","href":"https:\/\/api.w.org\/{rel}","templated":true}]}}