{"id":9786,"date":"2020-09-27T11:37:05","date_gmt":"2020-09-27T11:37:05","guid":{"rendered":"https:\/\/chilimag.hu\/webshop\/?post_type=product&#038;p=9786"},"modified":"2025-09-23T12:10:11","modified_gmt":"2025-09-23T12:10:11","slug":"dragonss-breath-stinger","status":"publish","type":"product","link":"https:\/\/chilimag.hu\/webshop\/termek\/dragonss-breath-stinger\/","title":{"rendered":"Dragon&#8217;s Breath Stinger"},"content":{"rendered":"","protected":false},"excerpt":{"rendered":"<p><img decoding=\"async\" src=\"https:\/\/chilimag.hu\/webshop\/wp-content\/uploads\/2014\/11\/chilimag-logo-2-150x150.jpg\" \/><\/p>\n<p>Le\u00edr\u00e1s<\/p>\n<p>Az extr\u00e9m cs\u00edp\u0151ss\u00e9g\u00e9r\u0151l ismert Dragon\u2019s Breath borsot Mike Smith, egy farmer \u00e9s n\u00f6v\u00e9nytermeszt\u0151 alkotta Walesben. Ez a paprika a vil\u00e1g egyik legcs\u00edp\u0151sebb paprik\u00e1ja c\u00edmet viseli, h\u0151s\u00e9g\u00e9ben m\u00e9g a Carolina Reaper-t is megel\u0151zi. A Dragon\u2019s Breath paprika intenz\u00edv h\u0151j\u00e9t t\u00f6bb mint 2,48 milli\u00f3 Scoville h\u0151egys\u00e9gben m\u00e9rik, \u00edgy igazi versenyz\u0151 a szuper cs\u00edp\u0151s paprika vil\u00e1g\u00e1ban.<br \/>\nMike Smith egy olyan kutat\u00e1si projekt r\u00e9szek\u00e9nt fejlesztette ki a Dragon\u2019s Breath borsot, amelynek c\u00e9lja egy \u00f6nv\u00e9delemre haszn\u00e1lhat\u00f3 paprika spray l\u00e9trehoz\u00e1sa volt. A paprika h\u0151foka olyan er\u0151s, hogy zsibbad\u00e1st, s\u0151t l\u00e9gz\u00e9si probl\u00e9m\u00e1kat is okozhat, ha \u00f3vatosan fogyasztj\u00e1k. Rendk\u00edv\u00fcl f\u0171szeress\u00e9ge ellen\u00e9re a Dragon\u2019s Breath paprika n\u00e9pszer\u0171v\u00e9 v\u00e1lt a chili-rajong\u00f3k \u00e9s azok k\u00f6r\u00e9ben, akik a v\u00e9gs\u0151 f\u0171szeres kulin\u00e1ris \u00e9lm\u00e9nyre v\u00e1gynak.<\/p>\n<p>Capsicum Chinense<br \/>\nScoville 2 480.000<\/p>\n<p>Gondoz\u00e1sa:A cs\u00edr\u00e1z\u00e1si h\u0151m\u00e9rs\u00e9klet 22\u00b0C \u00e9s 28\u00b0C k\u00f6z\u00f6tt van (cs\u00edr\u00e1z\u00e1si id\u0151: 8-21 nap); ez\u00e9rt \u00fcvegh\u00e1z \u00e9s f\u0171t\u0151sz\u0151nyeg haszn\u00e1lata javasolt. A n\u00f6v\u00e9nyeknek friss, j\u00f3l tr\u00e1gy\u00e1zott, v\u00edz\u00e1tereszt\u0151 talajra van sz\u00fcks\u00e9g\u00fck, nem t\u0171rik a bevizesed\u00e9st. Napos, v\u00e9dett helyre \u00fcltess\u00fck, ahol legal\u00e1bb 6 \u00f3ra \u2013 lehet\u0151leg t\u00f6bb \u2013 napf\u00e9ny \u00e9ri. Tedd ki a n\u00f6v\u00e9nyeket kb. 2-3 h\u00e9ttel az utols\u00f3 fagy ut\u00e1n. Mivel a n\u00f6v\u00e9nyeknek k\u00fcl\u00f6n\u00f6sen hossz\u00fa az \u00e9r\u00e9si ideje, \u00e9rdemes cser\u00e9pben termeszteni \u0151ket, \u00edgy a napk\u00f6zbeni h\u0151m\u00e9rs\u00e9klet 12\u00b0C al\u00e1 s\u00fcllyed\u00e9sekor k\u00f6nnyen be lehet vinni a n\u00f6v\u00e9nyt, \u00edgy minden gy\u00fcm\u00f6lcs be\u00e9rik. Ahhoz, hogy a n\u00f6v\u00e9nyt t\u00e9len is meg\u0151rizze, betakar\u00edt\u00e1s ut\u00e1n v\u00e1gja vissza 20 cm-rel, \u00e9s tegye vil\u00e1gos helyre, ahol legal\u00e1bb 15\u00b0C h\u0151m\u00e9rs\u00e9klet\u0171.<\/p>\n<p>A csomag 10 szem magot tartalmaz<\/p>\n","protected":false},"featured_media":9787,"comment_status":"closed","ping_status":"closed","template":"","meta":[],"product_brand":[],"product_cat":[8],"product_tag":[],"class_list":{"0":"post-9786","1":"product","2":"type-product","3":"status-publish","4":"has-post-thumbnail","6":"product_cat-paprika","8":"first","9":"outofstock","10":"taxable","11":"shipping-taxable","12":"purchasable","13":"product-type-simple"},"_links":{"self":[{"href":"https:\/\/chilimag.hu\/webshop\/wp-json\/wp\/v2\/product\/9786","targetHints":{"allow":["GET"]}}],"collection":[{"href":"https:\/\/chilimag.hu\/webshop\/wp-json\/wp\/v2\/product"}],"about":[{"href":"https:\/\/chilimag.hu\/webshop\/wp-json\/wp\/v2\/types\/product"}],"replies":[{"embeddable":true,"href":"https:\/\/chilimag.hu\/webshop\/wp-json\/wp\/v2\/comments?post=9786"}],"wp:featuredmedia":[{"embeddable":true,"href":"https:\/\/chilimag.hu\/webshop\/wp-json\/wp\/v2\/media\/9787"}],"wp:attachment":[{"href":"https:\/\/chilimag.hu\/webshop\/wp-json\/wp\/v2\/media?parent=9786"}],"wp:term":[{"taxonomy":"product_brand","embeddable":true,"href":"https:\/\/chilimag.hu\/webshop\/wp-json\/wp\/v2\/product_brand?post=9786"},{"taxonomy":"product_cat","embeddable":true,"href":"https:\/\/chilimag.hu\/webshop\/wp-json\/wp\/v2\/product_cat?post=9786"},{"taxonomy":"product_tag","embeddable":true,"href":"https:\/\/chilimag.hu\/webshop\/wp-json\/wp\/v2\/product_tag?post=9786"}],"curies":[{"name":"wp","href":"https:\/\/api.w.org\/{rel}","templated":true}]}}