{"id":9784,"date":"2020-09-27T11:36:32","date_gmt":"2020-09-27T11:36:32","guid":{"rendered":"https:\/\/chilimag.hu\/webshop\/?post_type=product&#038;p=9784"},"modified":"2026-01-12T19:33:50","modified_gmt":"2026-01-12T19:33:50","slug":"habanero-franciska","status":"publish","type":"product","link":"https:\/\/chilimag.hu\/webshop\/termek\/habanero-franciska\/","title":{"rendered":"Habanero Francisca"},"content":{"rendered":"","protected":false},"excerpt":{"rendered":"<p><img decoding=\"async\" src=\"https:\/\/chilimag.hu\/webshop\/wp-content\/uploads\/2014\/11\/chilimag-logo-2-150x150.jpg\" \/><\/p>\n<p>&nbsp;<\/p>\n<p>Le\u00edr\u00e1s<\/p>\n<p>A Habanero Francisca Orange Chili egy nagyon nagy fajta, melynek n\u00f6v\u00e9nyei nagy narancss\u00e1rga gy\u00fcm\u00f6lcs\u00f6k t\u00f6meg\u00e9t hoznak l\u00e9tre. Ugyanarr\u00f3l a farmr\u00f3l teny\u00e9sztik, mint a h\u00edres Habanero Red Savina, \u00e9s hihetetlen melege van. A n\u00f6v\u00e9nyek viszonylag robusztusak, a chili pedig tart\u00f3sabb, mint m\u00e1s fajt\u00e1k. A Habanerosra jellemz\u0151 m\u00f3don gy\u00fcm\u00f6lcs\u00f6s \u00edz\u0171ek \u00e9s l\u00e9d\u00fas falak. A konyh\u00e1ban jellemz\u0151en sz\u00f3szok, p\u00e1cok k\u00e9sz\u00edt\u00e9s\u00e9re haszn\u00e1lj\u00e1k, de v\u00e9kony gy\u00fcm\u00f6lcsfaluk miatt sz\u00e1r\u00edt\u00e1sra, chilipor k\u00e9sz\u00edt\u00e9s\u00e9re is alkalmasak.<\/p>\n<p>\u00c1ltal\u00e1nos inform\u00e1ci\u00f3: A Habanero fajta val\u00f3sz\u00edn\u0171leg a mexik\u00f3i Yucatan r\u00e9gi\u00f3b\u00f3l sz\u00e1rmazik. M\u00edg a &#8222;Habanero&#8221; n\u00e9v angolul azt jelenti: &#8222;Havann\u00e1b\u00f3l&#8221;, Kub\u00e1ban csak alkalmank\u00e9nt tal\u00e1lhat\u00f3k meg. M\u00e9g mindig f\u0151k\u00e9nt a Yucat\u00e1n-f\u00e9lszigeten termesztik, b\u00e1r ott t\u00falnyom\u00f3r\u00e9szt narancss\u00e1rga \u00e9s s\u00e1rga Habanero fajt\u00e1k. A v\u00f6r\u00f6s fajt\u00e1k t\u00f6bbnyire a Karib-t\u00e9rs\u00e9gb\u0151l vagy az USA d\u00e9li \u00e1llamaib\u00f3l sz\u00e1rmaznak.<\/p>\n<p>Gondoz\u00e1sa: A cs\u00edr\u00e1z\u00e1si h\u0151m\u00e9rs\u00e9klet 22 \u00e9s 28\u00b0C k\u00f6z\u00f6tt van (8-20 napos cs\u00edr\u00e1z\u00e1si id\u0151), ez\u00e9rt \u00fcvegh\u00e1z \u00e9s f\u0171t\u0151sz\u0151nyeg haszn\u00e1lata javasolt. A n\u00f6v\u00e9nyeknek friss, j\u00f3l tr\u00e1gy\u00e1zott, v\u00edz\u00e1tereszt\u0151 talajra van sz\u00fcks\u00e9g\u00fck, nem t\u0171rik a bevizesed\u00e9st. Napos, v\u00e9dett helyre kell \u00fcltetni, ahol legal\u00e1bb 6 \u00f3ra napf\u00e9ny \u2013 lehet\u0151leg t\u00f6bb. Tedd ki a n\u00f6v\u00e9nyeket kb. 2-3 h\u00e9ttel az utols\u00f3 fagy ut\u00e1n.<\/p>\n<p>T\u00edpus: Capsicum chinense<br \/>\nF\u0171t\u00e9si szint 10+<br \/>\nScoville 200 000 &#8211; 800 000 SHU<br \/>\noptim\u00e1lis cs\u00edr\u00e1z\u00e1si h\u0151m\u00e9rs\u00e9klet 22 &#8211; 28 \u00b0C<br \/>\nVet\u00e9s jan. &#8211; \u00e1pr.<br \/>\nVir\u00e1gok feh\u00e9rek (m\u00e1jus-j\u00falius)<br \/>\nN\u00f6v\u00e9nyn\u00f6veked\u00e9si szok\u00e1s bokros, kb. 100 cm magas<br \/>\nZ\u00f6ldt\u0151l narancss\u00e1rg\u00e1ig \u00e9rik<br \/>\nGy\u00fcm\u00f6lcs megjelen\u00e9se enyh\u00e9n hajtogatott, kb. 4 x 6 cm<br \/>\n\u00c9r\u00e9si id\u0151 90 nap<br \/>\nSz\u00e1rmaz\u00e1si hely USA<br \/>\nA csomag 10 szem magot tartalmaz<\/p>\n","protected":false},"featured_media":9785,"comment_status":"closed","ping_status":"closed","template":"","meta":[],"product_brand":[],"product_cat":[8],"product_tag":[],"class_list":{"0":"post-9784","1":"product","2":"type-product","3":"status-publish","4":"has-post-thumbnail","6":"product_cat-paprika","8":"first","9":"outofstock","10":"taxable","11":"shipping-taxable","12":"purchasable","13":"product-type-simple"},"_links":{"self":[{"href":"https:\/\/chilimag.hu\/webshop\/wp-json\/wp\/v2\/product\/9784","targetHints":{"allow":["GET"]}}],"collection":[{"href":"https:\/\/chilimag.hu\/webshop\/wp-json\/wp\/v2\/product"}],"about":[{"href":"https:\/\/chilimag.hu\/webshop\/wp-json\/wp\/v2\/types\/product"}],"replies":[{"embeddable":true,"href":"https:\/\/chilimag.hu\/webshop\/wp-json\/wp\/v2\/comments?post=9784"}],"wp:featuredmedia":[{"embeddable":true,"href":"https:\/\/chilimag.hu\/webshop\/wp-json\/wp\/v2\/media\/9785"}],"wp:attachment":[{"href":"https:\/\/chilimag.hu\/webshop\/wp-json\/wp\/v2\/media?parent=9784"}],"wp:term":[{"taxonomy":"product_brand","embeddable":true,"href":"https:\/\/chilimag.hu\/webshop\/wp-json\/wp\/v2\/product_brand?post=9784"},{"taxonomy":"product_cat","embeddable":true,"href":"https:\/\/chilimag.hu\/webshop\/wp-json\/wp\/v2\/product_cat?post=9784"},{"taxonomy":"product_tag","embeddable":true,"href":"https:\/\/chilimag.hu\/webshop\/wp-json\/wp\/v2\/product_tag?post=9784"}],"curies":[{"name":"wp","href":"https:\/\/api.w.org\/{rel}","templated":true}]}}