{"id":9778,"date":"2020-09-27T11:34:58","date_gmt":"2020-09-27T11:34:58","guid":{"rendered":"https:\/\/chilimag.hu\/webshop\/?post_type=product&#038;p=9778"},"modified":"2025-08-11T08:08:25","modified_gmt":"2025-08-11T08:08:25","slug":"chimayo","status":"publish","type":"product","link":"https:\/\/chilimag.hu\/webshop\/termek\/chimayo\/","title":{"rendered":"Chimayo"},"content":{"rendered":"","protected":false},"excerpt":{"rendered":"<p><img decoding=\"async\" src=\"https:\/\/chilimag.hu\/webshop\/wp-content\/uploads\/2014\/11\/chilimag-logo-2-150x150.jpg\" \/><\/p>\n<p>Le\u00edr\u00e1s<\/p>\n<p>A Chimayo Chili \u00daj-Mexik\u00f3b\u00f3l sz\u00e1rmazik, \u00e9s 400 \u00e9vvel ezel\u0151tt teny\u00e9sztett\u00e9k ki a h\u0171v\u00f6sebb tengerszint feletti magass\u00e1gra sz\u00e1nt hegyi fajtak\u00e9nt. Ez\u00e9rt el\u00e9g j\u00f3l megbirk\u00f3zik k\u00f6z\u00e9p-eur\u00f3pai kl\u00edm\u00e1nkkal. A n\u00f6v\u00e9nyek cserj\u00e9sesek, a chili ak\u00e1r 12 cm hossz\u00fa is, \u00e9s v\u00f6r\u00f6s jalapen\u00f3hoz hasonl\u00edt. A m\u00e9rs\u00e9kelt meleghez k\u00e9pest kiv\u00e1l\u00f3 \u00edze miatt n\u00e9pszer\u0171. Hagyom\u00e1nyosan sz\u00e1r\u00edtj\u00e1k, \u00e9s olyan porr\u00e1 \u0151rlik, amely kev\u00e9sb\u00e9 keser\u0171, mint a t\u00f6bbi chilipor, de \u00e9rdekesebb az \u00edze. P\u00e1col\u00e1shoz, t\u00f6ltel\u00e9khez \u00e9s grillez\u00e9shez is alkalmas.<\/p>\n<p>Gondoz\u00e1sa: A cs\u00edr\u00e1z\u00e1si h\u0151m\u00e9rs\u00e9klet 22\u00b0C \u00e9s 28\u00b0C k\u00f6z\u00f6tt van (cs\u00edr\u00e1z\u00e1si id\u0151: 8-21 nap); ez\u00e9rt \u00fcvegh\u00e1z \u00e9s f\u0171t\u0151sz\u0151nyeg haszn\u00e1lata javasolt. A n\u00f6v\u00e9nyeknek friss, j\u00f3l tr\u00e1gy\u00e1zott, v\u00edz\u00e1tereszt\u0151 talajra van sz\u00fcks\u00e9g\u00fck, nem t\u0171rik a bevizesed\u00e9st. Napos, v\u00e9dett helyre \u00fcltess\u00fck, ahol legal\u00e1bb 6 \u00f3ra \u2013 lehet\u0151leg t\u00f6bb \u2013 napf\u00e9ny \u00e9ri. Tedd ki a n\u00f6v\u00e9nyeket kb. 2-3 h\u00e9ttel az utols\u00f3 fagy ut\u00e1n.<\/p>\n<p>Capsicum annuum t\u00edpus<br \/>\nF\u0171szerfok 5<br \/>\nScoville 1500 &#8211; 5000 SHU<br \/>\nOptim\u00e1lis cs\u00edr\u00e1z\u00e1si h\u0151m\u00e9rs\u00e9klet 22 &#8211; 28 \u00b0C<br \/>\nVet\u00e9s jan-\u00e1pr<br \/>\nVir\u00e1gok feh\u00e9r (m\u00e1jus-augusztus)<br \/>\nN\u00f6veked\u00e9si szok\u00e1sa bokros, kb. 75 cm magas<br \/>\n\u00c9rlel\u00e9s z\u00f6ldr\u0151l v\u00f6r\u00f6sre<br \/>\nGy\u00fcm\u00f6lcs megjelen\u00e9se Jalapeno alak\u00fa, kb. 6 cm hossz\u00fa<br \/>\n\u00c9rlel\u00e9si id\u0151 80-95 nap<br \/>\nSz\u00e1rmaz\u00e1si hely: USA, \u00daj-Mexik\u00f3<\/p>\n<p>A csomag 10 szem magot tartalmaz<\/p>\n","protected":false},"featured_media":9779,"comment_status":"closed","ping_status":"closed","template":"","meta":[],"product_brand":[],"product_cat":[8],"product_tag":[],"class_list":{"0":"post-9778","1":"product","2":"type-product","3":"status-publish","4":"has-post-thumbnail","6":"product_cat-paprika","8":"first","9":"instock","10":"taxable","11":"shipping-taxable","12":"purchasable","13":"product-type-simple"},"_links":{"self":[{"href":"https:\/\/chilimag.hu\/webshop\/wp-json\/wp\/v2\/product\/9778","targetHints":{"allow":["GET"]}}],"collection":[{"href":"https:\/\/chilimag.hu\/webshop\/wp-json\/wp\/v2\/product"}],"about":[{"href":"https:\/\/chilimag.hu\/webshop\/wp-json\/wp\/v2\/types\/product"}],"replies":[{"embeddable":true,"href":"https:\/\/chilimag.hu\/webshop\/wp-json\/wp\/v2\/comments?post=9778"}],"wp:featuredmedia":[{"embeddable":true,"href":"https:\/\/chilimag.hu\/webshop\/wp-json\/wp\/v2\/media\/9779"}],"wp:attachment":[{"href":"https:\/\/chilimag.hu\/webshop\/wp-json\/wp\/v2\/media?parent=9778"}],"wp:term":[{"taxonomy":"product_brand","embeddable":true,"href":"https:\/\/chilimag.hu\/webshop\/wp-json\/wp\/v2\/product_brand?post=9778"},{"taxonomy":"product_cat","embeddable":true,"href":"https:\/\/chilimag.hu\/webshop\/wp-json\/wp\/v2\/product_cat?post=9778"},{"taxonomy":"product_tag","embeddable":true,"href":"https:\/\/chilimag.hu\/webshop\/wp-json\/wp\/v2\/product_tag?post=9778"}],"curies":[{"name":"wp","href":"https:\/\/api.w.org\/{rel}","templated":true}]}}