{"id":9776,"date":"2020-09-27T11:34:29","date_gmt":"2020-09-27T11:34:29","guid":{"rendered":"https:\/\/chilimag.hu\/webshop\/?post_type=product&#038;p=9776"},"modified":"2026-02-07T00:30:57","modified_gmt":"2026-02-07T00:30:57","slug":"cheiro-roxa","status":"publish","type":"product","link":"https:\/\/chilimag.hu\/webshop\/termek\/cheiro-roxa\/","title":{"rendered":"Cheiro Roxa"},"content":{"rendered":"","protected":false},"excerpt":{"rendered":"<p><img decoding=\"async\" src=\"https:\/\/chilimag.hu\/webshop\/wp-content\/uploads\/2014\/11\/chilimag-logo-2-150x150.jpg\" \/><\/p>\n<p>Le\u00edr\u00e1s<\/p>\n<p>A Cheiro Roxa Chili egy nagyon csinos, szokatlan chili fajta Braz\u00edli\u00e1b\u00f3l. Gy\u00fcm\u00f6lcsei l\u00e1mpa form\u00e1j\u00faak, gy\u00f6ny\u00f6r\u0171 lazacsz\u00ednek j\u00e1t\u00e9ka vil\u00e1gos lila\/r\u00f3zsa bevonattal. Gy\u00fcm\u00f6lcs\u00f6sek \u00e9s \u00edzesek is, \u00e9s intenz\u00edv meleg\u00fck van. A sz\u00e1r \u00e9s a levelek n\u00e9ha enyh\u00e9n ibolya \u00e1rnyalat\u00faak. A chili f\u0171szerez\u00e9sre, t\u00f6ltel\u00e9kre, savany\u00edt\u00e1sra \u00e9s cs\u00edp\u0151s sz\u00f3szok k\u00e9sz\u00edt\u00e9s\u00e9re alkalmas.<\/p>\n<p>Gondoz\u00e1sa:A cs\u00edr\u00e1z\u00e1si h\u0151m\u00e9rs\u00e9klet 21 \u00e9s 28\u00b0C k\u00f6z\u00f6tt van (8-21 napos cs\u00edr\u00e1z\u00e1si id\u0151szak), ez\u00e9rt \u00fcvegh\u00e1z \u00e9s f\u0171t\u0151sz\u0151nyeg haszn\u00e1lata javasolt. A n\u00f6v\u00e9nyeknek friss, j\u00f3l tr\u00e1gy\u00e1zott, v\u00edz\u00e1tereszt\u0151 talajra van sz\u00fcks\u00e9g\u00fck, nem t\u0171rik a bevizesed\u00e9st. Napos, v\u00e9dett helyre \u00fcltess\u00fck, ahol legal\u00e1bb 6 \u00f3ra \u2013 lehet\u0151leg t\u00f6bb \u2013 napf\u00e9ny \u00e9ri. Tedd ki a n\u00f6v\u00e9nyeket kb. 2-3 h\u00e9ttel az utols\u00f3 fagy ut\u00e1n.<\/p>\n<p>T\u00edpus: Capsicum chinense<br \/>\nF\u0171szeress\u00e9gi szint 9<br \/>\nScoville 50 000 &#8211; 100 000 SHU<br \/>\noptim\u00e1lis cs\u00edr\u00e1z\u00e1si h\u0151m\u00e9rs\u00e9klet 21 &#8211; 28 \u00b0C<br \/>\nVet\u00e9s jan. &#8211; \u00e1pr.<br \/>\nVir\u00e1gok feh\u00e9rek (m\u00e1jus-j\u00falius)<br \/>\nN\u00f6v\u00e9nyn\u00f6veked\u00e9si szok\u00e1s bokros, kb. 75-100 cm magas<br \/>\n\u00c9r\u00e9s grennt\u0151l lazacig\/iboly\u00e1ig<br \/>\nGy\u00fcm\u00f6lcs megjelen\u00e9se l\u00e1mpa alak\u00fa, kb. 3 x 5 cm<br \/>\n\u00c9r\u00e9si id\u0151 90 nap<br \/>\nSz\u00e1rmaz\u00e1si hely Braz\u00edlia<\/p>\n<p>A csomag 10 szem magot tartalmaz<\/p>\n","protected":false},"featured_media":9777,"comment_status":"closed","ping_status":"closed","template":"","meta":[],"product_brand":[],"product_cat":[8],"product_tag":[],"class_list":{"0":"post-9776","1":"product","2":"type-product","3":"status-publish","4":"has-post-thumbnail","6":"product_cat-paprika","8":"first","9":"outofstock","10":"taxable","11":"shipping-taxable","12":"purchasable","13":"product-type-simple"},"_links":{"self":[{"href":"https:\/\/chilimag.hu\/webshop\/wp-json\/wp\/v2\/product\/9776","targetHints":{"allow":["GET"]}}],"collection":[{"href":"https:\/\/chilimag.hu\/webshop\/wp-json\/wp\/v2\/product"}],"about":[{"href":"https:\/\/chilimag.hu\/webshop\/wp-json\/wp\/v2\/types\/product"}],"replies":[{"embeddable":true,"href":"https:\/\/chilimag.hu\/webshop\/wp-json\/wp\/v2\/comments?post=9776"}],"wp:featuredmedia":[{"embeddable":true,"href":"https:\/\/chilimag.hu\/webshop\/wp-json\/wp\/v2\/media\/9777"}],"wp:attachment":[{"href":"https:\/\/chilimag.hu\/webshop\/wp-json\/wp\/v2\/media?parent=9776"}],"wp:term":[{"taxonomy":"product_brand","embeddable":true,"href":"https:\/\/chilimag.hu\/webshop\/wp-json\/wp\/v2\/product_brand?post=9776"},{"taxonomy":"product_cat","embeddable":true,"href":"https:\/\/chilimag.hu\/webshop\/wp-json\/wp\/v2\/product_cat?post=9776"},{"taxonomy":"product_tag","embeddable":true,"href":"https:\/\/chilimag.hu\/webshop\/wp-json\/wp\/v2\/product_tag?post=9776"}],"curies":[{"name":"wp","href":"https:\/\/api.w.org\/{rel}","templated":true}]}}