{"id":9774,"date":"2020-09-27T11:33:46","date_gmt":"2020-09-27T11:33:46","guid":{"rendered":"https:\/\/chilimag.hu\/webshop\/?post_type=product&#038;p=9774"},"modified":"2026-01-10T22:16:51","modified_gmt":"2026-01-10T22:16:51","slug":"cayenne-choco","status":"publish","type":"product","link":"https:\/\/chilimag.hu\/webshop\/termek\/cayenne-choco\/","title":{"rendered":"Cayenne Choco"},"content":{"rendered":"","protected":false},"excerpt":{"rendered":"<p><img decoding=\"async\" src=\"https:\/\/chilimag.hu\/webshop\/wp-content\/uploads\/2014\/11\/chilimag-logo-2-150x150.jpg\" \/><\/p>\n<p>Le\u00edr\u00e1s<\/p>\n<p>A Cayenne Chocolate Chili a piros, klasszikus Cayenne Chili barna fajt\u00e1ja. A cayenne chili paprika az egyik legelterjedtebb chilifajta a vil\u00e1gon, \u00e9s igazi klasszikus a f\u0171szertart\u00f3n. A n\u00f6v\u00e9nyek bokrosodnak, \u00e9s sok barna \u00e9r\u00e9st produk\u00e1lnak, kb. 10-12 cm hossz\u00fa h\u00fcvelyek. A meleg\u00fck meglehet\u0151sen enyhe egy Cayenne-hez. Mivel a gy\u00fcm\u00f6lcs\u00f6k nagyon v\u00e9kony fal\u00faak, ide\u00e1lisak sz\u00e1r\u00edt\u00e1sra, de frissen haszn\u00e1lva \u00e9rdekes sz\u00ednt adnak a sals\u00e1knak, sz\u00f3szoknak is.<\/p>\n<p>Gondoz\u00e1sa: A cs\u00edr\u00e1z\u00e1si h\u0151m\u00e9rs\u00e9klet 22\u00b0C \u00e9s 28\u00b0C k\u00f6z\u00f6tt van (cs\u00edr\u00e1z\u00e1si id\u0151: 6-20 nap); ez\u00e9rt \u00fcvegh\u00e1z \u00e9s f\u0171t\u0151sz\u0151nyeg haszn\u00e1lata javasolt. A n\u00f6v\u00e9nyeknek friss, j\u00f3l tr\u00e1gy\u00e1zott v\u00edz\u00e1tereszt\u0151 talajra van sz\u00fcks\u00e9g\u00fck, \u00e9s nem szabad \u00e1ll\u00f3v\u00edzben hagyni. Napos, v\u00e9dett helyre kell helyezni, ahol legal\u00e1bb napi 6 \u00f3ra napf\u00e9ny \u00e9ri, ha nem t\u00f6bb. K\u00f6r\u00fclbel\u00fcl 2-3 h\u00e9ttel az utols\u00f3 fagy ut\u00e1n helyezze ki a n\u00f6v\u00e9nyeket a szabadba. Amikor a pal\u00e1nt\u00e1kat a szabadba \u00fclteti, \u00fcgyeljen arra, hogy az egyes n\u00f6v\u00e9nyek k\u00f6z\u00f6tt legal\u00e1bb 50-60 cm t\u00e1vols\u00e1g legyen. A f\u0151 betakar\u00edt\u00e1st k\u00f6r\u00fclbel\u00fcl 3 h\u00f3napos \u00e9r\u00e9si id\u0151 ut\u00e1n kell elv\u00e9gezni.<\/p>\n<p>Capsicum annuum t\u00edpus<br \/>\nF\u0171szerszint 6<br \/>\nScoville 10 000 &#8211; 15 000 SHU<br \/>\nOptim\u00e1lis cs\u00edr\u00e1z\u00e1si h\u0151m\u00e9rs\u00e9klet 22 &#8211; 28 \u00b0C<br \/>\nVet\u00e9s jan-\u00e1pr<br \/>\nFeh\u00e9r vir\u00e1gok (m\u00e1jus-augusztus)<br \/>\nN\u00f6veked\u00e9si szok\u00e1sa Bokros, 80-100 cm magas<br \/>\n\u00c9rlel\u00e9s Z\u00f6ldt\u0151l barn\u00e1ig<br \/>\nGy\u00fcm\u00f6lcs megjelen\u00e9se 8-10 cm hossz\u00fa, keskeny term\u00e9sek<br \/>\n\u00c9rlel\u00e9si id\u0151 70-80 nap<br \/>\nSz\u00e1rmaz\u00e1sa USA<\/p>\n<p>A csomag 10 szem magot tartalmaz<\/p>\n","protected":false},"featured_media":9775,"comment_status":"closed","ping_status":"closed","template":"","meta":[],"product_brand":[],"product_cat":[8],"product_tag":[],"class_list":{"0":"post-9774","1":"product","2":"type-product","3":"status-publish","4":"has-post-thumbnail","6":"product_cat-paprika","8":"first","9":"outofstock","10":"taxable","11":"shipping-taxable","12":"purchasable","13":"product-type-simple"},"_links":{"self":[{"href":"https:\/\/chilimag.hu\/webshop\/wp-json\/wp\/v2\/product\/9774","targetHints":{"allow":["GET"]}}],"collection":[{"href":"https:\/\/chilimag.hu\/webshop\/wp-json\/wp\/v2\/product"}],"about":[{"href":"https:\/\/chilimag.hu\/webshop\/wp-json\/wp\/v2\/types\/product"}],"replies":[{"embeddable":true,"href":"https:\/\/chilimag.hu\/webshop\/wp-json\/wp\/v2\/comments?post=9774"}],"wp:featuredmedia":[{"embeddable":true,"href":"https:\/\/chilimag.hu\/webshop\/wp-json\/wp\/v2\/media\/9775"}],"wp:attachment":[{"href":"https:\/\/chilimag.hu\/webshop\/wp-json\/wp\/v2\/media?parent=9774"}],"wp:term":[{"taxonomy":"product_brand","embeddable":true,"href":"https:\/\/chilimag.hu\/webshop\/wp-json\/wp\/v2\/product_brand?post=9774"},{"taxonomy":"product_cat","embeddable":true,"href":"https:\/\/chilimag.hu\/webshop\/wp-json\/wp\/v2\/product_cat?post=9774"},{"taxonomy":"product_tag","embeddable":true,"href":"https:\/\/chilimag.hu\/webshop\/wp-json\/wp\/v2\/product_tag?post=9774"}],"curies":[{"name":"wp","href":"https:\/\/api.w.org\/{rel}","templated":true}]}}