{"id":9772,"date":"2020-09-27T11:33:16","date_gmt":"2020-09-27T11:33:16","guid":{"rendered":"https:\/\/chilimag.hu\/webshop\/?post_type=product&#038;p=9772"},"modified":"2025-08-11T08:04:03","modified_gmt":"2025-08-11T08:04:03","slug":"carolina-reaper-yellow","status":"publish","type":"product","link":"https:\/\/chilimag.hu\/webshop\/termek\/carolina-reaper-yellow\/","title":{"rendered":"Carolina Reaper Yellow"},"content":{"rendered":"","protected":false},"excerpt":{"rendered":"<p><img decoding=\"async\" src=\"https:\/\/chilimag.hu\/webshop\/wp-content\/uploads\/2014\/11\/chilimag-logo-2-150x150.jpg\" \/><\/p>\n<p>Le\u00edr\u00e1s<\/p>\n<p>2013 \u00e9s 2023 k\u00f6z\u00f6tt a Carolina Reaper tartotta a vil\u00e1g legcs\u00edp\u0151sebb chilij\u00e9nek vil\u00e1grekordj\u00e1t. A fajt\u00e1t Ed Currie chili gazd\u00e1lkod\u00f3 termesztette a d\u00e9l-karolinai PuckerButt Pepper Company-t\u00f3l (USA). A n\u00e9v a hal\u00e1l megszem\u00e9lyes\u00edt\u0151j\u00e9re, a Kasz\u00e1sra utal, \u00e9s a Carolina Reaper val\u00f3ban v\u00e9gzetesen d\u00f6g\u00f6s. M\u00e9g a chili szerelmeseinek sem tan\u00e1csos egy eg\u00e9sz paprik\u00e1t egyszerre megenni (a teny\u00e9szt\u0151 is azt tan\u00e1csolja, hogy csak egy m\u00e1sik feln\u0151tt jelenl\u00e9t\u00e9ben egy\u00e9k meg). Azok, akik nem szoktak cs\u00edp\u0151s chilit enni, ne pr\u00f3b\u00e1lj\u00e1k meg.<br \/>\nA Chile Pepper Institute \u00e1ltal tesztelt \u00e1tlagos f\u0171szermin\u0151s\u00edt\u00e9s 1 569 300 Scoville h\u0151egys\u00e9g volt, m\u00edg az egyes p\u00e9ld\u00e1nyok el\u00e9rt\u00e9k a hihetetlen 2,2 milli\u00f3 SHU-t.<\/p>\n<p>A n\u00f6v\u00e9ny bokros n\u00f6veked\u00e9si form\u00e1val rendelkezik, \u00e9s ak\u00e1r 90 cm magasra is megn\u0151. A gy\u00fcm\u00f6lcs\u00f6k z\u00f6ldt\u0151l s\u00e1rg\u00e1ig \u00e9rnek, nagyon kiemelked\u0151 hegyes t\u00fcsk\u00e9ket \u00e9s egyenetlen fel\u00fcletet fejlesztenek ki. Arom\u00e1s gy\u00fcm\u00f6lcs\u00f6s-\u00e9des \u00edz\u00fck csokol\u00e1d\u00e9-cseresznye, csipetnyi citrus jegyekkel \u00e9s term\u00e9szetesen rendk\u00edv\u00fcl cs\u00edp\u0151s. Szinte t\u00fal forr\u00f3ak ahhoz, hogy \u00f6nmagukban is fogyassz\u00e1k, de sz\u00e1r\u00edthat\u00f3, p\u00e1colhat\u00f3, fagyaszthat\u00f3, vagy chili sz\u00f3sz k\u00e9sz\u00edt\u00e9s\u00e9re haszn\u00e1lhat\u00f3.<\/p>\n<p>Gondoz\u00e1s: A cs\u00edr\u00e1z\u00e1si h\u0151m\u00e9rs\u00e9klet 24\u00b0C \u00e9s 30\u00b0C k\u00f6z\u00f6tt van (cs\u00edr\u00e1z\u00e1si id\u0151: 10-20 nap); ez\u00e9rt \u00fcvegh\u00e1z \u00e9s f\u0171t\u0151sz\u0151nyeg haszn\u00e1lata javasolt. A n\u00f6v\u00e9nyeknek friss, j\u00f3l tr\u00e1gy\u00e1zott, v\u00edz\u00e1tereszt\u0151 talajra van sz\u00fcks\u00e9g\u00fck, nem t\u0171rik a bevizesed\u00e9st. Napos, v\u00e9dett helyre \u00fcltess\u00fck, ahol legal\u00e1bb 6 \u00f3ra \u2013 lehet\u0151leg t\u00f6bb \u2013 napf\u00e9ny \u00e9ri. Mivel a n\u00f6v\u00e9nyeknek k\u00fcl\u00f6n\u00f6sen hossz\u00fa az \u00e9r\u00e9si ideje, \u00e9rdemes cser\u00e9pben termeszteni \u0151ket, \u00edgy a napk\u00f6zbeni h\u0151m\u00e9rs\u00e9klet 12\u00b0C al\u00e1 s\u00fcllyed\u00e9sekor k\u00f6nnyen be lehet vinni a n\u00f6v\u00e9nyt, \u00edgy minden gy\u00fcm\u00f6lcs be\u00e9rik. Ahhoz, hogy a n\u00f6v\u00e9nyt t\u00e9len is meg\u0151rizze, betakar\u00edt\u00e1s ut\u00e1n v\u00e1gja vissza 20 cm-rel, \u00e9s tegye vil\u00e1gos helyre, ahol legal\u00e1bb 15\u00b0C h\u0151m\u00e9rs\u00e9klet\u0171.<\/p>\n<p>T\u00edpus: Capsicum chinense<br \/>\nF\u0171szerszint 10+++<br \/>\nScoville \u00e1tlag 1 569 300 SHU, legfeljebb 2,2 milli\u00f3 SHU<br \/>\nOptim\u00e1lis cs\u00edr\u00e1z\u00e1si h\u0151m\u00e9rs\u00e9klet 24 &#8211; 30 \u00b0C<br \/>\nVet\u00e9s dec &#8211; \u00e1pr<br \/>\nFeh\u00e9r vir\u00e1gok (j\u00fan.-auguszt.)<br \/>\nN\u00f6veked\u00e9si szok\u00e1sa Bokros, 75-90 cm magas<br \/>\n\u00c9rlel\u00e9s Z\u00f6ldt\u0151l s\u00e1rg\u00e1ig<br \/>\nGy\u00fcm\u00f6lcs megjelen\u00e9se L\u00e1mp\u00e1s alak\u00fa, hegyes hegy\u0171, kb. 3 x 6 cm<br \/>\n\u00c9r\u00e9si id\u0151 kb. 120 nap<br \/>\nSz\u00e1rmaz\u00e1sa USA<\/p>\n<p>A csomag 10 szemet magot tartalmaz<\/p>\n","protected":false},"featured_media":9773,"comment_status":"closed","ping_status":"closed","template":"","meta":[],"product_brand":[],"product_cat":[8],"product_tag":[],"class_list":{"0":"post-9772","1":"product","2":"type-product","3":"status-publish","4":"has-post-thumbnail","6":"product_cat-paprika","8":"first","9":"instock","10":"taxable","11":"shipping-taxable","12":"purchasable","13":"product-type-simple"},"_links":{"self":[{"href":"https:\/\/chilimag.hu\/webshop\/wp-json\/wp\/v2\/product\/9772","targetHints":{"allow":["GET"]}}],"collection":[{"href":"https:\/\/chilimag.hu\/webshop\/wp-json\/wp\/v2\/product"}],"about":[{"href":"https:\/\/chilimag.hu\/webshop\/wp-json\/wp\/v2\/types\/product"}],"replies":[{"embeddable":true,"href":"https:\/\/chilimag.hu\/webshop\/wp-json\/wp\/v2\/comments?post=9772"}],"wp:featuredmedia":[{"embeddable":true,"href":"https:\/\/chilimag.hu\/webshop\/wp-json\/wp\/v2\/media\/9773"}],"wp:attachment":[{"href":"https:\/\/chilimag.hu\/webshop\/wp-json\/wp\/v2\/media?parent=9772"}],"wp:term":[{"taxonomy":"product_brand","embeddable":true,"href":"https:\/\/chilimag.hu\/webshop\/wp-json\/wp\/v2\/product_brand?post=9772"},{"taxonomy":"product_cat","embeddable":true,"href":"https:\/\/chilimag.hu\/webshop\/wp-json\/wp\/v2\/product_cat?post=9772"},{"taxonomy":"product_tag","embeddable":true,"href":"https:\/\/chilimag.hu\/webshop\/wp-json\/wp\/v2\/product_tag?post=9772"}],"curies":[{"name":"wp","href":"https:\/\/api.w.org\/{rel}","templated":true}]}}