{"id":9770,"date":"2020-09-27T11:31:41","date_gmt":"2020-09-27T11:31:41","guid":{"rendered":"https:\/\/chilimag.hu\/webshop\/?post_type=product&#038;p=9770"},"modified":"2026-01-20T08:47:45","modified_gmt":"2026-01-20T08:47:45","slug":"biguinho-yellow","status":"publish","type":"product","link":"https:\/\/chilimag.hu\/webshop\/termek\/biguinho-yellow\/","title":{"rendered":"Biquinho Yellow"},"content":{"rendered":"","protected":false},"excerpt":{"rendered":"<p><img decoding=\"async\" src=\"https:\/\/chilimag.hu\/webshop\/wp-content\/uploads\/2014\/11\/chilimag-logo-2-150x150.jpg\" \/><\/p>\n<p>Le\u00edr\u00e1s<\/p>\n<p>Capsicum Chinense<br \/>\nScoville 500-1000<\/p>\n<p>A s\u00e1rga biquinho chile paprika nagyon kicsi, k\u00f6nnycsepp alak\u00fa h\u00fcvely, \u00e1tlagosan h\u00e1rom centim\u00e9ter hossz\u00fa, egyenes vagy enyh\u00e9n \u00edvelt k\u00f6z\u00e9pponttal \u00e9s hossz\u00fak\u00e1s, hegyes hegy\u00fckkel. A feszes b\u0151r \u00e9retten halv\u00e1nyz\u00f6ldr\u0151l \u00e9l\u00e9nks\u00e1rg\u00e1ra \u00e9rik, f\u00e9nyes, sima \u00e9s szil\u00e1rd, karcs\u00fa, z\u00f6ld sz\u00e1rhoz kapcsol\u00f3dik. A felsz\u00edn alatt a k\u00f6zepes vagy vastag h\u00fas s\u00e1rga, ropog\u00f3s \u00e9s vizes, \u00e9s egy nagyon kis \u00fcreget z\u00e1r be, amely n\u00e9h\u00e1ny kerek, kr\u00e9msz\u00edn\u0171 maggal van tele. A s\u00e1rga biquinho chile paprika ropog\u00f3s \u00e9s l\u00e9d\u00fas, kezdetben cs\u00edp\u0151s, citrusos \u00edz\u0171, majd \u00e9des, gy\u00fcm\u00f6lcs\u00f6s \u00e9s enyh\u00e9n f\u00fcst\u00f6s \u00edz\u0171, enyhe h\u0151vel.<\/p>\n<p>Gondoz\u00e1sa:Gondoz\u00e1sa: A cs\u00edr\u00e1z\u00e1si h\u0151m\u00e9rs\u00e9klet 21 \u00e9s 28\u00b0C k\u00f6z\u00f6tt van (7-20 napos cs\u00edr\u00e1z\u00e1si id\u0151), ez\u00e9rt \u00fcvegh\u00e1z \u00e9s f\u0171t\u0151sz\u0151nyeg haszn\u00e1lata javasolt. A n\u00f6v\u00e9nyeknek friss, j\u00f3l tr\u00e1gy\u00e1zott, v\u00edz\u00e1tereszt\u0151 talajra van sz\u00fcks\u00e9g\u00fck, nem t\u0171rik a bevizesed\u00e9st. Napos, v\u00e9dett helyre \u00fcltess\u00fck, ahol legal\u00e1bb 6 \u00f3ra \u2013 lehet\u0151leg t\u00f6bb \u2013 napf\u00e9ny \u00e9ri. Tedd ki a n\u00f6v\u00e9nyeket kb. 2-3 h\u00e9ttel az utols\u00f3 fagy ut\u00e1n.<\/p>\n<p>A csomag 10 szem magot tartalmaz<\/p>\n","protected":false},"featured_media":10958,"comment_status":"closed","ping_status":"closed","template":"","meta":[],"product_brand":[],"product_cat":[8],"product_tag":[],"class_list":{"0":"post-9770","1":"product","2":"type-product","3":"status-publish","4":"has-post-thumbnail","6":"product_cat-paprika","8":"first","9":"outofstock","10":"taxable","11":"shipping-taxable","12":"purchasable","13":"product-type-simple"},"_links":{"self":[{"href":"https:\/\/chilimag.hu\/webshop\/wp-json\/wp\/v2\/product\/9770","targetHints":{"allow":["GET"]}}],"collection":[{"href":"https:\/\/chilimag.hu\/webshop\/wp-json\/wp\/v2\/product"}],"about":[{"href":"https:\/\/chilimag.hu\/webshop\/wp-json\/wp\/v2\/types\/product"}],"replies":[{"embeddable":true,"href":"https:\/\/chilimag.hu\/webshop\/wp-json\/wp\/v2\/comments?post=9770"}],"wp:featuredmedia":[{"embeddable":true,"href":"https:\/\/chilimag.hu\/webshop\/wp-json\/wp\/v2\/media\/10958"}],"wp:attachment":[{"href":"https:\/\/chilimag.hu\/webshop\/wp-json\/wp\/v2\/media?parent=9770"}],"wp:term":[{"taxonomy":"product_brand","embeddable":true,"href":"https:\/\/chilimag.hu\/webshop\/wp-json\/wp\/v2\/product_brand?post=9770"},{"taxonomy":"product_cat","embeddable":true,"href":"https:\/\/chilimag.hu\/webshop\/wp-json\/wp\/v2\/product_cat?post=9770"},{"taxonomy":"product_tag","embeddable":true,"href":"https:\/\/chilimag.hu\/webshop\/wp-json\/wp\/v2\/product_tag?post=9770"}],"curies":[{"name":"wp","href":"https:\/\/api.w.org\/{rel}","templated":true}]}}