{"id":9764,"date":"2020-09-27T11:30:06","date_gmt":"2020-09-27T11:30:06","guid":{"rendered":"https:\/\/chilimag.hu\/webshop\/?post_type=product&#038;p=9764"},"modified":"2026-03-23T15:12:21","modified_gmt":"2026-03-23T15:12:21","slug":"aji-santa-cruz","status":"publish","type":"product","link":"https:\/\/chilimag.hu\/webshop\/termek\/aji-santa-cruz\/","title":{"rendered":"Aji Santa Cruz"},"content":{"rendered":"","protected":false},"excerpt":{"rendered":"<p><img decoding=\"async\" src=\"https:\/\/chilimag.hu\/webshop\/wp-content\/uploads\/2014\/11\/chilimag-logo-2-150x150.jpg\" \/><\/p>\n<p>Le\u00edr\u00e1s<\/p>\n<p>Az Aji Santa Cruz Chili egy gy\u00f6ny\u00f6r\u0171 Capsicum baccatum fajta az USA-b\u00f3l, ahol f\u0151leg az arizonai Santa Cruz v\u00e1ros k\u00f6rny\u00e9k\u00e9n termesztik. Nagy, hossz\u00fak\u00e1s, piros term\u00e9sei l\u00e9d\u00fasak, ropog\u00f3sak, k\u00f6zepes l\u00e1ngon cs\u00edp\u0151s gy\u00fcm\u00f6lcs\u00f6ss\u00e9ggel rendelkeznek. Ide\u00e1lis helyettes\u00edt\u0151je a narancss\u00e1rga \u00e1rnyalat\u00fa (\u00e9s n\u00e9ha nehezebben beszerezhet\u0151) aj\u00ed escabeche-nek, amelyet \u00e1ltal\u00e1ban az \u00e9szak-perui konyh\u00e1ban haszn\u00e1lnak. Ezenk\u00edv\u00fcl alkalmas sals\u00e1khoz, sz\u00f3szokhoz, grillez\u00e9shez \u00e9s ak\u00e1r sz\u00e1r\u00edt\u00e1shoz is.<\/p>\n<p>Gondoz\u00e1s: A cs\u00edr\u00e1z\u00e1si h\u0151m\u00e9rs\u00e9klet 22\u00b0C \u00e9s 28\u00b0C k\u00f6z\u00f6tt van (cs\u00edr\u00e1z\u00e1si id\u0151: 8-21 nap); ez\u00e9rt \u00fcvegh\u00e1z \u00e9s f\u0171t\u0151sz\u0151nyeg haszn\u00e1lata javasolt. A n\u00f6v\u00e9nyeknek friss, j\u00f3l tr\u00e1gy\u00e1zott, v\u00edz\u00e1tereszt\u0151 talajra van sz\u00fcks\u00e9g\u00fck, nem t\u0171rik a bevizesed\u00e9st. Napos, v\u00e9dett helyre kell \u00fcltetni, ahol legal\u00e1bb 6 \u00f3ra napf\u00e9ny \u2013 lehet\u0151leg t\u00f6bb. Tedd ki a n\u00f6v\u00e9nyeket kb. 2-3 h\u00e9ttel az utols\u00f3 fagy ut\u00e1n. Mivel a n\u00f6v\u00e9nyeknek k\u00fcl\u00f6n\u00f6sen hossz\u00fa az \u00e9r\u00e9si ideje, \u00e9rdemes cser\u00e9pben termeszteni \u0151ket, \u00edgy a napk\u00f6zbeni h\u0151m\u00e9rs\u00e9klet 12\u00b0C al\u00e1 s\u00fcllyed\u00e9sekor k\u00f6nnyen be lehet vinni a n\u00f6v\u00e9nyt, \u00edgy minden gy\u00fcm\u00f6lcs be\u00e9rik. Ahhoz, hogy a n\u00f6v\u00e9nyt t\u00e9len is meg\u0151rizze, betakar\u00edt\u00e1s ut\u00e1n v\u00e1gja vissza 20 cm-rel, \u00e9s tegye vil\u00e1gos helyre, ahol legal\u00e1bb 15\u00b0C h\u0151m\u00e9rs\u00e9klet\u0171.<\/p>\n<p>T\u00edpus Capsicum baccatum<br \/>\nF\u0171szerfok 5<br \/>\nScoville 3000 &#8211; 5000 SHU<br \/>\nOptim\u00e1lis cs\u00edr\u00e1z\u00e1si h\u0151m\u00e9rs\u00e9klet 22 &#8211; 28 \u00b0C<br \/>\nVet\u00e9s jan-\u00e1pr<br \/>\nVir\u00e1gok feh\u00e9rek (j\u00fanius-aug.)<br \/>\nN\u00f6veked\u00e9si szok\u00e1sa bokros, magas, 120-150 cm<br \/>\n\u00c9rlel\u00e9s z\u00f6ldr\u0151l v\u00f6r\u00f6sre<br \/>\nA gy\u00fcm\u00f6lcs megjelen\u00e9se megny\u00falt, kb. 3 x 15 cm<br \/>\n\u00c9rlel\u00e9si id\u0151 80-90 nap<br \/>\nSz\u00e1rmaz\u00e1sa USA<\/p>\n<p>A csomag 10 szem magot \u00a0tartalmaz<\/p>\n","protected":false},"featured_media":9765,"comment_status":"closed","ping_status":"closed","template":"","meta":[],"product_brand":[],"product_cat":[8],"product_tag":[],"class_list":{"0":"post-9764","1":"product","2":"type-product","3":"status-publish","4":"has-post-thumbnail","6":"product_cat-paprika","8":"first","9":"outofstock","10":"taxable","11":"shipping-taxable","12":"purchasable","13":"product-type-simple"},"_links":{"self":[{"href":"https:\/\/chilimag.hu\/webshop\/wp-json\/wp\/v2\/product\/9764","targetHints":{"allow":["GET"]}}],"collection":[{"href":"https:\/\/chilimag.hu\/webshop\/wp-json\/wp\/v2\/product"}],"about":[{"href":"https:\/\/chilimag.hu\/webshop\/wp-json\/wp\/v2\/types\/product"}],"replies":[{"embeddable":true,"href":"https:\/\/chilimag.hu\/webshop\/wp-json\/wp\/v2\/comments?post=9764"}],"wp:featuredmedia":[{"embeddable":true,"href":"https:\/\/chilimag.hu\/webshop\/wp-json\/wp\/v2\/media\/9765"}],"wp:attachment":[{"href":"https:\/\/chilimag.hu\/webshop\/wp-json\/wp\/v2\/media?parent=9764"}],"wp:term":[{"taxonomy":"product_brand","embeddable":true,"href":"https:\/\/chilimag.hu\/webshop\/wp-json\/wp\/v2\/product_brand?post=9764"},{"taxonomy":"product_cat","embeddable":true,"href":"https:\/\/chilimag.hu\/webshop\/wp-json\/wp\/v2\/product_cat?post=9764"},{"taxonomy":"product_tag","embeddable":true,"href":"https:\/\/chilimag.hu\/webshop\/wp-json\/wp\/v2\/product_tag?post=9764"}],"curies":[{"name":"wp","href":"https:\/\/api.w.org\/{rel}","templated":true}]}}