{"id":9762,"date":"2020-09-27T11:29:35","date_gmt":"2020-09-27T11:29:35","guid":{"rendered":"https:\/\/chilimag.hu\/webshop\/?post_type=product&#038;p=9762"},"modified":"2026-01-08T13:45:05","modified_gmt":"2026-01-08T13:45:05","slug":"aji-dulce-amarilo","status":"publish","type":"product","link":"https:\/\/chilimag.hu\/webshop\/termek\/aji-dulce-amarilo\/","title":{"rendered":"Aji Dulce Amarillo"},"content":{"rendered":"","protected":false},"excerpt":{"rendered":"<p><img decoding=\"async\" src=\"https:\/\/chilimag.hu\/webshop\/wp-content\/uploads\/2014\/11\/chilimag-logo-2-150x150.jpg\" \/><\/p>\n<p>Le\u00edr\u00e1s<\/p>\n<p>Az Aji Dulce Amarillo Chili egy fantasztikus Chinense fajta, szinte cs\u00edp\u0151ss\u00e9g n\u00e9lk\u00fcl, de finom Habanero \u00edzzel. A n\u00f6v\u00e9nyek nagyon nagyra n\u0151hetnek (1 m\u00e9ter felett), \u00e9s nagyon magas hozam\u00faak. Sok apr\u00f3, kerek, r\u00e1ncos, \u00e9l\u00e9nk aranys\u00e1rga gy\u00fcm\u00f6lcs\u00f6t fejlesztenek. A gy\u00fcm\u00f6lcs\u00f6kb\u0151l rendk\u00edv\u00fcl \u00edzletes chili lekv\u00e1r k\u00e9sz\u00edthet\u0151, mely fantasztikus kajszibarack \u00edz\u0171. Sal\u00e1t\u00e1kba, r\u00e1gcs\u00e1lnival\u00f3kba, friss fogyaszt\u00e1sra is kiv\u00e1l\u00f3an alkalmasak.<\/p>\n<p>Gondoz\u00e1sa: A cs\u00edr\u00e1z\u00e1si h\u0151m\u00e9rs\u00e9klet 21 \u00e9s 28\u00b0C k\u00f6z\u00f6tt van (8-20 napos cs\u00edr\u00e1z\u00e1si id\u0151szak), ez\u00e9rt \u00fcvegh\u00e1z \u00e9s f\u0171t\u0151sz\u0151nyeg haszn\u00e1lata javasolt. A n\u00f6v\u00e9nyeknek friss, j\u00f3l tr\u00e1gy\u00e1zott, v\u00edz\u00e1tereszt\u0151 talajra van sz\u00fcks\u00e9g\u00fck, nem t\u0171rik a bevizesed\u00e9st. Napos, v\u00e9dett helyre \u00fcltess\u00fck, ahol legal\u00e1bb 6 \u00f3ra \u2013 lehet\u0151leg t\u00f6bb \u2013 napf\u00e9ny \u00e9ri. Tedd ki a n\u00f6v\u00e9nyeket kb. 2-3 h\u00e9ttel az utols\u00f3 fagy ut\u00e1n. Ha a szabadba \u00fclteti \u0151ket, a n\u00f6v\u00e9nyek k\u00f6z\u00f6tt 45 cm t\u00e1vols\u00e1got kell tartani.<\/p>\n<p>T\u00edpus: Capsicum chinense<br \/>\nF\u0171szeress\u00e9gi fokozat 0<br \/>\nScoville 0 SHU<br \/>\noptim\u00e1lis cs\u00edr\u00e1z\u00e1si h\u0151m\u00e9rs\u00e9klet 21 &#8211; 28 \u00b0C<br \/>\nVet\u00e9s jan. &#8211; \u00e1pr.<br \/>\nVir\u00e1gok feh\u00e9rek (m\u00e1jus-j\u00falius)<br \/>\nN\u00f6v\u00e9nyn\u00f6veked\u00e9si szok\u00e1s bokros, kb. 80-100 cm magas<br \/>\nZ\u00f6ldt\u0151l s\u00e1rg\u00e1ig \u00e9rik<br \/>\nGy\u00fcm\u00f6lcs megjelen\u00e9se kerek, r\u00e1ncos, kb. 4 x 5 cm<br \/>\n\u00c9r\u00e9si id\u0151 80 nap<br \/>\nSz\u00e1rmaz\u00e1sa USA<br \/>\nEgy csomag 10 szemet tartalmaz<\/p>\n","protected":false},"featured_media":9763,"comment_status":"closed","ping_status":"closed","template":"","meta":[],"product_brand":[],"product_cat":[8],"product_tag":[],"class_list":{"0":"post-9762","1":"product","2":"type-product","3":"status-publish","4":"has-post-thumbnail","6":"product_cat-paprika","8":"first","9":"outofstock","10":"taxable","11":"shipping-taxable","12":"purchasable","13":"product-type-simple"},"_links":{"self":[{"href":"https:\/\/chilimag.hu\/webshop\/wp-json\/wp\/v2\/product\/9762","targetHints":{"allow":["GET"]}}],"collection":[{"href":"https:\/\/chilimag.hu\/webshop\/wp-json\/wp\/v2\/product"}],"about":[{"href":"https:\/\/chilimag.hu\/webshop\/wp-json\/wp\/v2\/types\/product"}],"replies":[{"embeddable":true,"href":"https:\/\/chilimag.hu\/webshop\/wp-json\/wp\/v2\/comments?post=9762"}],"wp:featuredmedia":[{"embeddable":true,"href":"https:\/\/chilimag.hu\/webshop\/wp-json\/wp\/v2\/media\/9763"}],"wp:attachment":[{"href":"https:\/\/chilimag.hu\/webshop\/wp-json\/wp\/v2\/media?parent=9762"}],"wp:term":[{"taxonomy":"product_brand","embeddable":true,"href":"https:\/\/chilimag.hu\/webshop\/wp-json\/wp\/v2\/product_brand?post=9762"},{"taxonomy":"product_cat","embeddable":true,"href":"https:\/\/chilimag.hu\/webshop\/wp-json\/wp\/v2\/product_cat?post=9762"},{"taxonomy":"product_tag","embeddable":true,"href":"https:\/\/chilimag.hu\/webshop\/wp-json\/wp\/v2\/product_tag?post=9762"}],"curies":[{"name":"wp","href":"https:\/\/api.w.org\/{rel}","templated":true}]}}