{"id":880,"date":"2014-12-04T09:22:38","date_gmt":"2014-12-04T09:22:38","guid":{"rendered":"https:\/\/chilimag.hu\/webshop\/?post_type=product&#038;p=880"},"modified":"2026-02-11T09:36:20","modified_gmt":"2026-02-11T09:36:20","slug":"cleota-pink","status":"publish","type":"product","link":"https:\/\/chilimag.hu\/webshop\/termek\/cleota-pink\/","title":{"rendered":"Cleota Pink B Paradicsom"},"content":{"rendered":"","protected":false},"excerpt":{"rendered":"<div>\n<p><img decoding=\"async\" src=\"https:\/\/chilimag.hu\/webshop\/wp-content\/uploads\/2014\/11\/chilimag-logo-2-150x150.jpg\" \/><\/p>\n<p>Le\u00edr\u00e1s<\/p>\n<p>\u00d6r\u00f6ks\u00e9g az Egyes\u00fclt \u00c1llamokb\u00f3l, Tennessee-b\u0151l. Hasonl\u00f3 a &#8222;Brandywine pink&#8221;-hez, de kor\u00e1bbi \u00e9s h\u0151t\u0171r\u0151bb.<\/p>\n<p>Nagy, r\u00f3zsasz\u00ednt\u0151l lil\u00e1ig terjed\u0151 gy\u00fcm\u00f6lcs, 200-500 gramm, beefsteak t\u00edpus\u00fa, m\u00e9rett\u0151l f\u00fcgg\u0151en t\u00f6bb\u00e9-kev\u00e9sb\u00e9 lekerek\u00edtett v\u00e1ll\u00fa, tetej\u00e9n bord\u00e1zat jelenl\u00e9te. A sz\u00e1r r\u00f6gz\u00edt\u00e9s\u00e9n\u00e9l sz\u00e9les \u00e9s m\u00e9ly bem\u00e9lyed\u00e9s, \u00fcreges k\u00f6ld\u00f6knyom.<\/p>\n<p>H\u00fasos \u00e9s l\u00e9d\u00fas, kev\u00e9s magot tartalmaz\u00f3 h\u00fas, kiv\u00e1l\u00f3 \u00e9des \u00e9s illatos \u00edz.<\/p>\n<p>Burgonya lombozat\u00fa fajta, hat\u00e1rozatlan n\u00f6veked\u00e9s\u0171.<\/p>\n<p>Kiv\u00e1l\u00f3 term\u00e9shozamot hoz \u00e9s vir\u00e1gzik forr\u00f3, sz\u00e1raz \u00e9ghajlaton.<\/p>\n<\/div>\n<div>Gondoz\u00e1sa:<span style=\"font-size: 16px;\">A paradicsomot, \u00fcvegh\u00e1zban vagy a szabadban termesztheti. Az optim\u00e1lis cs\u00edr\u00e1z\u00e1si h\u0151m\u00e9rs\u00e9klet 20 \u00e9s 25\u00b0C k\u00f6z\u00f6tt van, a cs\u00edr\u00e1z\u00e1s 8-14 nap ut\u00e1n k\u00f6vetkezik be. Felgyors\u00edthatja a cs\u00edr\u00e1z\u00e1si folyamatot, ha a magokat egy \u00e9jszak\u00e1n \u00e1t nedves ruh\u00e1ban hagyja \u00e1zni. V\u00e1rjon az utols\u00f3 fagy ut\u00e1n a kiv\u00e1lasztott n\u00f6v\u00e9nyek \u00fcltet\u00e9s\u00e9vel.<\/span>A paradicsomnak friss, j\u00f3l tr\u00e1gy\u00e1zott, v\u00edz\u00e1tereszt\u0151 talajra van sz\u00fcks\u00e9ge, amelyet nedvesen (de nem nedvesen!) kell tartani. Napos, v\u00e9dett helyre \u00fcltess\u00fck, ahol legal\u00e1bb 6 \u00f3ra \u2013 lehet\u0151leg t\u00f6bb \u2013 napf\u00e9ny \u00e9ri.<\/p>\n<\/div>\n<div><\/div>\n<div>A \u00a0csomag 10 szem magot tartalmaz<\/div>\n","protected":false},"featured_media":881,"comment_status":"open","ping_status":"closed","template":"","meta":[],"product_brand":[],"product_cat":[10],"product_tag":[],"class_list":{"0":"post-880","1":"product","2":"type-product","3":"status-publish","4":"has-post-thumbnail","6":"product_cat-paradicsom","8":"first","9":"outofstock","10":"taxable","11":"shipping-taxable","12":"purchasable","13":"product-type-simple"},"_links":{"self":[{"href":"https:\/\/chilimag.hu\/webshop\/wp-json\/wp\/v2\/product\/880","targetHints":{"allow":["GET"]}}],"collection":[{"href":"https:\/\/chilimag.hu\/webshop\/wp-json\/wp\/v2\/product"}],"about":[{"href":"https:\/\/chilimag.hu\/webshop\/wp-json\/wp\/v2\/types\/product"}],"replies":[{"embeddable":true,"href":"https:\/\/chilimag.hu\/webshop\/wp-json\/wp\/v2\/comments?post=880"}],"wp:featuredmedia":[{"embeddable":true,"href":"https:\/\/chilimag.hu\/webshop\/wp-json\/wp\/v2\/media\/881"}],"wp:attachment":[{"href":"https:\/\/chilimag.hu\/webshop\/wp-json\/wp\/v2\/media?parent=880"}],"wp:term":[{"taxonomy":"product_brand","embeddable":true,"href":"https:\/\/chilimag.hu\/webshop\/wp-json\/wp\/v2\/product_brand?post=880"},{"taxonomy":"product_cat","embeddable":true,"href":"https:\/\/chilimag.hu\/webshop\/wp-json\/wp\/v2\/product_cat?post=880"},{"taxonomy":"product_tag","embeddable":true,"href":"https:\/\/chilimag.hu\/webshop\/wp-json\/wp\/v2\/product_tag?post=880"}],"curies":[{"name":"wp","href":"https:\/\/api.w.org\/{rel}","templated":true}]}}