{"id":87,"date":"2014-11-08T13:57:40","date_gmt":"2014-11-08T13:57:40","guid":{"rendered":"https:\/\/chilimag.hu\/webshop\/?post_type=product&#038;p=87"},"modified":"2026-01-09T19:07:25","modified_gmt":"2026-01-09T19:07:25","slug":"7-pot-barrackpore","status":"publish","type":"product","link":"https:\/\/chilimag.hu\/webshop\/termek\/7-pot-barrackpore\/","title":{"rendered":"7 Pot Barrackpore"},"content":{"rendered":"","protected":false},"excerpt":{"rendered":"<div>\n<p><img decoding=\"async\" src=\"https:\/\/chilimag.hu\/webshop\/wp-content\/uploads\/2014\/11\/chilimag-logo-2-150x150.jpg\" \/><\/p>\n<p>Le\u00edr\u00e1s<\/p>\n<p>A 7 Pod Chilies (vagy egyben a 7 Pot) a legforr\u00f3bb chili a k\u00f6rny\u00e9ken, \u00e9s semmiben sem hi\u00e1nyzik a Bhut Joloki\u00e1hoz vagy a Trinidad Scorpionhoz k\u00e9pest. Nev\u00fcket onnan kapt\u00e1k, hogy egy chili 7 ed\u00e9ny megf\u0171szerez\u00e9s\u00e9re legyen el\u00e9g.<\/p>\n<p>A 7 Pot Barrackpore a 7 Pot csal\u00e1d egyik legforr\u00f3bb chilije. H\u00fcvelyeik valamivel nagyobbak \u00e9s r\u00e1ncosabbak a hagyom\u00e1nyos 7 h\u00fcvelyeshez k\u00e9pest. Z\u00f6ldr\u0151l pirosra \u00e9rnek, gy\u00fcm\u00f6lcs\u00f6s \u00edz\u0171ek, tal\u00e1n egy kicsit \u00e9desebbek, mint a m\u00e1sik 7 cser\u00e9pben. Sima h\u00e9ja miatt a chili alkalmas sz\u00e1r\u00edt\u00e1sra \u00e9s porr\u00e1 k\u00e9sz\u00edt\u00e9sre. Gy\u00fcm\u00f6lcs\u00f6s, cs\u00edp\u0151s sz\u00f3szokhoz is alkalmasak.<\/p>\n<p>K\u00e9rj\u00fck, viseljen eldobhat\u00f3 keszty\u0171t, amikor a chilivel dolgozik.<\/p>\n<p>\u00c1pol\u00e1s: A cs\u00edr\u00e1z\u00e1si h\u0151m\u00e9rs\u00e9klet 24 \u00e9s 30\u00b0C k\u00f6z\u00f6tt van (10-22 napos cs\u00edr\u00e1z\u00e1si id\u0151szak), ez\u00e9rt \u00fcvegh\u00e1z \u00e9s f\u0171t\u0151sz\u0151nyeg haszn\u00e1lata javasolt. A n\u00f6v\u00e9nyeknek friss, j\u00f3l tr\u00e1gy\u00e1zott, v\u00edz\u00e1tereszt\u0151 talajra van sz\u00fcks\u00e9g\u00fck, nem t\u0171rik a bevizesed\u00e9st. Napos, v\u00e9dett helyre \u00fcltess\u00fck, ahol legal\u00e1bb 6 \u00f3ra \u2013 lehet\u0151leg t\u00f6bb \u2013 napf\u00e9ny \u00e9ri. Mivel a n\u00f6v\u00e9nyeknek k\u00fcl\u00f6n\u00f6sen hossz\u00fa az \u00e9r\u00e9si ideje, \u00e9rdemes cser\u00e9pben termeszteni \u0151ket, \u00edgy a napk\u00f6zbeni h\u0151m\u00e9rs\u00e9klet 12\u00b0C al\u00e1 s\u00fcllyed\u00e9sekor k\u00f6nnyen be lehet vinni a n\u00f6v\u00e9nyt, \u00edgy minden gy\u00fcm\u00f6lcs be\u00e9rik. Ahhoz, hogy a n\u00f6v\u00e9nyt t\u00e9len is meg\u0151rizze, betakar\u00edt\u00e1s ut\u00e1n v\u00e1gja vissza 20 cm-rel, \u00e9s tegye vil\u00e1gos helyre, ahol legal\u00e1bb 15\u00b0C h\u0151m\u00e9rs\u00e9klet\u0171.<\/p>\n<p><span style=\"font-size: 16px;\">F\u0171szeress\u00e9gi fok 10+++<br \/>\nScoville &gt; 500 000 SHU<br \/>\noptim\u00e1lis cs\u00edr\u00e1z\u00e1si h\u0151m\u00e9rs\u00e9klet 24 &#8211; 30 \u00b0C<br \/>\nVet\u00e9s dec. &#8211; \u00e1pr.<br \/>\nVir\u00e1gok feh\u00e9rek (m\u00e1jus-augusztus)<br \/>\nN\u00f6v\u00e9nyn\u00f6veked\u00e9si szok\u00e1s bokros, kb. 80-90 m magas<br \/>\nZ\u00f6ldr\u0151l pirosra \u00e9rik<br \/>\nGy\u00fcm\u00f6lcs megjelen\u00e9se L\u00e1mp\u00e1s alak\u00fa, egyenetlen fel\u00fclet\u0171, kb. 3 x 5 cm<br \/>\n\u00c9r\u00e9si id\u0151 90-110 nap<br \/>\nSz\u00e1rmaz\u00e1sa Karib t\u00e9rs\u00e9g<\/span><\/p>\n<p><span style=\"font-size: 16px;\">A csomag 10 magot tartalmaz!<\/span><\/p>\n<\/div>\n","protected":false},"featured_media":38939,"comment_status":"open","ping_status":"closed","template":"","meta":[],"product_brand":[],"product_cat":[8],"product_tag":[],"class_list":{"0":"post-87","1":"product","2":"type-product","3":"status-publish","4":"has-post-thumbnail","6":"product_cat-paprika","8":"first","9":"outofstock","10":"taxable","11":"shipping-taxable","12":"purchasable","13":"product-type-simple"},"_links":{"self":[{"href":"https:\/\/chilimag.hu\/webshop\/wp-json\/wp\/v2\/product\/87","targetHints":{"allow":["GET"]}}],"collection":[{"href":"https:\/\/chilimag.hu\/webshop\/wp-json\/wp\/v2\/product"}],"about":[{"href":"https:\/\/chilimag.hu\/webshop\/wp-json\/wp\/v2\/types\/product"}],"replies":[{"embeddable":true,"href":"https:\/\/chilimag.hu\/webshop\/wp-json\/wp\/v2\/comments?post=87"}],"wp:featuredmedia":[{"embeddable":true,"href":"https:\/\/chilimag.hu\/webshop\/wp-json\/wp\/v2\/media\/38939"}],"wp:attachment":[{"href":"https:\/\/chilimag.hu\/webshop\/wp-json\/wp\/v2\/media?parent=87"}],"wp:term":[{"taxonomy":"product_brand","embeddable":true,"href":"https:\/\/chilimag.hu\/webshop\/wp-json\/wp\/v2\/product_brand?post=87"},{"taxonomy":"product_cat","embeddable":true,"href":"https:\/\/chilimag.hu\/webshop\/wp-json\/wp\/v2\/product_cat?post=87"},{"taxonomy":"product_tag","embeddable":true,"href":"https:\/\/chilimag.hu\/webshop\/wp-json\/wp\/v2\/product_tag?post=87"}],"curies":[{"name":"wp","href":"https:\/\/api.w.org\/{rel}","templated":true}]}}