{"id":8490,"date":"2019-12-16T05:46:26","date_gmt":"2019-12-16T05:46:26","guid":{"rendered":"https:\/\/chilimag.hu\/webshop\/?post_type=product&#038;p=8490"},"modified":"2026-04-01T08:24:43","modified_gmt":"2026-04-01T08:24:43","slug":"jalapeno-macanudo-f1","status":"publish","type":"product","link":"https:\/\/chilimag.hu\/webshop\/termek\/jalapeno-macanudo-f1\/","title":{"rendered":"Jalapeno Bravo F1 Non S-P"},"content":{"rendered":"","protected":false},"excerpt":{"rendered":"<p><img decoding=\"async\" class=\"general_border\" src=\"https:\/\/seminteplante.ro\/img\/m\/282-brand_default.jpg\" alt=\"NongWoo Bio\" width=\"154\" height=\"70\" \/><\/p>\n<p>A BRAVO BLS nagy hozam\u00fa \u00a0jalapen\u00f3t termel, amely csillog\u00e1s n\u00e9lk\u00fcl \u00e9rik f\u00e9nyes s\u00f6t\u00e9tz\u00f6ldre. BRAVO<br \/>\nA BLS j\u00f3l k\u00f6t h\u0171v\u00f6s id\u0151ben, \u00e9s meleg \u00e9s p\u00e1r\u00e1s termeszt\u00e9si k\u00f6r\u00fclm\u00e9nyek k\u00f6z\u00f6tt is magas term\u00e9st ad<\/p>\n<p>Hossz<br \/>\n10-11 cm<br \/>\n\u00c1tm\u00e9r\u0151<br \/>\n4-5 cm<\/p>\n<p>Capsicum Annuum<br \/>\nScoville: 20,000,&#8211;<br \/>\n1 csomag 10 szem magot tartalmaz<\/p>\n","protected":false},"featured_media":10891,"comment_status":"closed","ping_status":"closed","template":"","meta":[],"product_brand":[],"product_cat":[8],"product_tag":[],"class_list":{"0":"post-8490","1":"product","2":"type-product","3":"status-publish","4":"has-post-thumbnail","6":"product_cat-paprika","8":"first","9":"instock","10":"taxable","11":"shipping-taxable","12":"purchasable","13":"product-type-variable"},"_links":{"self":[{"href":"https:\/\/chilimag.hu\/webshop\/wp-json\/wp\/v2\/product\/8490","targetHints":{"allow":["GET"]}}],"collection":[{"href":"https:\/\/chilimag.hu\/webshop\/wp-json\/wp\/v2\/product"}],"about":[{"href":"https:\/\/chilimag.hu\/webshop\/wp-json\/wp\/v2\/types\/product"}],"replies":[{"embeddable":true,"href":"https:\/\/chilimag.hu\/webshop\/wp-json\/wp\/v2\/comments?post=8490"}],"wp:featuredmedia":[{"embeddable":true,"href":"https:\/\/chilimag.hu\/webshop\/wp-json\/wp\/v2\/media\/10891"}],"wp:attachment":[{"href":"https:\/\/chilimag.hu\/webshop\/wp-json\/wp\/v2\/media?parent=8490"}],"wp:term":[{"taxonomy":"product_brand","embeddable":true,"href":"https:\/\/chilimag.hu\/webshop\/wp-json\/wp\/v2\/product_brand?post=8490"},{"taxonomy":"product_cat","embeddable":true,"href":"https:\/\/chilimag.hu\/webshop\/wp-json\/wp\/v2\/product_cat?post=8490"},{"taxonomy":"product_tag","embeddable":true,"href":"https:\/\/chilimag.hu\/webshop\/wp-json\/wp\/v2\/product_tag?post=8490"}],"curies":[{"name":"wp","href":"https:\/\/api.w.org\/{rel}","templated":true}]}}