{"id":849,"date":"2014-11-19T09:30:52","date_gmt":"2014-11-19T09:30:52","guid":{"rendered":"https:\/\/chilimag.hu\/webshop\/?post_type=product&#038;p=849"},"modified":"2026-02-19T11:06:08","modified_gmt":"2026-02-19T11:06:08","slug":"red-pear","status":"publish","type":"product","link":"https:\/\/chilimag.hu\/webshop\/termek\/red-pear\/","title":{"rendered":"Red Pear cherry B Paradicsom"},"content":{"rendered":"<div><\/div>\n<div><\/div>\n<div><\/div>\n","protected":false},"excerpt":{"rendered":"<p><img decoding=\"async\" src=\"https:\/\/chilimag.hu\/webshop\/wp-content\/uploads\/2014\/11\/chilimag-logo-2-150x150.jpg\" \/><\/p>\n<p>&nbsp;<\/p>\n<p>Le\u00edr\u00e1s<\/p>\n<p>A Red Pear Cherry Bell paradicsom egy \u00edzletes \u00e9s sz\u00e9p kokt\u00e9lparadicsom, amely sok kis, k\u00f6rte alak\u00fa, kb. 3 cm hossz\u00fa. A n\u00f6v\u00e9nyek bokrosak \u00e9s viszonylag kicsik, ez\u00e9rt alkalmasak az erk\u00e9lyen vagy teraszon cser\u00e9pben t\u00f6rt\u00e9n\u0151 termeszt\u00e9sre. A kis gy\u00fcm\u00f6lcs\u00f6k f\u0171szeres \u00edz\u0171ek, reped\u00e9s\u00e1ll\u00f3ak \u00e9s l\u00e9d\u00fasak \u2013 szuper paradicsom nassolni val\u00f3. D\u00edsz\u00edt\u00e9snek vagy ropog\u00f3s sal\u00e1t\u00e1kba is kiv\u00e1l\u00f3ak. Az \u00edz\u00fck a legjobb, ha k\u00f6zvetlen\u00fcl a bokorr\u00f3l fogyasztj\u00e1k.<\/p>\n<p>Gondoz\u00e1sa: A Red Pear Cherry Bell paradicsomot, \u00fcvegh\u00e1zban vagy a szabadban termesztheti. Az optim\u00e1lis cs\u00edr\u00e1z\u00e1si h\u0151m\u00e9rs\u00e9klet 20 \u00e9s 25\u00b0C k\u00f6z\u00f6tt van, a cs\u00edr\u00e1z\u00e1s 8-14 nap ut\u00e1n k\u00f6vetkezik be. Felgyors\u00edthatja a cs\u00edr\u00e1z\u00e1si folyamatot, ha a magokat egy \u00e9jszak\u00e1n \u00e1t nedves ruh\u00e1ban hagyja \u00e1zni. V\u00e1rjon az utols\u00f3 fagy ut\u00e1n a kiv\u00e1lasztott n\u00f6v\u00e9nyek \u00fcltet\u00e9s\u00e9vel.<\/p>\n<p>A paradicsomnak friss, j\u00f3l tr\u00e1gy\u00e1zott, v\u00edz\u00e1tereszt\u0151 talajra van sz\u00fcks\u00e9ge, amelyet nedvesen (de nem nedvesen!) kell tartani. Napos, v\u00e9dett helyre \u00fcltess\u00fck, ahol legal\u00e1bb 6 \u00f3ra \u2013 lehet\u0151leg t\u00f6bb napf\u00e9ny \u00e9ri.<\/p>\n<p>T\u00edpus piros k\u00f6rte cseresznye paradicsom<br \/>\nOptim\u00e1lis cs\u00edr\u00e1z\u00e1si h\u0151m\u00e9rs\u00e9klet 20 &#8211; 25 \u00b0C<br \/>\nVet\u00e9s febru\u00e1r-\u00e1prilis<br \/>\nCs\u00edr\u00e1z\u00e1si id\u0151 8-14 nap<br \/>\nN\u00f6v\u00e9nyn\u00f6veked\u00e9si szok\u00e1s kb. 100-150 cm magas, bokros paradicsom<br \/>\nGy\u00fcm\u00f6lcs megjelen\u00e9se piros, k\u00f6rte alak\u00fa, kokt\u00e9lparadicsom<br \/>\n\u00cdze f\u0171szeres \u00edz\u0171, l\u00e9d\u00fas<br \/>\nSz\u00fcret j\u00faliust\u00f3l szeptemberig<br \/>\nEredet ismeretlen<\/p>\n<p>Folytonn\u00f6v\u0151<\/p>\n<p>A csomag 10 szem magot tartalmaz<\/p>\n","protected":false},"featured_media":850,"comment_status":"open","ping_status":"closed","template":"","meta":[],"product_brand":[],"product_cat":[10],"product_tag":[],"class_list":{"0":"post-849","1":"product","2":"type-product","3":"status-publish","4":"has-post-thumbnail","6":"product_cat-paradicsom","8":"first","9":"outofstock","10":"taxable","11":"shipping-taxable","12":"purchasable","13":"product-type-simple"},"_links":{"self":[{"href":"https:\/\/chilimag.hu\/webshop\/wp-json\/wp\/v2\/product\/849","targetHints":{"allow":["GET"]}}],"collection":[{"href":"https:\/\/chilimag.hu\/webshop\/wp-json\/wp\/v2\/product"}],"about":[{"href":"https:\/\/chilimag.hu\/webshop\/wp-json\/wp\/v2\/types\/product"}],"replies":[{"embeddable":true,"href":"https:\/\/chilimag.hu\/webshop\/wp-json\/wp\/v2\/comments?post=849"}],"wp:featuredmedia":[{"embeddable":true,"href":"https:\/\/chilimag.hu\/webshop\/wp-json\/wp\/v2\/media\/850"}],"wp:attachment":[{"href":"https:\/\/chilimag.hu\/webshop\/wp-json\/wp\/v2\/media?parent=849"}],"wp:term":[{"taxonomy":"product_brand","embeddable":true,"href":"https:\/\/chilimag.hu\/webshop\/wp-json\/wp\/v2\/product_brand?post=849"},{"taxonomy":"product_cat","embeddable":true,"href":"https:\/\/chilimag.hu\/webshop\/wp-json\/wp\/v2\/product_cat?post=849"},{"taxonomy":"product_tag","embeddable":true,"href":"https:\/\/chilimag.hu\/webshop\/wp-json\/wp\/v2\/product_tag?post=849"}],"curies":[{"name":"wp","href":"https:\/\/api.w.org\/{rel}","templated":true}]}}