{"id":8479,"date":"2019-12-12T04:58:54","date_gmt":"2019-12-12T04:58:54","guid":{"rendered":"https:\/\/chilimag.hu\/webshop\/?post_type=product&#038;p=8479"},"modified":"2026-01-23T09:12:10","modified_gmt":"2026-01-23T09:12:10","slug":"apocalypse-choco","status":"publish","type":"product","link":"https:\/\/chilimag.hu\/webshop\/termek\/apocalypse-choco\/","title":{"rendered":"Apocalypse Choco"},"content":{"rendered":"","protected":false},"excerpt":{"rendered":"<p><img decoding=\"async\" src=\"https:\/\/chilimag.hu\/webshop\/wp-content\/uploads\/2014\/11\/chilimag-logo-2-150x150.jpg\" \/><\/p>\n<p>Le\u00edr\u00e1s<\/p>\n<p>Az Apocalypse Chocolate Chili az Apocalypse Red Chili barna v\u00e1ltozata. Kicsit ritk\u00e1bb, mint v\u00f6r\u00f6s testv\u00e9re, de egyesek szerint egy kicsit melegebb.<\/p>\n<p>Az Apocalypse Red Chili egy olasz fajta, megjelen\u00e9se olyan, mint a Ghost Pepper, a Trinidad Moruga Scorpion \u00e9s a Carolina Reaper kombin\u00e1ci\u00f3ja egyetlen paprik\u00e1ba csomagolva. B\u00e1r az Apokalipszis Scoville hivatalos Scoville Heat Unit-ja m\u00e9g nem ismert, ez a fajta felveheti a versenyt a Carolina Reaperrel, amely \u00e1tlagosan k\u00f6r\u00fclbel\u00fcl 1,4 \u00e9s 2,2 milli\u00f3 Scoville-t jelent. Ez a h\u00fcvely \u00e9l\u00e9nkv\u00f6r\u00f6sre \u00e9rik, \u00e9s mindenf\u00e9le eltorzult form\u00e1j\u00fa\/kin\u00e9zet\u0171 pattan\u00e1sos lehet. Gy\u00fcm\u00f6lcs\u00f6s \u00edz\u00fck \u00e9s hihetetlen\u00fcl f\u0171szeres h\u0151fokuk van.<\/p>\n<p>Gondoz\u00e1s: A cs\u00edr\u00e1z\u00e1si h\u0151m\u00e9rs\u00e9klet 24\u00b0C \u00e9s 30\u00b0C k\u00f6z\u00f6tt van (cs\u00edr\u00e1z\u00e1si id\u0151: 12-21 nap); ez\u00e9rt \u00fcvegh\u00e1z \u00e9s f\u0171t\u0151sz\u0151nyeg haszn\u00e1lata javasolt. A n\u00f6v\u00e9nyeknek friss, j\u00f3l tr\u00e1gy\u00e1zott, v\u00edz\u00e1tereszt\u0151 talajra van sz\u00fcks\u00e9g\u00fck, nem t\u0171rik a bevizesed\u00e9st. Napos, v\u00e9dett helyre kell helyezni, ahol legal\u00e1bb 6 \u00f3ra napf\u00e9ny \u2013 lehet\u0151leg t\u00f6bb. Mivel a n\u00f6v\u00e9nyeknek k\u00fcl\u00f6n\u00f6sen hossz\u00fa az \u00e9r\u00e9si ideje, \u00e9rdemes cser\u00e9pben termeszteni \u0151ket, \u00edgy a napk\u00f6zbeni h\u0151m\u00e9rs\u00e9klet 12\u00b0C al\u00e1 s\u00fcllyed\u00e9sekor k\u00f6nnyen be lehet vinni a n\u00f6v\u00e9nyeket, \u00edgy minden gy\u00fcm\u00f6lcs be\u00e9rik. Ahhoz, hogy a n\u00f6v\u00e9nyt t\u00e9len is meg\u0151rizze, betakar\u00edt\u00e1s ut\u00e1n v\u00e1gja vissza 20 cm-rel, \u00e9s tegye vil\u00e1gos helyre, ahol legal\u00e1bb 15\u00b0C h\u0151m\u00e9rs\u00e9klet\u0171.<\/p>\n<p>T\u00edpus Capsicum chinense<br \/>\nF\u0171szerszint 10+<br \/>\nScoville &gt; 500 000 SHU<br \/>\nOptim\u00e1lis cs\u00edr\u00e1z\u00e1si h\u0151m\u00e9rs\u00e9klet 24 &#8211; 30 \u00b0C<br \/>\nVet\u00e9s jan-\u00e1pr<br \/>\nFeh\u00e9r vir\u00e1gok (m\u00e1jus-augusztus)<br \/>\nN\u00f6veked\u00e9si szok\u00e1s Bokros, 90-140 cm magas<br \/>\n\u00c9rlel\u00e9s Z\u00f6ldt\u0151l barn\u00e1ig<br \/>\nGy\u00fcm\u00f6lcs megjelen\u00e9se Hossz\u00fak\u00e1s, r\u00e1ncos, \u00e9rdes fel\u00fclet\u0171, cs\u00edp\u0151s<br \/>\n\u00c9rlel\u00e9si id\u0151 90-110 nap<br \/>\nSz\u00e1rmaz\u00e1si hely Olaszorsz\u00e1g<\/p>\n<p>A csomag 10 szem magot tartalmaz<\/p>\n","protected":false},"featured_media":8480,"comment_status":"closed","ping_status":"closed","template":"","meta":[],"product_brand":[],"product_cat":[8],"product_tag":[],"class_list":{"0":"post-8479","1":"product","2":"type-product","3":"status-publish","4":"has-post-thumbnail","6":"product_cat-paprika","8":"first","9":"instock","10":"taxable","11":"shipping-taxable","12":"purchasable","13":"product-type-simple"},"_links":{"self":[{"href":"https:\/\/chilimag.hu\/webshop\/wp-json\/wp\/v2\/product\/8479","targetHints":{"allow":["GET"]}}],"collection":[{"href":"https:\/\/chilimag.hu\/webshop\/wp-json\/wp\/v2\/product"}],"about":[{"href":"https:\/\/chilimag.hu\/webshop\/wp-json\/wp\/v2\/types\/product"}],"replies":[{"embeddable":true,"href":"https:\/\/chilimag.hu\/webshop\/wp-json\/wp\/v2\/comments?post=8479"}],"wp:featuredmedia":[{"embeddable":true,"href":"https:\/\/chilimag.hu\/webshop\/wp-json\/wp\/v2\/media\/8480"}],"wp:attachment":[{"href":"https:\/\/chilimag.hu\/webshop\/wp-json\/wp\/v2\/media?parent=8479"}],"wp:term":[{"taxonomy":"product_brand","embeddable":true,"href":"https:\/\/chilimag.hu\/webshop\/wp-json\/wp\/v2\/product_brand?post=8479"},{"taxonomy":"product_cat","embeddable":true,"href":"https:\/\/chilimag.hu\/webshop\/wp-json\/wp\/v2\/product_cat?post=8479"},{"taxonomy":"product_tag","embeddable":true,"href":"https:\/\/chilimag.hu\/webshop\/wp-json\/wp\/v2\/product_tag?post=8479"}],"curies":[{"name":"wp","href":"https:\/\/api.w.org\/{rel}","templated":true}]}}