{"id":8471,"date":"2019-12-12T04:55:46","date_gmt":"2019-12-12T04:55:46","guid":{"rendered":"https:\/\/chilimag.hu\/webshop\/?post_type=product&#038;p=8471"},"modified":"2025-09-23T12:10:11","modified_gmt":"2025-09-23T12:10:11","slug":"i-scream-scorpion","status":"publish","type":"product","link":"https:\/\/chilimag.hu\/webshop\/termek\/i-scream-scorpion\/","title":{"rendered":"I Scream Scorpion"},"content":{"rendered":"","protected":false},"excerpt":{"rendered":"<p><img decoding=\"async\" src=\"https:\/\/chilimag.hu\/webshop\/wp-content\/uploads\/2014\/11\/chilimag-logo-2-150x150.jpg\" \/><\/p>\n<p>&nbsp;<\/p>\n<p>Le\u00edr\u00e1s<\/p>\n<p>Ice Cream Scorpion n\u00e9ven is ismert, ez a paprika nagyszer\u0171 \u00edz\u0171 van\u00edlia \u00e9s grapefruit citrusf\u00e9l\u00e9kkel. Az I Scream Scorpion paprika valamivel kevesebb h\u0151vel rendelkezik, mint a t\u00f6bbi Scoville, a Scoville ezen a paprika 200 000 \u00e9s 500 000 k\u00f6z\u00f6tt mozog.<\/p>\n<p>I Scream Scorpion paprika 2-3 l\u00e1b magas paprikan\u00f6v\u00e9nyeken n\u0151. \u00c9szreveheti, hogy a paprik\u00e1k kezdenek form\u00e1l\u00f3dni, hasonl\u00f3 alakot vesznek fel, mint a Scorpion t\u00e1rsai, \u00e9s ak\u00e1r 3 h\u00fcvelyk hossz\u00faak is lehetnek. Megjegyz\u00e9s: ezek a paprik\u00e1k lassan cs\u00edr\u00e1znak, \u00e9s ak\u00e1r n\u00e9gy h\u00e9tig is eltarthat a kihajt\u00e1sig, \u00e9s 175 napig is tarthat. Az I Scream Scorpion a z\u00f6ldt\u0151l a vil\u00e1goss\u00e1rg\u00e1ig \u00e9rik, a narancss\u00e1rga \u00e1rnyalatokig. A skorpi\u00f3 fark\u00e1val megl\u00e1thatod, mennyire vesz\u00e9lyes ez a paprika, \u00e9s sikoltozhatsz is a forr\u00f3s\u00e1gt\u00f3l.<\/p>\n<p>Az I Scream Scorpion paprika nagyszer\u0171 \u00edz\u0171, egy csipetnyi van\u00edlia \u00e9s grapefruit citrusf\u00e9l\u00e9kkel \u00e9s valamivel kevesebb h\u0151vel, mint a t\u00f6bbi Scorpion. A Scoville ezen a t\u00edpuson 200 000 \u00e9s 500 000 k\u00f6z\u00f6tt mozog \u2013 hasonl\u00f3 a Habaneroshoz, de valamivel kevesebb a h\u0151, mint a legt\u00f6bb Scorpion. Ezt \u0151r\u00f6lve gy\u00f6ny\u00f6r\u0171, \u00e9l\u00e9nk sz\u00edn\u0171 port kaphat, vagy hozz\u00e1adhatja a f\u0171szeres \u00e9dess\u00e9get a k\u00f6vetkez\u0151 h\u00e1zi k\u00e9sz\u00edt\u00e9s\u0171 sz\u00f3szhoz.<\/p>\n<p>Gondoz\u00e1sa: A cs\u00edr\u00e1z\u00e1si h\u0151m\u00e9rs\u00e9klet 22\u00b0C \u00e9s 28\u00b0C k\u00f6z\u00f6tt van (cs\u00edr\u00e1z\u00e1si id\u0151: 8-21 nap); ez\u00e9rt \u00fcvegh\u00e1z \u00e9s f\u0171t\u0151sz\u0151nyeg haszn\u00e1lata javasolt. A n\u00f6v\u00e9nyeknek friss, j\u00f3l tr\u00e1gy\u00e1zott, v\u00edz\u00e1tereszt\u0151 talajra van sz\u00fcks\u00e9g\u00fck, nem t\u0171rik a bevizesed\u00e9st. Napos, v\u00e9dett helyre kell \u00fcltetni, ahol legal\u00e1bb 6 \u00f3ra napf\u00e9ny \u2013 lehet\u0151leg t\u00f6bb. Tedd ki a n\u00f6v\u00e9nyeket kb. 2-3 h\u00e9ttel az utols\u00f3 fagy ut\u00e1n. Mivel a n\u00f6v\u00e9nyeknek k\u00fcl\u00f6n\u00f6sen hossz\u00fa az \u00e9r\u00e9si ideje, \u00e9rdemes cser\u00e9pben termeszteni \u0151ket, \u00edgy a napk\u00f6zbeni h\u0151m\u00e9rs\u00e9klet 12\u00b0C al\u00e1 s\u00fcllyed\u00e9sekor k\u00f6nnyen be lehet vinni a n\u00f6v\u00e9nyt, \u00edgy minden gy\u00fcm\u00f6lcs be\u00e9rik. Ahhoz, hogy a n\u00f6v\u00e9nyt t\u00e9len is meg\u0151rizze, betakar\u00edt\u00e1s ut\u00e1n v\u00e1gja vissza 20 cm-rel, \u00e9s tegye vil\u00e1gos helyre, ahol legal\u00e1bb 15\u00b0C h\u0151m\u00e9rs\u00e9klet\u0171.<\/p>\n<p>A csomag 10 szem \u00a0magot tartalmaz<\/p>\n","protected":false},"featured_media":8472,"comment_status":"closed","ping_status":"closed","template":"","meta":[],"product_brand":[],"product_cat":[8],"product_tag":[],"class_list":{"0":"post-8471","1":"product","2":"type-product","3":"status-publish","4":"has-post-thumbnail","6":"product_cat-paprika","8":"first","9":"outofstock","10":"taxable","11":"shipping-taxable","12":"purchasable","13":"product-type-simple"},"_links":{"self":[{"href":"https:\/\/chilimag.hu\/webshop\/wp-json\/wp\/v2\/product\/8471","targetHints":{"allow":["GET"]}}],"collection":[{"href":"https:\/\/chilimag.hu\/webshop\/wp-json\/wp\/v2\/product"}],"about":[{"href":"https:\/\/chilimag.hu\/webshop\/wp-json\/wp\/v2\/types\/product"}],"replies":[{"embeddable":true,"href":"https:\/\/chilimag.hu\/webshop\/wp-json\/wp\/v2\/comments?post=8471"}],"wp:featuredmedia":[{"embeddable":true,"href":"https:\/\/chilimag.hu\/webshop\/wp-json\/wp\/v2\/media\/8472"}],"wp:attachment":[{"href":"https:\/\/chilimag.hu\/webshop\/wp-json\/wp\/v2\/media?parent=8471"}],"wp:term":[{"taxonomy":"product_brand","embeddable":true,"href":"https:\/\/chilimag.hu\/webshop\/wp-json\/wp\/v2\/product_brand?post=8471"},{"taxonomy":"product_cat","embeddable":true,"href":"https:\/\/chilimag.hu\/webshop\/wp-json\/wp\/v2\/product_cat?post=8471"},{"taxonomy":"product_tag","embeddable":true,"href":"https:\/\/chilimag.hu\/webshop\/wp-json\/wp\/v2\/product_tag?post=8471"}],"curies":[{"name":"wp","href":"https:\/\/api.w.org\/{rel}","templated":true}]}}