{"id":8469,"date":"2019-12-12T04:54:58","date_gmt":"2019-12-12T04:54:58","guid":{"rendered":"https:\/\/chilimag.hu\/webshop\/?post_type=product&#038;p=8469"},"modified":"2026-02-25T12:11:17","modified_gmt":"2026-02-25T12:11:17","slug":"jing-saw-peach-slp","status":"publish","type":"product","link":"https:\/\/chilimag.hu\/webshop\/termek\/jing-saw-peach-slp\/","title":{"rendered":"JingSaw Peach SLP"},"content":{"rendered":"","protected":false},"excerpt":{"rendered":"<p><img decoding=\"async\" src=\"https:\/\/chilimag.hu\/webshop\/wp-content\/uploads\/2014\/11\/chilimag-logo-2-150x150.jpg\" \/><\/p>\n<p>&nbsp;<\/p>\n<p>Le\u00edr\u00e1s<\/p>\n<p>A Jigsaw Peach paprika egy leny\u0171g\u00f6z\u0151 chili fajta, amely leny\u0171g\u00f6z\u0151 barack sz\u00edn\u0171 h\u00fcvelyeir\u0151l ismert. Ez a keresztezett paprika egyed\u00fcl\u00e1ll\u00f3, \u00e9l\u00e9nk \u00e1rnyalattal b\u00fcszk\u00e9lkedhet, amely gy\u00f6ny\u00f6r\u0171 kontrasztot alkot z\u00f6ld lombj\u00e1val. Eszt\u00e9tikai vonzerej\u00e9n t\u00fal a Jigsaw Peach paprika \u00e1t\u00fct\u0151 h\u0151t ad, \u00edgy a f\u0171szerkedvel\u0151k kedvence. \u00cdzprofilj\u00e1nak gy\u00fcm\u00f6lcs\u00f6s al\u00e1fest\u00e9se kieg\u00e9sz\u00edti a meleget, m\u00e9lys\u00e9get adva a kulin\u00e1ris alkot\u00e1soknak. Ez a fajta nem csak a kerti bemutat\u00f3, hanem a szak\u00e1cs \u00f6r\u00f6me is.<\/p>\n<p>F\u0171t\u00e9si fokozat 1.000.000 + SHU<\/p>\n<p>Capsicum Chinense<\/p>\n<p>Gondoz\u00e1sa:A cs\u00edr\u00e1z\u00e1si h\u0151m\u00e9rs\u00e9klet 22\u00b0C \u00e9s 30\u00b0C k\u00f6z\u00f6tt van (cs\u00edr\u00e1z\u00e1si id\u0151: 6-20 nap); ez\u00e9rt \u00fcvegh\u00e1z \u00e9s f\u0171t\u0151sz\u0151nyeg haszn\u00e1lata javasolt. A n\u00f6v\u00e9nyeknek friss, j\u00f3l tr\u00e1gy\u00e1zott v\u00edz\u00e1tereszt\u0151 talajra van sz\u00fcks\u00e9g\u00fck, \u00e9s nem szabad \u00e1ll\u00f3v\u00edzben hagyni. Napos, v\u00e9dett helyre kell helyezni, ahol legal\u00e1bb napi 6 \u00f3ra napf\u00e9ny \u00e9ri, ha nem t\u00f6bb. K\u00f6r\u00fclbel\u00fcl 2-3 h\u00e9ttel az utols\u00f3 fagy ut\u00e1n helyezze ki a n\u00f6v\u00e9nyeket a szabadba.<br \/>\nA csomag 10 szem magot tartalmaz<\/p>\n","protected":false},"featured_media":8470,"comment_status":"closed","ping_status":"closed","template":"","meta":[],"product_brand":[],"product_cat":[8],"product_tag":[],"class_list":{"0":"post-8469","1":"product","2":"type-product","3":"status-publish","4":"has-post-thumbnail","6":"product_cat-paprika","8":"first","9":"outofstock","10":"taxable","11":"shipping-taxable","12":"purchasable","13":"product-type-simple"},"_links":{"self":[{"href":"https:\/\/chilimag.hu\/webshop\/wp-json\/wp\/v2\/product\/8469","targetHints":{"allow":["GET"]}}],"collection":[{"href":"https:\/\/chilimag.hu\/webshop\/wp-json\/wp\/v2\/product"}],"about":[{"href":"https:\/\/chilimag.hu\/webshop\/wp-json\/wp\/v2\/types\/product"}],"replies":[{"embeddable":true,"href":"https:\/\/chilimag.hu\/webshop\/wp-json\/wp\/v2\/comments?post=8469"}],"wp:featuredmedia":[{"embeddable":true,"href":"https:\/\/chilimag.hu\/webshop\/wp-json\/wp\/v2\/media\/8470"}],"wp:attachment":[{"href":"https:\/\/chilimag.hu\/webshop\/wp-json\/wp\/v2\/media?parent=8469"}],"wp:term":[{"taxonomy":"product_brand","embeddable":true,"href":"https:\/\/chilimag.hu\/webshop\/wp-json\/wp\/v2\/product_brand?post=8469"},{"taxonomy":"product_cat","embeddable":true,"href":"https:\/\/chilimag.hu\/webshop\/wp-json\/wp\/v2\/product_cat?post=8469"},{"taxonomy":"product_tag","embeddable":true,"href":"https:\/\/chilimag.hu\/webshop\/wp-json\/wp\/v2\/product_tag?post=8469"}],"curies":[{"name":"wp","href":"https:\/\/api.w.org\/{rel}","templated":true}]}}