{"id":8465,"date":"2019-12-12T04:53:50","date_gmt":"2019-12-12T04:53:50","guid":{"rendered":"https:\/\/chilimag.hu\/webshop\/?post_type=product&#038;p=8465"},"modified":"2026-01-07T17:58:13","modified_gmt":"2026-01-07T17:58:13","slug":"big-mustard-mama","status":"publish","type":"product","link":"https:\/\/chilimag.hu\/webshop\/termek\/big-mustard-mama\/","title":{"rendered":"Big Mustard Mama"},"content":{"rendered":"","protected":false},"excerpt":{"rendered":"<p><img decoding=\"async\" src=\"https:\/\/chilimag.hu\/webshop\/wp-content\/uploads\/2014\/11\/chilimag-logo-2-150x150.jpg\" \/><\/p>\n<p>Le\u00edr\u00e1s<\/p>\n<p>Rendk\u00edv\u00fcl cs\u00edp\u0151s, sz\u00e9p megjelen\u00e9s\u0171, must\u00e1r sz\u00edn\u0171 chili paprika. Ennek a fajt\u00e1nak is csod\u00e1latos \u00edze van. Hat\u00e1rozottan a jobb \u00edz\u0171 a szupermen\u0151k k\u00f6z\u00fcl. Egyetlen n\u00f6v\u00e9ny j\u00f3 k\u00f6r\u00fclm\u00e9nyek k\u00f6z\u00f6tt elk\u00e9peszt\u0151 hozamot hoz ezekb\u0151l a nagyon r\u00e1ncos h\u00fcvelyekb\u0151l, amelyek olyan kin\u00e9zet\u0171ek, mint amit\u0151l f\u00e9lni fogsz! Kihagyhatatlan v\u00e1ltozatoss\u00e1g mindenkinek, aki szereti a szuper meleget. Dolgozd fel \u00a0ezt a finom, remek \u00edz\u0171 chilit porr\u00e1 vagy pelyhess\u00e9.<\/p>\n<p>Capsicum chinense<\/p>\n<p>Gondoz\u00e1sa:A cs\u00edr\u00e1z\u00e1si h\u0151m\u00e9rs\u00e9klet 20 \u00e9s 28\u00b0C k\u00f6z\u00f6tt van (7-20 napos cs\u00edr\u00e1z\u00e1si id\u0151), ez\u00e9rt \u00fcvegh\u00e1z \u00e9s f\u0171t\u0151sz\u0151nyeg haszn\u00e1lata javasolt. A n\u00f6v\u00e9nyeknek friss, j\u00f3l tr\u00e1gy\u00e1zott, v\u00edz\u00e1tereszt\u0151 talajra van sz\u00fcks\u00e9g\u00fck, nem t\u0171rik a bevizesed\u00e9st. Napos, v\u00e9dett helyre \u00fcltess\u00fck, ahol legal\u00e1bb 6 \u00f3ra \u2013 lehet\u0151leg t\u00f6bb \u2013 napf\u00e9ny \u00e9ri. Tedd ki a n\u00f6v\u00e9nyeket kb. 2-3 h\u00e9ttel az utols\u00f3 fagy ut\u00e1n.<\/p>\n<p>Scoville: 1,000,000,&#8211;<\/p>\n<p>A csomag 10 szem magot tartalmaz.<\/p>\n","protected":false},"featured_media":8466,"comment_status":"closed","ping_status":"closed","template":"","meta":[],"product_brand":[],"product_cat":[8],"product_tag":[],"class_list":{"0":"post-8465","1":"product","2":"type-product","3":"status-publish","4":"has-post-thumbnail","6":"product_cat-paprika","8":"first","9":"outofstock","10":"taxable","11":"shipping-taxable","12":"purchasable","13":"product-type-simple"},"_links":{"self":[{"href":"https:\/\/chilimag.hu\/webshop\/wp-json\/wp\/v2\/product\/8465","targetHints":{"allow":["GET"]}}],"collection":[{"href":"https:\/\/chilimag.hu\/webshop\/wp-json\/wp\/v2\/product"}],"about":[{"href":"https:\/\/chilimag.hu\/webshop\/wp-json\/wp\/v2\/types\/product"}],"replies":[{"embeddable":true,"href":"https:\/\/chilimag.hu\/webshop\/wp-json\/wp\/v2\/comments?post=8465"}],"wp:featuredmedia":[{"embeddable":true,"href":"https:\/\/chilimag.hu\/webshop\/wp-json\/wp\/v2\/media\/8466"}],"wp:attachment":[{"href":"https:\/\/chilimag.hu\/webshop\/wp-json\/wp\/v2\/media?parent=8465"}],"wp:term":[{"taxonomy":"product_brand","embeddable":true,"href":"https:\/\/chilimag.hu\/webshop\/wp-json\/wp\/v2\/product_brand?post=8465"},{"taxonomy":"product_cat","embeddable":true,"href":"https:\/\/chilimag.hu\/webshop\/wp-json\/wp\/v2\/product_cat?post=8465"},{"taxonomy":"product_tag","embeddable":true,"href":"https:\/\/chilimag.hu\/webshop\/wp-json\/wp\/v2\/product_tag?post=8465"}],"curies":[{"name":"wp","href":"https:\/\/api.w.org\/{rel}","templated":true}]}}