{"id":843,"date":"2014-11-19T09:28:14","date_gmt":"2014-11-19T09:28:14","guid":{"rendered":"https:\/\/chilimag.hu\/webshop\/?post_type=product&#038;p=843"},"modified":"2026-03-08T11:40:25","modified_gmt":"2026-03-08T11:40:25","slug":"indigo-rose","status":"publish","type":"product","link":"https:\/\/chilimag.hu\/webshop\/termek\/indigo-rose\/","title":{"rendered":"Indigo Blue Berries Bio  B-S Paradicsom"},"content":{"rendered":"<div><\/div>\n<div><\/div>\n","protected":false},"excerpt":{"rendered":"<p><img decoding=\"async\" src=\"https:\/\/chilimag.hu\/webshop\/wp-content\/uploads\/2022\/10\/bobby-seeds-test-logo-150x150.png\" \/><\/p>\n<p>&nbsp;<\/p>\n<p>Le\u00edr\u00e1<\/p>\n<p>Term\u00e9kinform\u00e1ci\u00f3 &#8222;Paradicsom Indigo Blue Berries ORGANIC&#8221;<\/p>\n<p>Meglehet\u0151sen korai kokt\u00e9lparadicsom, 10-15 gramm k\u00f6r\u00fcli, j\u00f3 \u00edz\u0171. A n\u00f6v\u00e9ny er\u0151s \u00e9s eg\u00e9szs\u00e9ges lesz. A term\u00e9sek a naps\u00fct\u00f6tte oldalon k\u00e9keslil\u00e1k sz\u00edn\u0171ek. A lila sz\u00edn oka a gy\u00fcm\u00f6lcs\u00f6k magas antocianin tartalma. Az antocianinok eg\u00e9szs\u00e9gjav\u00edt\u00f3 hat\u00e1s\u00faak. A k\u00e9k bogy\u00f3k term\u00e9sei csak akkor \u00e1llnak k\u00e9szen a betakar\u00edt\u00e1sra, ha a gy\u00fcm\u00f6lcs pirosra v\u00e1lt. Ilyenkor k\u00fcl\u00f6n\u00f6sen sz\u00e9p sz\u00ednhat\u00e1sa van, alul v\u00f6r\u00f6ses, fel\u00fcl k\u00e9kes.<\/p>\n<p>Lycopersicon lycopersicum<br \/>\nA betakar\u00edt\u00e1s j\u00falius k\u00f6zep\u00e9t\u0151l\/v\u00e9g\u00e9t\u0151l szeptemberig tart<br \/>\nVet\u00e9s 20-25 \u00b0C-on febru\u00e1rt\u00f3l \u00e1prilisig, majd el\u0151teny\u00e9szt\u00e9s<\/p>\n<p>Paradicsom tipp:<br \/>\nSoha ne \u00f6nt\u00f6zze a n\u00f6v\u00e9nyeket csaphideg v\u00edzzel; a v\u00edznek legal\u00e1bb szobah\u0151m\u00e9rs\u00e9klet\u0171nek kell lennie. Mindig \u00fcgyeljen arra, hogy a levelek sz\u00e1razak maradjanak, hogy a paradicsom rothad\u00e1sa kisebb legyen.<\/p>\n<p>A csomag 10 szem magot tartalmaz<\/p>\n","protected":false},"featured_media":18682,"comment_status":"open","ping_status":"closed","template":"","meta":[],"product_brand":[],"product_cat":[10],"product_tag":[],"class_list":{"0":"post-843","1":"product","2":"type-product","3":"status-publish","4":"has-post-thumbnail","6":"product_cat-paradicsom","8":"first","9":"outofstock","10":"taxable","11":"shipping-taxable","12":"purchasable","13":"product-type-simple"},"_links":{"self":[{"href":"https:\/\/chilimag.hu\/webshop\/wp-json\/wp\/v2\/product\/843","targetHints":{"allow":["GET"]}}],"collection":[{"href":"https:\/\/chilimag.hu\/webshop\/wp-json\/wp\/v2\/product"}],"about":[{"href":"https:\/\/chilimag.hu\/webshop\/wp-json\/wp\/v2\/types\/product"}],"replies":[{"embeddable":true,"href":"https:\/\/chilimag.hu\/webshop\/wp-json\/wp\/v2\/comments?post=843"}],"wp:featuredmedia":[{"embeddable":true,"href":"https:\/\/chilimag.hu\/webshop\/wp-json\/wp\/v2\/media\/18682"}],"wp:attachment":[{"href":"https:\/\/chilimag.hu\/webshop\/wp-json\/wp\/v2\/media?parent=843"}],"wp:term":[{"taxonomy":"product_brand","embeddable":true,"href":"https:\/\/chilimag.hu\/webshop\/wp-json\/wp\/v2\/product_brand?post=843"},{"taxonomy":"product_cat","embeddable":true,"href":"https:\/\/chilimag.hu\/webshop\/wp-json\/wp\/v2\/product_cat?post=843"},{"taxonomy":"product_tag","embeddable":true,"href":"https:\/\/chilimag.hu\/webshop\/wp-json\/wp\/v2\/product_tag?post=843"}],"curies":[{"name":"wp","href":"https:\/\/api.w.org\/{rel}","templated":true}]}}