{"id":837,"date":"2014-11-19T09:25:53","date_gmt":"2014-11-19T09:25:53","guid":{"rendered":"https:\/\/chilimag.hu\/webshop\/?post_type=product&#038;p=837"},"modified":"2025-08-11T12:43:32","modified_gmt":"2025-08-11T12:43:32","slug":"green-plum","status":"publish","type":"product","link":"https:\/\/chilimag.hu\/webshop\/termek\/green-plum\/","title":{"rendered":"Green Plum B Paradicsom"},"content":{"rendered":"<div><\/div>\n<div><\/div>\n","protected":false},"excerpt":{"rendered":"<p><img decoding=\"async\" src=\"https:\/\/chilimag.hu\/webshop\/wp-content\/uploads\/2014\/11\/chilimag-logo-2-150x150.jpg\" \/><\/p>\n<p>&nbsp;<\/p>\n<p>Le\u00edr\u00e1sA botanikailag Solanum lycopersicumk\u00e9nt besorolt \u200b\u200bz\u00f6ld szilv\u00e1s cseresznyeparadicsom apr\u00f3 term\u00e9s, amely leveles, t\u00f6m\u00f6r n\u00f6v\u00e9nyeken n\u0151, 1-3 m\u00e9ter magasra is, \u00e9s a Solanaceae vagy a nad\u00e1lyt\u0151 csal\u00e1d tagjai.Folyton n\u00f6v\u0151,\u00a0nagyon b\u0151term\u0151.A z\u00f6ld szilv\u00e1s cseresznyeparadicsom kis m\u00e9ret\u0171, \u00e1tlagosan 2-3 centim\u00e9ter \u00e1tm\u00e9r\u0151j\u0171, hossz\u00fak\u00e1s vagy g\u00f6mb alak\u00fa, lekerek\u00edtett v\u00e9gekkel. A feszes b\u0151r f\u00e9nyes, sima, v\u00e9kony \u00e9s halv\u00e1nyz\u00f6ld. A feszes b\u0151r alatt a z\u00f6ld h\u00fas ropog\u00f3s \u00e9s l\u00e9d\u00fas, cs\u00fasz\u00f3s, folyad\u00e9kkal teli k\u00f6zepe sok apr\u00f3, kr\u00e9msz\u00edn\u0171 magot tartalmaz. A z\u00f6ld szilv\u00e1s cseresznye paradicsom ropog\u00f3s, l\u00e1gy \u00e1llag\u00fa, \u00edze az \u00e9dest\u0151l a fanyart\u00f3l az enyh\u00e9n savasig terjed.<\/p>\n<p>Gondoz\u00e1sa:A\u00a0paradicsomot, \u00fcvegh\u00e1zban vagy a szabadban termesztheti. Az optim\u00e1lis cs\u00edr\u00e1z\u00e1si h\u0151m\u00e9rs\u00e9klet 20 \u00e9s 25\u00b0C k\u00f6z\u00f6tt van, a cs\u00edr\u00e1z\u00e1s 8-14 nap ut\u00e1n k\u00f6vetkezik be. Felgyors\u00edthatja a cs\u00edr\u00e1z\u00e1si folyamatot, ha a magokat egy \u00e9jszak\u00e1n \u00e1t nedves ruh\u00e1ban hagyja \u00e1zni. V\u00e1rjon az utols\u00f3 fagy ut\u00e1n a kiv\u00e1lasztott n\u00f6v\u00e9nyek \u00fcltet\u00e9s\u00e9vel.<\/p>\n<p>A paradicsomnak friss, j\u00f3l tr\u00e1gy\u00e1zott, v\u00edz\u00e1tereszt\u0151 talajra van sz\u00fcks\u00e9ge, amelyet nedvesen (de nem nedvesen!) kell tartani. Napos, v\u00e9dett helyre kell \u00fcltetni, ahol legal\u00e1bb 6 \u00f3ra napf\u00e9ny \u2013 lehet\u0151leg t\u00f6bb.<\/p>\n<p>A csomag 10 szem magot tartalmaz<\/p>\n<p>&nbsp;<\/p>\n","protected":false},"featured_media":3788,"comment_status":"open","ping_status":"closed","template":"","meta":[],"product_brand":[],"product_cat":[10],"product_tag":[],"class_list":{"0":"post-837","1":"product","2":"type-product","3":"status-publish","4":"has-post-thumbnail","6":"product_cat-paradicsom","8":"first","9":"instock","10":"taxable","11":"shipping-taxable","12":"purchasable","13":"product-type-simple"},"_links":{"self":[{"href":"https:\/\/chilimag.hu\/webshop\/wp-json\/wp\/v2\/product\/837","targetHints":{"allow":["GET"]}}],"collection":[{"href":"https:\/\/chilimag.hu\/webshop\/wp-json\/wp\/v2\/product"}],"about":[{"href":"https:\/\/chilimag.hu\/webshop\/wp-json\/wp\/v2\/types\/product"}],"replies":[{"embeddable":true,"href":"https:\/\/chilimag.hu\/webshop\/wp-json\/wp\/v2\/comments?post=837"}],"wp:featuredmedia":[{"embeddable":true,"href":"https:\/\/chilimag.hu\/webshop\/wp-json\/wp\/v2\/media\/3788"}],"wp:attachment":[{"href":"https:\/\/chilimag.hu\/webshop\/wp-json\/wp\/v2\/media?parent=837"}],"wp:term":[{"taxonomy":"product_brand","embeddable":true,"href":"https:\/\/chilimag.hu\/webshop\/wp-json\/wp\/v2\/product_brand?post=837"},{"taxonomy":"product_cat","embeddable":true,"href":"https:\/\/chilimag.hu\/webshop\/wp-json\/wp\/v2\/product_cat?post=837"},{"taxonomy":"product_tag","embeddable":true,"href":"https:\/\/chilimag.hu\/webshop\/wp-json\/wp\/v2\/product_tag?post=837"}],"curies":[{"name":"wp","href":"https:\/\/api.w.org\/{rel}","templated":true}]}}