{"id":810,"date":"2014-11-17T08:03:47","date_gmt":"2014-11-17T08:03:47","guid":{"rendered":"https:\/\/chilimag.hu\/webshop\/?post_type=product&#038;p=810"},"modified":"2026-02-01T06:38:22","modified_gmt":"2026-02-01T06:38:22","slug":"marmande-garnier-rouge","status":"publish","type":"product","link":"https:\/\/chilimag.hu\/webshop\/termek\/marmande-garnier-rouge\/","title":{"rendered":"Marmande Garnier Rouge B Paradicsom"},"content":{"rendered":"","protected":false},"excerpt":{"rendered":"<div><img decoding=\"async\" src=\"https:\/\/chilimag.hu\/webshop\/wp-content\/uploads\/2014\/11\/chilimag-logo-2-150x150.jpg\" \/><\/div>\n<div><\/div>\n<div><\/div>\n<div>\n<p>Le\u00edr\u00e1s<\/p>\n<p>A Marmande Garnier Rouge paradicsom egy nagy, \u00edzes marhasteak paradicsom Provence-b\u00f3l. \u00a0Azt jelenti, hogy k\u00fcl\u00f6n\u00f6sen korai, \u00e9s ennek a fajt\u00e1nak a gy\u00fcm\u00f6lcs\u00e9r\u00e9si ideje mind\u00f6ssze 65 nap. A paradicsom s\u00falya el\u00e9rheti a 250 g-ot, pirosra \u00e9rik, \u00e9s \u00e9desen \u00edzes. A gy\u00fcm\u00f6lcs\u00f6k v\u00e1g\u00e1s\u00e1ll\u00f3ak, ez\u00e9rt alkalmasak sal\u00e1t\u00e1kra, szendvicsekre vagy mozzarell\u00e1s paradicsomra. A n\u00f6v\u00e9nyek bokrosak \u00e9s ak\u00e1r 180 cm magasak is.<\/p>\n<p>Gondoz\u00e1s: A Marmande Garnier Rouge paradicsomot, \u00fcvegh\u00e1zban vagy a szabadban termesztheti. Az optim\u00e1lis cs\u00edr\u00e1z\u00e1si h\u0151m\u00e9rs\u00e9klet 20 \u00e9s 25\u00b0C k\u00f6z\u00f6tt van, a cs\u00edr\u00e1z\u00e1s 8-14 nap ut\u00e1n k\u00f6vetkezik be. Felgyors\u00edthatja a cs\u00edr\u00e1z\u00e1si folyamatot, ha a magokat egy \u00e9jszak\u00e1n \u00e1t nedves ruh\u00e1ban hagyja \u00e1zni. V\u00e1rjon az utols\u00f3 fagy ut\u00e1n a kiv\u00e1lasztott n\u00f6v\u00e9nyek \u00fcltet\u00e9s\u00e9vel.<\/p>\n<p>A paradicsomnak friss, j\u00f3l tr\u00e1gy\u00e1zott, v\u00edz\u00e1tereszt\u0151 talajra van sz\u00fcks\u00e9ge, amelyet nedvesen (de nem nedvesen!) kell tartani. Napos, v\u00e9dett helyre \u00fcltess\u00fck, ahol legal\u00e1bb 6 \u00f3ra \u2013 lehet\u0151leg t\u00f6bb \u2013 napf\u00e9ny \u00e9ri.<\/p>\n<p>T\u00edpus Marmande Garnier Rouge Paradicsom<br \/>\nOptim\u00e1lis cs\u00edr\u00e1z\u00e1si h\u0151m\u00e9rs\u00e9klet 20 &#8211; 25 \u00b0C<br \/>\nVet\u00e9s febru\u00e1r-\u00e1prilis<br \/>\nCs\u00edr\u00e1z\u00e1si id\u0151 8-14 nap<br \/>\nN\u00f6v\u00e9nyn\u00f6veked\u00e9si szok\u00e1s kb. 130-180 cm magas<br \/>\nGy\u00fcm\u00f6lcs megjelen\u00e9se piros, lapos kerek, kb. 170-250 g, marhasteak paradicsom<br \/>\n\u00cdze \u00e9desen \u00edzes, h\u00fasos, v\u00e1g\u00e1s\u00e1ll\u00f3<br \/>\nBetakar\u00edt\u00e1s j\u00fanius v\u00e9g\u00e9t\u0151l\/j\u00falius elej\u00e9t\u0151l szeptemberig<br \/>\nSz\u00e1rmaz\u00e1sa Franciaorsz\u00e1g<\/p>\n<\/div>\n<div><\/div>\n<p>A csomag 10 szem magot tartalmaz<\/p>\n","protected":false},"featured_media":811,"comment_status":"open","ping_status":"closed","template":"","meta":[],"product_brand":[],"product_cat":[10],"product_tag":[],"class_list":{"0":"post-810","1":"product","2":"type-product","3":"status-publish","4":"has-post-thumbnail","6":"product_cat-paradicsom","8":"first","9":"outofstock","10":"taxable","11":"shipping-taxable","12":"purchasable","13":"product-type-simple"},"_links":{"self":[{"href":"https:\/\/chilimag.hu\/webshop\/wp-json\/wp\/v2\/product\/810","targetHints":{"allow":["GET"]}}],"collection":[{"href":"https:\/\/chilimag.hu\/webshop\/wp-json\/wp\/v2\/product"}],"about":[{"href":"https:\/\/chilimag.hu\/webshop\/wp-json\/wp\/v2\/types\/product"}],"replies":[{"embeddable":true,"href":"https:\/\/chilimag.hu\/webshop\/wp-json\/wp\/v2\/comments?post=810"}],"wp:featuredmedia":[{"embeddable":true,"href":"https:\/\/chilimag.hu\/webshop\/wp-json\/wp\/v2\/media\/811"}],"wp:attachment":[{"href":"https:\/\/chilimag.hu\/webshop\/wp-json\/wp\/v2\/media?parent=810"}],"wp:term":[{"taxonomy":"product_brand","embeddable":true,"href":"https:\/\/chilimag.hu\/webshop\/wp-json\/wp\/v2\/product_brand?post=810"},{"taxonomy":"product_cat","embeddable":true,"href":"https:\/\/chilimag.hu\/webshop\/wp-json\/wp\/v2\/product_cat?post=810"},{"taxonomy":"product_tag","embeddable":true,"href":"https:\/\/chilimag.hu\/webshop\/wp-json\/wp\/v2\/product_tag?post=810"}],"curies":[{"name":"wp","href":"https:\/\/api.w.org\/{rel}","templated":true}]}}