{"id":766,"date":"2014-11-11T15:22:30","date_gmt":"2014-11-11T15:22:30","guid":{"rendered":"https:\/\/chilimag.hu\/webshop\/?post_type=product&#038;p=766"},"modified":"2026-01-12T01:12:47","modified_gmt":"2026-01-12T01:12:47","slug":"aji-calatenango","status":"publish","type":"product","link":"https:\/\/chilimag.hu\/webshop\/termek\/aji-calatenango\/","title":{"rendered":"Aji Calatenango"},"content":{"rendered":"","protected":false},"excerpt":{"rendered":"<div>\n<p><img decoding=\"async\" src=\"https:\/\/chilimag.hu\/webshop\/wp-content\/uploads\/2014\/11\/chilimag-logo-2-150x150.jpg\" \/><\/p>\n<p>Le\u00edr\u00e1s<\/p>\n<p>Capsicum baccatum Sz\u00e9p fajta El Salvadorb\u00f3l, nagyon \u00edzletes h\u00fcvelyekkel, k\u00f6zepes cs\u00edp\u0151s\u00e9ggel. A n\u00f6v\u00e9nyek nagyon j\u00f3l n\u0151nek cser\u00e9pben, j\u00f3 hozammal. Ebb\u0151l a paprik\u00e1b\u00f3l kiv\u00e1l\u00f3 p\u00f3r paprika k\u00e9sz\u00edthet\u0151. \u00a015.000-25.000 SHU<\/p>\n<\/div>\n<div>Gondoz\u00e1sa:A cs\u00edr\u00e1z\u00e1si h\u0151m\u00e9rs\u00e9klet 22\u00b0C \u00e9s 30\u00b0C k\u00f6z\u00f6tt van (cs\u00edr\u00e1z\u00e1si id\u0151: 6-20 nap); ez\u00e9rt \u00fcvegh\u00e1z \u00e9s f\u0171t\u0151sz\u0151nyeg haszn\u00e1lata javasolt. A n\u00f6v\u00e9nyeknek friss, j\u00f3l tr\u00e1gy\u00e1zott v\u00edz\u00e1tereszt\u0151 talajra van sz\u00fcks\u00e9g\u00fck, \u00e9s nem szabad \u00e1ll\u00f3v\u00edzben hagyni. Napos, v\u00e9dett helyre kell helyezni, ahol legal\u00e1bb napi 6 \u00f3ra napf\u00e9ny \u00e9ri, ha nem t\u00f6bb. K\u00f6r\u00fclbel\u00fcl 2-3 h\u00e9ttel az utols\u00f3 fagy ut\u00e1n helyezze ki a n\u00f6v\u00e9nyeket a szabadba.<\/div>\n<div>A csomag 10 \u00a0szem magot \u00a0tartalmaz<\/div>\n","protected":false},"featured_media":767,"comment_status":"open","ping_status":"closed","template":"","meta":[],"product_brand":[],"product_cat":[8],"product_tag":[],"class_list":{"0":"post-766","1":"product","2":"type-product","3":"status-publish","4":"has-post-thumbnail","6":"product_cat-paprika","8":"first","9":"outofstock","10":"taxable","11":"shipping-taxable","12":"purchasable","13":"product-type-simple"},"_links":{"self":[{"href":"https:\/\/chilimag.hu\/webshop\/wp-json\/wp\/v2\/product\/766","targetHints":{"allow":["GET"]}}],"collection":[{"href":"https:\/\/chilimag.hu\/webshop\/wp-json\/wp\/v2\/product"}],"about":[{"href":"https:\/\/chilimag.hu\/webshop\/wp-json\/wp\/v2\/types\/product"}],"replies":[{"embeddable":true,"href":"https:\/\/chilimag.hu\/webshop\/wp-json\/wp\/v2\/comments?post=766"}],"wp:featuredmedia":[{"embeddable":true,"href":"https:\/\/chilimag.hu\/webshop\/wp-json\/wp\/v2\/media\/767"}],"wp:attachment":[{"href":"https:\/\/chilimag.hu\/webshop\/wp-json\/wp\/v2\/media?parent=766"}],"wp:term":[{"taxonomy":"product_brand","embeddable":true,"href":"https:\/\/chilimag.hu\/webshop\/wp-json\/wp\/v2\/product_brand?post=766"},{"taxonomy":"product_cat","embeddable":true,"href":"https:\/\/chilimag.hu\/webshop\/wp-json\/wp\/v2\/product_cat?post=766"},{"taxonomy":"product_tag","embeddable":true,"href":"https:\/\/chilimag.hu\/webshop\/wp-json\/wp\/v2\/product_tag?post=766"}],"curies":[{"name":"wp","href":"https:\/\/api.w.org\/{rel}","templated":true}]}}