{"id":7630,"date":"2019-01-24T20:25:57","date_gmt":"2019-01-24T20:25:57","guid":{"rendered":"https:\/\/chilimag.hu\/webshop\/?post_type=product&#038;p=7630"},"modified":"2026-02-04T17:22:31","modified_gmt":"2026-02-04T17:22:31","slug":"numex-centennial","status":"publish","type":"product","link":"https:\/\/chilimag.hu\/webshop\/termek\/numex-centennial\/","title":{"rendered":"Numex Centennial"},"content":{"rendered":"<p>&nbsp;<\/p>\n<p>&nbsp;<\/p>\n","protected":false},"excerpt":{"rendered":"<p><img decoding=\"async\" src=\"https:\/\/chilimag.hu\/webshop\/wp-content\/uploads\/2014\/11\/chilimag-logo-2-150x150.jpg\" \/><\/p>\n<p>&nbsp;<\/p>\n<p>Le\u00edr\u00e1s<\/p>\n<p>A NuMex Centennial az \u00daj-Mexik\u00f3i \u00c1llami Egyetem (NuMex) \u00faj nemes\u00edt\u00e9se, amelyet az egyetem 100. \u00e9vfordul\u00f3j\u00e1ra teny\u00e9sztettek ki 1988-ban. Chilihez k\u00e9pest szokatlan form\u00e1ja van, kerek, n\u00e9ha csepp alak\u00fa term\u00e9sei \u00e9s k\u00fcl\u00f6nlegess\u00e9gei. sz\u00ednsor az iboly\u00e1t\u00f3l a narancson \u00e1t a pirosig. A n\u00f6v\u00e9nyek bokrosak, el\u00e9rik kb. 70-80 cm magas, \u00e9s k\u00fcl\u00f6n\u00f6sen alkalmas cser\u00e9pben vagy kont\u00e9nerben t\u00f6rt\u00e9n\u0151 termeszt\u00e9sre. A sz\u00e1mos sz\u00ednes gy\u00fcm\u00f6lcs nagyon szemet gy\u00f6ny\u00f6rk\u00f6dtet\u0151 az erk\u00e9lyen vagy a kertben.<\/p>\n<p>Gondoz\u00e1sa: A cs\u00edr\u00e1z\u00e1si h\u0151m\u00e9rs\u00e9klet 21 \u00e9s 28\u00b0C k\u00f6z\u00f6tt van (10-20 napos cs\u00edr\u00e1z\u00e1si id\u0151), ez\u00e9rt \u00fcvegh\u00e1z \u00e9s f\u0171t\u0151sz\u0151nyeg haszn\u00e1lata javasolt. A n\u00f6v\u00e9nyeknek friss, j\u00f3l tr\u00e1gy\u00e1zott, v\u00edz\u00e1tereszt\u0151 talajra van sz\u00fcks\u00e9g\u00fck, nem t\u0171rik a bevizesed\u00e9st. Napos, v\u00e9dett helyre \u00fcltess\u00fck, ahol legal\u00e1bb 6 \u00f3ra \u2013 lehet\u0151leg t\u00f6bb \u2013 napf\u00e9ny \u00e9ri. Tedd ki a n\u00f6v\u00e9nyeket kb. 2-3 h\u00e9ttel az utols\u00f3 fagy ut\u00e1n.<\/p>\n<p>Capsicum annuum t\u00edpus<br \/>\nF\u0171szeress\u00e9gi szint 7<br \/>\nScoville 15.000 &#8211; 30.000 SHU<br \/>\noptim\u00e1lis cs\u00edr\u00e1z\u00e1si h\u0151m\u00e9rs\u00e9klet 21 &#8211; 28 \u00b0C<br \/>\nVet\u00e9s jan. &#8211; \u00e1pr.<br \/>\nVir\u00e1gok feh\u00e9rek (m\u00e1jus-augusztus)<br \/>\nN\u00f6v\u00e9nyn\u00f6veked\u00e9si szok\u00e1s bokros, kb. 70-80 cm magas<br \/>\nIbolya s\u00e1rg\u00e1t\u00f3l\/narancst\u00f3l v\u00f6r\u00f6sig \u00e9rik<br \/>\nGy\u00fcm\u00f6lcs megjelen\u00e9se kerek, csepp alak\u00fa, kb. 2 x 3 cm<br \/>\n\u00c9r\u00e9si id\u0151 85-95 nap<br \/>\nSz\u00e1rmaz\u00e1si hely Mexik\u00f3<\/p>\n<p>A csomag 10 szem magot tartalmaz<\/p>\n","protected":false},"featured_media":7635,"comment_status":"closed","ping_status":"closed","template":"","meta":[],"product_brand":[],"product_cat":[8],"product_tag":[],"class_list":{"0":"post-7630","1":"product","2":"type-product","3":"status-publish","4":"has-post-thumbnail","6":"product_cat-paprika","8":"first","9":"outofstock","10":"taxable","11":"shipping-taxable","12":"purchasable","13":"product-type-simple"},"_links":{"self":[{"href":"https:\/\/chilimag.hu\/webshop\/wp-json\/wp\/v2\/product\/7630","targetHints":{"allow":["GET"]}}],"collection":[{"href":"https:\/\/chilimag.hu\/webshop\/wp-json\/wp\/v2\/product"}],"about":[{"href":"https:\/\/chilimag.hu\/webshop\/wp-json\/wp\/v2\/types\/product"}],"replies":[{"embeddable":true,"href":"https:\/\/chilimag.hu\/webshop\/wp-json\/wp\/v2\/comments?post=7630"}],"wp:featuredmedia":[{"embeddable":true,"href":"https:\/\/chilimag.hu\/webshop\/wp-json\/wp\/v2\/media\/7635"}],"wp:attachment":[{"href":"https:\/\/chilimag.hu\/webshop\/wp-json\/wp\/v2\/media?parent=7630"}],"wp:term":[{"taxonomy":"product_brand","embeddable":true,"href":"https:\/\/chilimag.hu\/webshop\/wp-json\/wp\/v2\/product_brand?post=7630"},{"taxonomy":"product_cat","embeddable":true,"href":"https:\/\/chilimag.hu\/webshop\/wp-json\/wp\/v2\/product_cat?post=7630"},{"taxonomy":"product_tag","embeddable":true,"href":"https:\/\/chilimag.hu\/webshop\/wp-json\/wp\/v2\/product_tag?post=7630"}],"curies":[{"name":"wp","href":"https:\/\/api.w.org\/{rel}","templated":true}]}}