{"id":751,"date":"2014-11-11T15:17:24","date_gmt":"2014-11-11T15:17:24","guid":{"rendered":"https:\/\/chilimag.hu\/webshop\/?post_type=product&#038;p=751"},"modified":"2026-01-26T19:33:39","modified_gmt":"2026-01-26T19:33:39","slug":"habanero-gambia","status":"publish","type":"product","link":"https:\/\/chilimag.hu\/webshop\/termek\/habanero-gambia\/","title":{"rendered":"Habanero gambia"},"content":{"rendered":"","protected":false},"excerpt":{"rendered":"<div><img decoding=\"async\" src=\"https:\/\/chilimag.hu\/webshop\/wp-content\/uploads\/2014\/11\/chilimag-logo-2-150x150.jpg\" \/><\/div>\n<div><\/div>\n<div>Le\u00edr\u00e1sA habanero gambia a nyugat-afrikai Gambi\u00e1b\u00f3l sz\u00e1rmaz\u00f3 chili fajta, b\u00e1r a habanero paprika val\u00f3j\u00e1ban a mexik\u00f3i Yucat\u00e1n-f\u00e9lszigetr\u0151l sz\u00e1rmazik.<\/p>\n<p>Ennek a paprika gy\u00fcm\u00f6lcs\u00e9nek nagyon vastag k\u00fcls\u0151 fala van, \u00e9s alakja hasonl\u00f3 az \u00e9des paprik\u00e1\u00e9hoz. Sima fel\u00fclet\u0171ek, r\u00e1ncosak, \u00e9s j\u00f3val nagyobbra n\u0151nek, mint a norm\u00e1l habaner\u00f3k. Vil\u00e1gosz\u00f6ldt\u0151l \u00e9l\u00e9nkv\u00f6r\u00f6sig \u00e9rik, \u00e9s arom\u00e1s gy\u00fcm\u00f6lcs\u00f6s \u00edz\u0171ek. A habanero gambia chili bokros n\u00f6veked\u00e9si form\u00e1val rendelkezik, \u00e9s j\u00f3 gondoz\u00e1s mellett sok nagy term\u00e9st tud hozni. Sz\u00e1r\u00edt\u00e1sra \u00e9ppolyan alkalmasak, mint sz\u00f3szok, sals\u00e1k \u00e9s chutneyk k\u00e9sz\u00edt\u00e9s\u00e9re.<\/p>\n<p>Gondoz\u00e1sa: A cs\u00edr\u00e1z\u00e1si h\u0151m\u00e9rs\u00e9klet 22\u00b0C \u00e9s 28\u00b0C k\u00f6z\u00f6tt van (cs\u00edr\u00e1z\u00e1si id\u0151: 12-21 nap); ez\u00e9rt \u00fcvegh\u00e1z \u00e9s f\u0171t\u0151sz\u0151nyeg haszn\u00e1lata javasolt. A n\u00f6v\u00e9nyeknek friss, j\u00f3l tr\u00e1gy\u00e1zott, v\u00edz\u00e1tereszt\u0151 talajra van sz\u00fcks\u00e9g\u00fck, nem t\u0171rik a bevizesed\u00e9st. Napos, v\u00e9dett helyre kell \u00fcltetni, ahol legal\u00e1bb 6 \u00f3ra napf\u00e9ny \u2013 lehet\u0151leg t\u00f6bb. Mivel a n\u00f6v\u00e9nyeknek k\u00fcl\u00f6n\u00f6sen hossz\u00fa az \u00e9r\u00e9si ideje, \u00e9rdemes cser\u00e9pben termeszteni \u0151ket, \u00edgy a napk\u00f6zbeni h\u0151m\u00e9rs\u00e9klet 12\u00b0C al\u00e1 s\u00fcllyed\u00e9sekor k\u00f6nnyen be lehet vinni a n\u00f6v\u00e9nyt, \u00edgy minden gy\u00fcm\u00f6lcs be\u00e9rik. Ahhoz, hogy a n\u00f6v\u00e9nyt t\u00e9len is meg\u0151rizze, betakar\u00edt\u00e1s ut\u00e1n v\u00e1gja vissza 20 cm-rel, \u00e9s tegye vil\u00e1gos helyre, ahol legal\u00e1bb 15\u00b0C h\u0151m\u00e9rs\u00e9klet\u0171.<\/p>\n<p>T\u00edpus: Capsicum chinense<br \/>\nF\u0171szerszint 10<br \/>\nScoville Ak\u00e1r 500 000 SHU<br \/>\nOptim\u00e1lis cs\u00edr\u00e1z\u00e1si h\u0151m\u00e9rs\u00e9klet 22 &#8211; 28 \u00b0C<br \/>\nVet\u00e9s dec \u2013 \u00e1pr<br \/>\nFeh\u00e9r vir\u00e1gok (m\u00e1jus-augusztus)<br \/>\nN\u00f6veked\u00e9si szok\u00e1sa Bokros, 75-100 cm magas<br \/>\n\u00c9r\u00e9s vil\u00e1gosz\u00f6ldt\u0151l v\u00f6r\u00f6sig<br \/>\nGy\u00fcm\u00f6lcs megjelen\u00e9se R\u00e1ncos, sima fel\u00fclet\u0171, kb. 4 x 8 cm<br \/>\n\u00c9rlel\u00e9si id\u0151 95-110 nap<br \/>\nSz\u00e1rmaz\u00e1si hely: Gambia<\/p>\n<\/div>\n<div>A csomag 10 szem magot tartalmaz<\/div>\n","protected":false},"featured_media":768,"comment_status":"open","ping_status":"closed","template":"","meta":[],"product_brand":[],"product_cat":[8],"product_tag":[],"class_list":{"0":"post-751","1":"product","2":"type-product","3":"status-publish","4":"has-post-thumbnail","6":"product_cat-paprika","8":"first","9":"outofstock","10":"taxable","11":"shipping-taxable","12":"purchasable","13":"product-type-simple"},"_links":{"self":[{"href":"https:\/\/chilimag.hu\/webshop\/wp-json\/wp\/v2\/product\/751","targetHints":{"allow":["GET"]}}],"collection":[{"href":"https:\/\/chilimag.hu\/webshop\/wp-json\/wp\/v2\/product"}],"about":[{"href":"https:\/\/chilimag.hu\/webshop\/wp-json\/wp\/v2\/types\/product"}],"replies":[{"embeddable":true,"href":"https:\/\/chilimag.hu\/webshop\/wp-json\/wp\/v2\/comments?post=751"}],"wp:featuredmedia":[{"embeddable":true,"href":"https:\/\/chilimag.hu\/webshop\/wp-json\/wp\/v2\/media\/768"}],"wp:attachment":[{"href":"https:\/\/chilimag.hu\/webshop\/wp-json\/wp\/v2\/media?parent=751"}],"wp:term":[{"taxonomy":"product_brand","embeddable":true,"href":"https:\/\/chilimag.hu\/webshop\/wp-json\/wp\/v2\/product_brand?post=751"},{"taxonomy":"product_cat","embeddable":true,"href":"https:\/\/chilimag.hu\/webshop\/wp-json\/wp\/v2\/product_cat?post=751"},{"taxonomy":"product_tag","embeddable":true,"href":"https:\/\/chilimag.hu\/webshop\/wp-json\/wp\/v2\/product_tag?post=751"}],"curies":[{"name":"wp","href":"https:\/\/api.w.org\/{rel}","templated":true}]}}