{"id":746,"date":"2014-11-11T15:14:58","date_gmt":"2014-11-11T15:14:58","guid":{"rendered":"https:\/\/chilimag.hu\/webshop\/?post_type=product&#038;p=746"},"modified":"2025-08-11T08:21:50","modified_gmt":"2025-08-11T08:21:50","slug":"explosive-ember","status":"publish","type":"product","link":"https:\/\/chilimag.hu\/webshop\/termek\/explosive-ember\/","title":{"rendered":"Explosive Ember"},"content":{"rendered":"<div><\/div>\n<p>&nbsp;<\/p>\n","protected":false},"excerpt":{"rendered":"<div><img decoding=\"async\" src=\"https:\/\/chilimag.hu\/webshop\/wp-content\/uploads\/2014\/11\/chilimag-logo-2-150x150.jpg\" \/><\/div>\n<div><\/div>\n<div>Le\u00edr\u00e1s<\/div>\n<div><span style=\"font-size: 16px;\">Az Explosive Ember Chili egy gy\u00f6ny\u00f6r\u0171 fajta, mivel a chili \u00e9s a levelek is gy\u00f6ny\u00f6r\u0171 sz\u00edn\u0171ek. A n\u00f6v\u00e9ny kicsire n\u0151, \u00e9s ide\u00e1lis az erk\u00e9lyeken \u00e9s ablakp\u00e1rk\u00e1nyokon t\u00f6rt\u00e9n\u0151 cserepes termeszt\u00e9shez. A h\u00fcvelyek f\u00fcgg\u0151legesen \u00e1llnak \u00e9s \u00e9rettek a lil\u00e1t\u00f3l a narancss\u00e1rg\u00e1ig \u00e9s a pirosig, ami sz\u00e9p kontraszt a s\u00f6t\u00e9tz\u00f6ld \u00e9s fekete levelekkel. A chili \u00edzletes \u00e9s nagyon forr\u00f3, \u00e9s alkalmas f\u0151z\u00e9sre, sz\u00e1r\u00edt\u00e1sra \u00e9s p\u00e1col\u00e1sra.<\/span><\/div>\n<div>\n<p>Gondoz\u00e1s: A cs\u00edr\u00e1z\u00e1si h\u0151m\u00e9rs\u00e9klet 22 \u00e9s 28\u00b0C k\u00f6z\u00f6tt van (8-20 napos cs\u00edr\u00e1z\u00e1si id\u0151), ez\u00e9rt \u00fcvegh\u00e1z \u00e9s meleg\u00edt\u0151p\u00e1rna haszn\u00e1lata javasolt. A n\u00f6v\u00e9nyeknek friss, j\u00f3l tr\u00e1gy\u00e1zott, v\u00edz\u00e1tereszt\u0151 talajra van sz\u00fcks\u00e9g\u00fck, nem t\u0171rik a bevizesed\u00e9st. Napos, v\u00e9dett helyre \u00fcltess\u00fck, ahol legal\u00e1bb 6 \u00f3ra \u2013 lehet\u0151leg t\u00f6bb \u2013 napf\u00e9ny \u00e9ri. Tedd ki a n\u00f6v\u00e9nyeket kb. 2-3 h\u00e9ttel az utols\u00f3 fagy ut\u00e1n.<\/p>\n<p>Capsicum annuum<\/p>\n<p><span style=\"font-size: 16px;\">7-es h\u0151fok<br \/>\nScoville 15 000 &#8211; 30 000 SHU<br \/>\noptim\u00e1lis cs\u00edr\u00e1z\u00e1si h\u0151m\u00e9rs\u00e9klet 22 &#8211; 28 \u00b0C<br \/>\nVet\u00e9s jan. &#8211; \u00e1pr.<br \/>\nVir\u00e1gok feh\u00e9rek (m\u00e1jus-j\u00falius)<br \/>\nN\u00f6v\u00e9nyn\u00f6veked\u00e9si szok\u00e1s kb. 45 cm, bokros<br \/>\nLil\u00e1t\u00f3l narancss\u00e1rg\u00e1ig \u00e9s v\u00f6r\u00f6sig \u00e9rik<br \/>\nGy\u00fcm\u00f6lcs megjelen\u00e9se f\u00fcgg\u0151leges, kb. 1 x 3 cm<br \/>\n\u00c9r\u00e9si id\u0151 85-95 nap<br \/>\nSz\u00e1rmaz\u00e1sa USA<\/span><\/p>\n<p><span style=\"font-size: 16px;\">A csomag 10 \u00a0szem magot tartalmaz<\/span><\/p>\n<\/div>\n","protected":false},"featured_media":747,"comment_status":"open","ping_status":"closed","template":"","meta":[],"product_brand":[],"product_cat":[8],"product_tag":[],"class_list":{"0":"post-746","1":"product","2":"type-product","3":"status-publish","4":"has-post-thumbnail","6":"product_cat-paprika","8":"first","9":"instock","10":"taxable","11":"shipping-taxable","12":"purchasable","13":"product-type-simple"},"_links":{"self":[{"href":"https:\/\/chilimag.hu\/webshop\/wp-json\/wp\/v2\/product\/746","targetHints":{"allow":["GET"]}}],"collection":[{"href":"https:\/\/chilimag.hu\/webshop\/wp-json\/wp\/v2\/product"}],"about":[{"href":"https:\/\/chilimag.hu\/webshop\/wp-json\/wp\/v2\/types\/product"}],"replies":[{"embeddable":true,"href":"https:\/\/chilimag.hu\/webshop\/wp-json\/wp\/v2\/comments?post=746"}],"wp:featuredmedia":[{"embeddable":true,"href":"https:\/\/chilimag.hu\/webshop\/wp-json\/wp\/v2\/media\/747"}],"wp:attachment":[{"href":"https:\/\/chilimag.hu\/webshop\/wp-json\/wp\/v2\/media?parent=746"}],"wp:term":[{"taxonomy":"product_brand","embeddable":true,"href":"https:\/\/chilimag.hu\/webshop\/wp-json\/wp\/v2\/product_brand?post=746"},{"taxonomy":"product_cat","embeddable":true,"href":"https:\/\/chilimag.hu\/webshop\/wp-json\/wp\/v2\/product_cat?post=746"},{"taxonomy":"product_tag","embeddable":true,"href":"https:\/\/chilimag.hu\/webshop\/wp-json\/wp\/v2\/product_tag?post=746"}],"curies":[{"name":"wp","href":"https:\/\/api.w.org\/{rel}","templated":true}]}}