{"id":7455,"date":"2018-12-18T21:00:18","date_gmt":"2018-12-18T21:00:18","guid":{"rendered":"https:\/\/chilimag.hu\/webshop\/?post_type=product&#038;p=7455"},"modified":"2026-02-14T12:30:59","modified_gmt":"2026-02-14T12:30:59","slug":"honaybee-sweet-yellow","status":"publish","type":"product","link":"https:\/\/chilimag.hu\/webshop\/termek\/honaybee-sweet-yellow\/","title":{"rendered":"Honeybee sweet yellow B Paradicsom"},"content":{"rendered":"<p>&nbsp;<\/p>\n<p>&nbsp;<\/p>\n<p>&nbsp;<\/p>\n","protected":false},"excerpt":{"rendered":"<p><img decoding=\"async\" src=\"https:\/\/chilimag.hu\/webshop\/wp-content\/uploads\/2014\/11\/chilimag-logo-2-150x150.jpg\" \/><\/p>\n<p>&nbsp;<\/p>\n<p>Le\u00edr\u00e1s<\/p>\n<p>A paradicsom `Honeybee` egy kiv\u00e9telesen \u00e9des, korai \u00e9r\u00e9s\u0171, \u00e9l\u00e9nks\u00e1rga kokt\u00e9lparadicsom. A finom, 2 cm \u00e1tm\u00e9r\u0151j\u0171 term\u00e9sek t\u00f6bb \u00e1gcsoportban, f\u00e9lig determin\u00e1lt n\u00f6v\u00e9nyi szok\u00e1son, szapor\u00e1n sz\u00fcletnek. Ide\u00e1lisak a sal\u00e1ta sz\u00ednfoltjak\u00e9nt, vagy egyszer\u0171en csak a bokorb\u00f3l val\u00f3 falatoz\u00e1shoz. B\u00e1r a n\u00f6v\u00e9nyek f\u00e9lig determin\u00e1nsan n\u0151nek, 1,5 m-es kar\u00f3z\u00e1s javasolt.<\/p>\n<p>Gondoz\u00e1s: Paradicsomot termeszthet otthon, \u00fcvegh\u00e1zban vagy kint. A magokat csak kiss\u00e9 takarja be talajjal. Az optim\u00e1lis cs\u00edr\u00e1z\u00e1si h\u0151m\u00e9rs\u00e9klet 20\u00b0C \u00e9s 25\u00b0C k\u00f6z\u00f6tt van, a cs\u00edr\u00e1z\u00e1s 5-15 nap m\u00falva k\u00f6vetkezik be. Felgyors\u00edthatja a cs\u00edr\u00e1z\u00e1st, ha egy \u00e9jszak\u00e1n \u00e1t nedves ruh\u00e1ban alapozza \u0151ket. A fiatal n\u00f6v\u00e9nyt csak az utols\u00f3 fagy ut\u00e1n szabad a szabadba \u00fcltetni.<\/p>\n<p>A paradicsomnak friss, j\u00f3l tr\u00e1gy\u00e1zott, v\u00edz\u00e1tereszt\u0151 talajra van sz\u00fcks\u00e9ge, amelyet nedvesen (de nem nedvesen!) kell tartani. Napos, v\u00e9dett helyre kell helyezni, ahol legal\u00e1bb napi 6 \u00f3ra napf\u00e9ny \u00e9ri, ha nem t\u00f6bb.<\/p>\n<p>Fajta M\u00e9zel\u0151 paradicsom<br \/>\nOptim\u00e1lis cs\u00edr\u00e1z\u00e1si h\u0151m\u00e9rs\u00e9klet 20 &#8211; 25 \u00b0C<br \/>\nVet\u00e9s febru\u00e1r-m\u00e1jus<br \/>\nCs\u00edr\u00e1z\u00e1si id\u0151 5-15 nap<br \/>\nN\u00f6v\u00e9nyi n\u00f6veked\u00e9si szok\u00e1sa 150 cm magas, kar\u00f3paradicsom<br \/>\nGy\u00fcm\u00f6lcs megjelen\u00e9se kerek, s\u00e1rga, kb. 2 cm \u00e1tm\u00e9r\u0151j\u0171<br \/>\n\u00cdze kokt\u00e9lparadicsom, enyhe-\u00e9des<br \/>\nBetakar\u00edt\u00e1s j\u00faliust\u00f3l szeptemberig<br \/>\nSz\u00e1rmaz\u00e1sa USA<\/p>\n<p>A term\u00e9se s\u00e1rga m\u00e9z\u00e9des kokt\u00e9l paradicsom.<br \/>\nFolyton n\u00f6v\u0151 fajta.<br \/>\nA csomag 10 szem magot \u00a0tartalmaz.<\/p>\n","protected":false},"featured_media":7456,"comment_status":"closed","ping_status":"closed","template":"","meta":[],"product_brand":[],"product_cat":[10],"product_tag":[],"class_list":{"0":"post-7455","1":"product","2":"type-product","3":"status-publish","4":"has-post-thumbnail","6":"product_cat-paradicsom","8":"first","9":"outofstock","10":"taxable","11":"shipping-taxable","12":"purchasable","13":"product-type-simple"},"_links":{"self":[{"href":"https:\/\/chilimag.hu\/webshop\/wp-json\/wp\/v2\/product\/7455","targetHints":{"allow":["GET"]}}],"collection":[{"href":"https:\/\/chilimag.hu\/webshop\/wp-json\/wp\/v2\/product"}],"about":[{"href":"https:\/\/chilimag.hu\/webshop\/wp-json\/wp\/v2\/types\/product"}],"replies":[{"embeddable":true,"href":"https:\/\/chilimag.hu\/webshop\/wp-json\/wp\/v2\/comments?post=7455"}],"wp:featuredmedia":[{"embeddable":true,"href":"https:\/\/chilimag.hu\/webshop\/wp-json\/wp\/v2\/media\/7456"}],"wp:attachment":[{"href":"https:\/\/chilimag.hu\/webshop\/wp-json\/wp\/v2\/media?parent=7455"}],"wp:term":[{"taxonomy":"product_brand","embeddable":true,"href":"https:\/\/chilimag.hu\/webshop\/wp-json\/wp\/v2\/product_brand?post=7455"},{"taxonomy":"product_cat","embeddable":true,"href":"https:\/\/chilimag.hu\/webshop\/wp-json\/wp\/v2\/product_cat?post=7455"},{"taxonomy":"product_tag","embeddable":true,"href":"https:\/\/chilimag.hu\/webshop\/wp-json\/wp\/v2\/product_tag?post=7455"}],"curies":[{"name":"wp","href":"https:\/\/api.w.org\/{rel}","templated":true}]}}