{"id":744,"date":"2014-11-11T15:14:14","date_gmt":"2014-11-11T15:14:14","guid":{"rendered":"https:\/\/chilimag.hu\/webshop\/?post_type=product&#038;p=744"},"modified":"2025-08-11T09:44:23","modified_gmt":"2025-08-11T09:44:23","slug":"tabasco","status":"publish","type":"product","link":"https:\/\/chilimag.hu\/webshop\/termek\/tabasco\/","title":{"rendered":"Tabasco"},"content":{"rendered":"","protected":false},"excerpt":{"rendered":"<div><img decoding=\"async\" src=\"https:\/\/chilimag.hu\/webshop\/wp-content\/uploads\/2014\/11\/chilimag-logo-2-150x150.jpg\" \/><\/div>\n<div><\/div>\n<div>Le\u00edr\u00e1s<\/div>\n<div>\n<p>A tabasco fajt\u00e1t eredetileg a mexik\u00f3i Tabasco \u00e1llamban termesztett\u00e9k, \u00e9s a tizenkilencedik sz\u00e1zad k\u00f6zep\u00e9n v\u00e1lt ismertt\u00e9, amikor a louisianai sz\u00e9khely\u0171 McIlhenny c\u00e9g felhaszn\u00e1lta h\u00edres tabasco sz\u00f3sz\u00e1nak elk\u00e9sz\u00edt\u00e9s\u00e9hez. Mind ott, mind K\u00f6z\u00e9p- \u00e9s D\u00e9l-Amerik\u00e1ban hatalmas l\u00e9pt\u00e9kben termesztik ezt a chili fajt\u00e1t.<\/p>\n<p>A n\u00f6v\u00e9nyek bokros n\u00f6veked\u00e9si form\u00e1j\u00faak, \u00e9vel\u0151ek; ezen a sz\u00e9less\u00e9gi k\u00f6r\u00f6n ez\u00e9rt aj\u00e1nlatos cser\u00e9pben termeszteni \u0151ket, hogy t\u00e9len is el tudja tartani \u0151ket. A m\u00e1sodik \u00e9vt\u0151l \u00e1ltal\u00e1ban nagysz\u00e1m\u00fa term\u00e9st hoznak. A kis paprika felfel\u00e9 n\u0151, \u00e9s a z\u00f6ldt\u0151l a s\u00e1rg\u00e1n \u00e1t a pirosig \u00e9rik. B\u00e1r a gy\u00fcm\u00f6lcs k\u00fcls\u0151 falai v\u00e9konyak, az \u00edzes paprika b\u0151 lev\u00e9t tartalmaz. Emiatt kiv\u00e1l\u00f3an fogyaszthat\u00f3 frissen, \u00e9s mag\u00e1t\u00f3l \u00e9rtet\u0151dik, hogy sz\u00f3szokba is kiv\u00e1l\u00f3ak, de p\u00e1colhat\u00f3, sz\u00e1r\u00edthat\u00f3 vagy chilipor k\u00e9sz\u00edthet\u0151 bel\u0151le.<\/p>\n<p>Gondoz\u00e1sa: A cs\u00edr\u00e1z\u00e1si h\u0151m\u00e9rs\u00e9klet 22\u00b0C \u00e9s 28\u00b0C k\u00f6z\u00f6tt van (cs\u00edr\u00e1z\u00e1si id\u0151: 8-20 nap); ez\u00e9rt \u00fcvegh\u00e1z \u00e9s f\u0171t\u0151sz\u0151nyeg haszn\u00e1lata javasolt. A n\u00f6v\u00e9nyeknek friss, j\u00f3l tr\u00e1gy\u00e1zott v\u00edz\u00e1tereszt\u0151 talajra van sz\u00fcks\u00e9g\u00fck, \u00e9s nem szabad \u00e1ll\u00f3v\u00edzben hagyni. Napos, v\u00e9dett helyre kell helyezni, ahol legal\u00e1bb napi 6 \u00f3ra napf\u00e9ny \u00e9ri, ha nem t\u00f6bb. A n\u00f6v\u00e9nyek kihelyez\u00e9s\u00e9nek legkor\u00e1bbi id\u0151pontja az utols\u00f3 fagy ut\u00e1n 2-3 h\u00e9t. Mivel a n\u00f6v\u00e9ny \u00e9vel\u0151, cser\u00e9pben kell nevelni \u00e9s t\u00e9len \u00e1t tartani. El\u0151fordulhat, hogy kiss\u00e9 vissza kell v\u00e1gni, \u00e9s vil\u00e1gos helyre kell tenni, ahol legal\u00e1bb 15\u00b0C h\u0151m\u00e9rs\u00e9klet\u0171.<\/p>\n<p>T\u00edpus\u00fa Capsicum frutescens<br \/>\nF\u0171szerszint 8<br \/>\nScoville 30 000 &#8211; 50 000 SHU<br \/>\nOptim\u00e1lis cs\u00edr\u00e1z\u00e1si h\u0151m\u00e9rs\u00e9klet 22 &#8211; 28 \u00b0C<br \/>\nVet\u00e9s febru\u00e1r-\u00e1prilis<br \/>\nFeh\u00e9r vir\u00e1gok (m\u00e1jus-augusztus)<br \/>\nN\u00f6veked\u00e9si szok\u00e1sa Bokros, 60-150 cm magas<br \/>\n\u00c9rlel\u00e9s Z\u00f6ldt\u0151l s\u00e1rg\u00e1ig a v\u00f6r\u00f6sig<br \/>\nGy\u00fcm\u00f6lcs megjelen\u00e9se Hossz\u00fak\u00e1s, 1 x 4 cm, f\u00fcgg\u0151leges<br \/>\n\u00c9rlel\u00e9si id\u0151 70-90 nap<br \/>\nSz\u00e1rmaz\u00e1si hely Mexik\u00f3 \/ Louisiana<\/p>\n<\/div>\n<div><\/div>\n<div>A csomag 10 \u00a0szem magot \u00a0tartalmaz<\/div>\n","protected":false},"featured_media":745,"comment_status":"open","ping_status":"closed","template":"","meta":[],"product_brand":[],"product_cat":[8],"product_tag":[],"class_list":{"0":"post-744","1":"product","2":"type-product","3":"status-publish","4":"has-post-thumbnail","6":"product_cat-paprika","8":"first","9":"instock","10":"taxable","11":"shipping-taxable","12":"purchasable","13":"product-type-simple"},"_links":{"self":[{"href":"https:\/\/chilimag.hu\/webshop\/wp-json\/wp\/v2\/product\/744","targetHints":{"allow":["GET"]}}],"collection":[{"href":"https:\/\/chilimag.hu\/webshop\/wp-json\/wp\/v2\/product"}],"about":[{"href":"https:\/\/chilimag.hu\/webshop\/wp-json\/wp\/v2\/types\/product"}],"replies":[{"embeddable":true,"href":"https:\/\/chilimag.hu\/webshop\/wp-json\/wp\/v2\/comments?post=744"}],"wp:featuredmedia":[{"embeddable":true,"href":"https:\/\/chilimag.hu\/webshop\/wp-json\/wp\/v2\/media\/745"}],"wp:attachment":[{"href":"https:\/\/chilimag.hu\/webshop\/wp-json\/wp\/v2\/media?parent=744"}],"wp:term":[{"taxonomy":"product_brand","embeddable":true,"href":"https:\/\/chilimag.hu\/webshop\/wp-json\/wp\/v2\/product_brand?post=744"},{"taxonomy":"product_cat","embeddable":true,"href":"https:\/\/chilimag.hu\/webshop\/wp-json\/wp\/v2\/product_cat?post=744"},{"taxonomy":"product_tag","embeddable":true,"href":"https:\/\/chilimag.hu\/webshop\/wp-json\/wp\/v2\/product_tag?post=744"}],"curies":[{"name":"wp","href":"https:\/\/api.w.org\/{rel}","templated":true}]}}