{"id":735,"date":"2014-11-11T09:47:06","date_gmt":"2014-11-11T09:47:06","guid":{"rendered":"https:\/\/chilimag.hu\/webshop\/?post_type=product&#038;p=735"},"modified":"2025-08-11T08:28:05","modified_gmt":"2025-08-11T08:28:05","slug":"golden-cayenne","status":"publish","type":"product","link":"https:\/\/chilimag.hu\/webshop\/termek\/golden-cayenne\/","title":{"rendered":"Golden Cayenne S Ch"},"content":{"rendered":"","protected":false},"excerpt":{"rendered":"<p><img decoding=\"async\" src=\"https:\/\/chilimag.hu\/webshop\/wp-content\/uploads\/2014\/11\/chilimag-logo-2-150x150.jpg\" \/><\/p>\n<p>Le\u00edr\u00e1s<\/p>\n<p>Capsicum annuum<\/p>\n<p>Scoville: 30000-70000<\/p>\n<p>A cayenne chili paprika az egyik legelterjedtebb chilifajta a vil\u00e1gon, \u00e9s igazi klasszikus a f\u0171szertart\u00f3n. A fajta Latin-Amerik\u00e1b\u00f3l sz\u00e1rmazik, \u00e9s a mi vil\u00e1gunkban t\u00falnyom\u00f3r\u00e9szt &#8222;cayenne borsk\u00e9nt&#8221; \u00e1rus\u00edtj\u00e1k. A n\u00e9v azonban n\u00e9mi zavart okozhat, mivel nem a (fekete) borsra utal, ahogy azt felt\u00e9telezik, hanem a por\u00edtott chilipaprik\u00e1ra.<\/p>\n<p>Ahogy a neve is sugallja, az aranysz\u00edn\u0171 cayenne chili term\u00e9se zamatos aranys\u00e1rg\u00e1ra \u00e9rik. A t\u00f6bbi cayenne-paprik\u00e1hoz hasonl\u00f3an a chili keskeny \u00e9s k\u00f6zepes m\u00e9ret\u0171; v\u00e9kony k\u00fcls\u0151 faluknak k\u00f6sz\u00f6nhet\u0151en kiv\u00e1l\u00f3an alkalmasak sz\u00e1r\u00edt\u00e1sra, vagy olyan &#8222;ristra&#8221; k\u00e9sz\u00edt\u00e9s\u00e9re, ahol sok paprika van \u00f6sszef\u0171zve egy hossz\u00fa madzagra.<\/p>\n<p>Gondoz\u00e1s: A cs\u00edr\u00e1z\u00e1si h\u0151m\u00e9rs\u00e9klet 22\u00b0C \u00e9s 28\u00b0C k\u00f6z\u00f6tt van (cs\u00edr\u00e1z\u00e1si id\u0151: 6-20 nap); ez\u00e9rt \u00fcvegh\u00e1z \u00e9s f\u0171t\u0151sz\u0151nyeg haszn\u00e1lata javasolt. A n\u00f6v\u00e9nyeknek friss, j\u00f3l tr\u00e1gy\u00e1zott v\u00edz\u00e1tereszt\u0151 talajra van sz\u00fcks\u00e9g\u00fck, \u00e9s nem szabad \u00e1ll\u00f3v\u00edzben hagyni. Napos, v\u00e9dett helyre kell helyezni, ahol legal\u00e1bb napi 6 \u00f3ra napf\u00e9ny \u00e9ri, ha nem t\u00f6bb. K\u00f6r\u00fclbel\u00fcl 2-3 h\u00e9ttel az utols\u00f3 fagy ut\u00e1n helyezze ki a n\u00f6v\u00e9nyeket a szabadba. Amikor a pal\u00e1nt\u00e1kat a szabadba \u00fclteti, \u00fcgyeljen arra, hogy az egyes n\u00f6v\u00e9nyek k\u00f6z\u00f6tt legal\u00e1bb 30-40 cm t\u00e1vols\u00e1g legyen.F\u0171szerszint 6-7<br \/>\nScoville 15 000 &#8211; 50 000 SHU<br \/>\nOptim\u00e1lis cs\u00edr\u00e1z\u00e1si h\u0151m\u00e9rs\u00e9klet 22 &#8211; 28 \u00b0C<br \/>\nVet\u00e9s jan-\u00e1pr<br \/>\nFeh\u00e9r vir\u00e1gok (m\u00e1jus-augusztus)<br \/>\nN\u00f6veked\u00e9si szok\u00e1sa Bokros, 50-70 cm magas<br \/>\n\u00c9rlel\u00e9s Z\u00f6ldt\u0151l aranys\u00e1rg\u00e1ig<br \/>\nGy\u00fcm\u00f6lcs megjelen\u00e9se 6-15 cm hossz\u00fa, keskeny term\u00e9sek<br \/>\n\u00c9rlel\u00e9si id\u0151 60-90 nap<br \/>\nSz\u00e1rmaz\u00e1sa USA<\/p>\n<p>A csomag 10 szem magot tartalmaz<\/p>\n","protected":false},"featured_media":736,"comment_status":"open","ping_status":"closed","template":"","meta":[],"product_brand":[],"product_cat":[8],"product_tag":[],"class_list":{"0":"post-735","1":"product","2":"type-product","3":"status-publish","4":"has-post-thumbnail","6":"product_cat-paprika","8":"first","9":"instock","10":"taxable","11":"shipping-taxable","12":"purchasable","13":"product-type-simple"},"_links":{"self":[{"href":"https:\/\/chilimag.hu\/webshop\/wp-json\/wp\/v2\/product\/735","targetHints":{"allow":["GET"]}}],"collection":[{"href":"https:\/\/chilimag.hu\/webshop\/wp-json\/wp\/v2\/product"}],"about":[{"href":"https:\/\/chilimag.hu\/webshop\/wp-json\/wp\/v2\/types\/product"}],"replies":[{"embeddable":true,"href":"https:\/\/chilimag.hu\/webshop\/wp-json\/wp\/v2\/comments?post=735"}],"wp:featuredmedia":[{"embeddable":true,"href":"https:\/\/chilimag.hu\/webshop\/wp-json\/wp\/v2\/media\/736"}],"wp:attachment":[{"href":"https:\/\/chilimag.hu\/webshop\/wp-json\/wp\/v2\/media?parent=735"}],"wp:term":[{"taxonomy":"product_brand","embeddable":true,"href":"https:\/\/chilimag.hu\/webshop\/wp-json\/wp\/v2\/product_brand?post=735"},{"taxonomy":"product_cat","embeddable":true,"href":"https:\/\/chilimag.hu\/webshop\/wp-json\/wp\/v2\/product_cat?post=735"},{"taxonomy":"product_tag","embeddable":true,"href":"https:\/\/chilimag.hu\/webshop\/wp-json\/wp\/v2\/product_tag?post=735"}],"curies":[{"name":"wp","href":"https:\/\/api.w.org\/{rel}","templated":true}]}}