{"id":7326,"date":"2018-09-28T10:37:39","date_gmt":"2018-09-28T10:37:39","guid":{"rendered":"https:\/\/chilimag.hu\/webshop\/?post_type=product&#038;p=7326"},"modified":"2025-08-11T08:15:45","modified_gmt":"2025-08-11T08:15:45","slug":"douglah-billyboy","status":"publish","type":"product","link":"https:\/\/chilimag.hu\/webshop\/termek\/douglah-billyboy\/","title":{"rendered":"Douglah billy boy yellow"},"content":{"rendered":"","protected":false},"excerpt":{"rendered":"<p><img decoding=\"async\" src=\"https:\/\/chilimag.hu\/webshop\/wp-content\/uploads\/2014\/11\/chilimag-logo-2-150x150.jpg\" \/><\/p>\n<p>&nbsp;<\/p>\n<p>Le\u00edr\u00e1s<\/p>\n<p>Itt van egy nagyon sz\u00e9p fajta, nagyon j\u00f3 \u00edzzel \u00e9s j\u00f3 szuper-forr\u00f3 h\u0151vel. a n\u00f6v\u00e9nyek nagyon j\u00f3l fejl\u0151dnek, \u00e9s nagyon magas hozam\u00faak a rendk\u00edv\u00fcl forr\u00f3 s\u00e1rga h\u00fcvelyek. A h\u00fcvelyek z\u00f6lden kezd\u0151dnek, \u00e9s \u00e9l\u00e9nks\u00e1rg\u00e1ra \u00e9rnek. A h\u00fcvelynek k\u00f6zepesen vastag fala van, \u00e9s van benne n\u00e9mi olaj, de m\u00e9g mindig nagyon sokf\u00e9lek\u00e9ppen lehet porr\u00e1 k\u00e9sz\u00edteni. \u00c9s ez a fajta nagyszer\u0171 s\u00e1rga por, amely minden asztalon j\u00f3l mutat<\/p>\n<p>C.Chinense<\/p>\n<p>1 000 000+ SHU<\/p>\n<p>Gondoz\u00e1sa:A cs\u00edr\u00e1z\u00e1si h\u0151m\u00e9rs\u00e9klet 22\u00b0C \u00e9s 28\u00b0C k\u00f6z\u00f6tt van (cs\u00edr\u00e1z\u00e1si id\u0151: 8-21 nap); ez\u00e9rt \u00fcvegh\u00e1z \u00e9s f\u0171t\u0151sz\u0151nyeg haszn\u00e1lata javasolt. A n\u00f6v\u00e9nyeknek friss, j\u00f3l tr\u00e1gy\u00e1zott, v\u00edz\u00e1tereszt\u0151 talajra van sz\u00fcks\u00e9g\u00fck, nem t\u0171rik a bevizesed\u00e9st. Napos, v\u00e9dett helyre \u00fcltess\u00fck, ahol legal\u00e1bb 6 \u00f3ra \u2013 lehet\u0151leg t\u00f6bb \u2013 napf\u00e9ny \u00e9ri. Tedd ki a n\u00f6v\u00e9nyeket kb. 2-3 h\u00e9ttel az utols\u00f3 fagy ut\u00e1n. Mivel a n\u00f6v\u00e9nyeknek k\u00fcl\u00f6n\u00f6sen hossz\u00fa az \u00e9r\u00e9si ideje, \u00e9rdemes cser\u00e9pben termeszteni \u0151ket, \u00edgy a napk\u00f6zbeni h\u0151m\u00e9rs\u00e9klet 12\u00b0C al\u00e1 s\u00fcllyed\u00e9sekor k\u00f6nnyen be lehet vinni a n\u00f6v\u00e9nyt, \u00edgy minden gy\u00fcm\u00f6lcs be\u00e9rik. Ahhoz, hogy a n\u00f6v\u00e9nyt t\u00e9len is meg\u0151rizze, betakar\u00edt\u00e1s ut\u00e1n v\u00e1gja vissza 20 cm-rel, \u00e9s tegye vil\u00e1gos helyre, ahol legal\u00e1bb 15\u00b0C h\u0151m\u00e9rs\u00e9klet\u0171.<\/p>\n<p>A csomag 10 szem magot tartalmaz<\/p>\n","protected":false},"featured_media":7309,"comment_status":"closed","ping_status":"closed","template":"","meta":[],"product_brand":[],"product_cat":[8],"product_tag":[],"class_list":{"0":"post-7326","1":"product","2":"type-product","3":"status-publish","4":"has-post-thumbnail","6":"product_cat-paprika","8":"first","9":"instock","10":"taxable","11":"shipping-taxable","12":"purchasable","13":"product-type-simple"},"_links":{"self":[{"href":"https:\/\/chilimag.hu\/webshop\/wp-json\/wp\/v2\/product\/7326","targetHints":{"allow":["GET"]}}],"collection":[{"href":"https:\/\/chilimag.hu\/webshop\/wp-json\/wp\/v2\/product"}],"about":[{"href":"https:\/\/chilimag.hu\/webshop\/wp-json\/wp\/v2\/types\/product"}],"replies":[{"embeddable":true,"href":"https:\/\/chilimag.hu\/webshop\/wp-json\/wp\/v2\/comments?post=7326"}],"wp:featuredmedia":[{"embeddable":true,"href":"https:\/\/chilimag.hu\/webshop\/wp-json\/wp\/v2\/media\/7309"}],"wp:attachment":[{"href":"https:\/\/chilimag.hu\/webshop\/wp-json\/wp\/v2\/media?parent=7326"}],"wp:term":[{"taxonomy":"product_brand","embeddable":true,"href":"https:\/\/chilimag.hu\/webshop\/wp-json\/wp\/v2\/product_brand?post=7326"},{"taxonomy":"product_cat","embeddable":true,"href":"https:\/\/chilimag.hu\/webshop\/wp-json\/wp\/v2\/product_cat?post=7326"},{"taxonomy":"product_tag","embeddable":true,"href":"https:\/\/chilimag.hu\/webshop\/wp-json\/wp\/v2\/product_tag?post=7326"}],"curies":[{"name":"wp","href":"https:\/\/api.w.org\/{rel}","templated":true}]}}