{"id":713,"date":"2014-11-11T09:35:40","date_gmt":"2014-11-11T09:35:40","guid":{"rendered":"https:\/\/chilimag.hu\/webshop\/?post_type=product&#038;p=713"},"modified":"2026-03-20T00:33:59","modified_gmt":"2026-03-20T00:33:59","slug":"trinidad-scorpion-green","status":"publish","type":"product","link":"https:\/\/chilimag.hu\/webshop\/termek\/trinidad-scorpion-green\/","title":{"rendered":"Trinidad Scorpion Green"},"content":{"rendered":"","protected":false},"excerpt":{"rendered":"<p><img decoding=\"async\" src=\"https:\/\/chilimag.hu\/webshop\/wp-content\/uploads\/2014\/11\/chilimag-logo-2-150x150.jpg\" \/><\/p>\n<p>&nbsp;<\/p>\n<p>Le\u00edr\u00e1s<\/p>\n<p>A Green Trinidad Scorpion, a h\u00edres skorpi\u00f3paprika egy v\u00e1ltozata, kiv\u00e1l\u00f3 termeszt\u0151k\u00e9nt vir\u00e1gzik cser\u00e9pben, ak\u00e1r egy m\u00e9ter magasra is. F\u00f6ldbe \u00fcltetve nagyobb m\u00e9retet \u00e9r el, gy\u00f6ny\u00f6r\u0171, k\u00f6zepesen vastag fal\u00fa h\u00fcvelyeket mutat, amelyek z\u00f6ldb\u0151l must\u00e1rosra z\u00f6ldess\u00e1rg\u00e1v\u00e1 v\u00e1lnak teljes \u00e9r\u00e9skor. Meglep\u0151 ropog\u00f3ss\u00e1g\u00e1val \u00e9s l\u00e9d\u00fass\u00e1g\u00e1val a h\u00fcvely egyedi \u00edzvil\u00e1ggal b\u00fcszk\u00e9lkedhet, \u00e9des, friss bors\u00f3hoz hasonl\u00edt, enyhe k\u00ednai al\u00e1fest\u00e9ssel.Ezzel az enyhe h\u0151fokkal csak enyhe \u00e9g\u00e9si s\u00e9r\u00fcl\u00e9st tapasztalhat, \u00edgy a Green Trinidad Scorpion kellemes v\u00e1laszt\u00e1s azok sz\u00e1m\u00e1ra, akik finom r\u00fag\u00e1sra v\u00e1gynak. A Scoville-sk\u00e1l\u00e1n k\u00f6r\u00fclbel\u00fcl 1200 000 SHU-ra \u00e9rt\u00e9kelikA 6 cm hossz\u00fa \u00e9s 2-3 cm sz\u00e9les h\u00fcvely ropog\u00f3s \u00e9s l\u00e9d\u00fas \u00e1llag\u00fa. A z\u00f6ldr\u0151l a must\u00e1rra a z\u00f6ldes-s\u00e1rg\u00e1ra val\u00f3 \u00e1tmenet vizu\u00e1lis vonzer\u0151t k\u00f6lcs\u00f6n\u00f6z, \u00edgy minden \u00e9tel \u00e9l\u00e9nk kieg\u00e9sz\u00edt\u0151je lesz.<\/p>\n<p>Gondoz\u00e1sa:A cs\u00edr\u00e1z\u00e1si h\u0151m\u00e9rs\u00e9klet 22\u00b0C \u00e9s 30\u00b0C k\u00f6z\u00f6tt van (cs\u00edr\u00e1z\u00e1si id\u0151: 6-20 nap); ez\u00e9rt \u00fcvegh\u00e1z \u00e9s f\u0171t\u0151sz\u0151nyeg haszn\u00e1lata javasolt. A n\u00f6v\u00e9nyeknek friss, j\u00f3l tr\u00e1gy\u00e1zott v\u00edz\u00e1tereszt\u0151 talajra van sz\u00fcks\u00e9g\u00fck, \u00e9s nem szabad \u00e1ll\u00f3v\u00edzben hagyni. Napos, v\u00e9dett helyre kell helyezni, ahol legal\u00e1bb napi 6 \u00f3ra napf\u00e9ny \u00e9ri, ha nem t\u00f6bb. K\u00f6r\u00fclbel\u00fcl 2-3 h\u00e9ttel az utols\u00f3 fagy ut\u00e1n helyezze ki a n\u00f6v\u00e9nyeket a szabadba.<\/p>\n<p>Egy csomag 10 szem magot tartalmaz<\/p>\n","protected":false},"featured_media":15199,"comment_status":"open","ping_status":"closed","template":"","meta":[],"product_brand":[],"product_cat":[8],"product_tag":[],"class_list":{"0":"post-713","1":"product","2":"type-product","3":"status-publish","4":"has-post-thumbnail","6":"product_cat-paprika","8":"first","9":"instock","10":"taxable","11":"shipping-taxable","12":"purchasable","13":"product-type-simple"},"_links":{"self":[{"href":"https:\/\/chilimag.hu\/webshop\/wp-json\/wp\/v2\/product\/713","targetHints":{"allow":["GET"]}}],"collection":[{"href":"https:\/\/chilimag.hu\/webshop\/wp-json\/wp\/v2\/product"}],"about":[{"href":"https:\/\/chilimag.hu\/webshop\/wp-json\/wp\/v2\/types\/product"}],"replies":[{"embeddable":true,"href":"https:\/\/chilimag.hu\/webshop\/wp-json\/wp\/v2\/comments?post=713"}],"wp:featuredmedia":[{"embeddable":true,"href":"https:\/\/chilimag.hu\/webshop\/wp-json\/wp\/v2\/media\/15199"}],"wp:attachment":[{"href":"https:\/\/chilimag.hu\/webshop\/wp-json\/wp\/v2\/media?parent=713"}],"wp:term":[{"taxonomy":"product_brand","embeddable":true,"href":"https:\/\/chilimag.hu\/webshop\/wp-json\/wp\/v2\/product_brand?post=713"},{"taxonomy":"product_cat","embeddable":true,"href":"https:\/\/chilimag.hu\/webshop\/wp-json\/wp\/v2\/product_cat?post=713"},{"taxonomy":"product_tag","embeddable":true,"href":"https:\/\/chilimag.hu\/webshop\/wp-json\/wp\/v2\/product_tag?post=713"}],"curies":[{"name":"wp","href":"https:\/\/api.w.org\/{rel}","templated":true}]}}