{"id":7081,"date":"2018-03-16T12:50:36","date_gmt":"2018-03-16T12:50:36","guid":{"rendered":"https:\/\/chilimag.hu\/webshop\/?post_type=product&#038;p=7081"},"modified":"2023-02-04T09:28:05","modified_gmt":"2023-02-04T09:28:05","slug":"gardena-szorokocsi-xl","status":"publish","type":"product","link":"https:\/\/chilimag.hu\/webshop\/termek\/gardena-szorokocsi-xl\/","title":{"rendered":"GARDENA Sz\u00f3r\u00f3kocsi Classic 300"},"content":{"rendered":"<div class=\"quantity\"><\/div>\n<div class=\"weight\">Term\u00e9k s\u00falya: 6 kg<\/div>\n<div class=\"stock-container\">\n<div class=\"topstock\">Rakt\u00e1ron<\/div>\n<div class=\"stock-info\">\n<div class=\"green\">Sz\u00e1ll\u00edt\u00e1si id\u0151: 48 \u00f3r\u00e1n bel\u00fcl<\/div>\n<\/div>\n<\/div>\n","protected":false},"excerpt":{"rendered":"<h4 class=\"description-tagline\">Az anyagok egyenletes kisz\u00f3r\u00e1s\u00e1hoz nagy fel\u00fcleteken<\/h4>\n<div class=\"description-wrapper\">\n<div class=\"description-text\">A GARDENA Sz\u00f3r\u00f3kocsi kiv\u00e1l\u00f3an alkalmas m\u0171tr\u00e1gya \u00e9s \u00fatsz\u00f3r\u00f3 s\u00f3 k\u00e9nyelmes kisz\u00f3r\u00e1s\u00e1ra nagy ter\u00fcleteken. A sz\u00f3r\u00f3lemez az anyagot t\u00f6k\u00e9letesen egyenletesen \u00e9s sim\u00e1n juttatja ki. A Sz\u00f3r\u00f3kocsi \u00a0k\u00f6nnyed\u00e9n m\u0171k\u00f6dtethet\u0151 a markolaton tal\u00e1lhat\u00f3 nyit\/z\u00e1r funkci\u00f3, \u00e9s ugyanitt \u00e1ll\u00edthat\u00f3 be a kisz\u00f3rand\u00f3 mennyis\u00e9g is. A sz\u00f3r\u00f3lemez fedele gondoskodik a pontos sz\u00f3r\u00e1sr\u00f3l \u00e9s v\u00e9di a felhaszn\u00e1l\u00f3t. A sz\u00f3r\u00f3kocsi k\u00f6nnyed\u00e9n, v\u00edzzel tiszt\u00edthat\u00f3.<\/div>\n<div class=\"description-text\"><\/div>\n<div class=\"description-text\">\n<table class=\"table specifications-table\">\n<thead>\n<tr>\n<td colspan=\"2\">\n<h4 class=\"specification-headline\">M\u0171szaki adatok<\/h4>\n<\/td>\n<\/tr>\n<\/thead>\n<tbody>\n<tr>\n<th>Cikksz\u00e1m<\/th>\n<td>430<\/td>\n<\/tr>\n<tr>\n<th>EAN-k\u00f3d:<\/th>\n<td>4078500033190<\/td>\n<\/tr>\n<\/tbody>\n<thead>\n<tr>\n<td colspan=\"2\">\n<h4 class=\"specification-headline\">Tov\u00e1bbi jellemz\u0151k<\/h4>\n<\/td>\n<\/tr>\n<\/thead>\n<tbody>\n<tr>\n<th>Maxim\u00e1lis munkater\u00fclet (\u00b120)<\/th>\n<td>600 m 2<\/td>\n<\/tr>\n<tr>\n<th>Sz\u00e9less\u00e9g<\/th>\n<td>45 cm<\/td>\n<\/tr>\n<tr>\n<th>Tart\u00e1ly \u0171rtartalma<\/th>\n<td>10 l<\/td>\n<\/tr>\n<\/tbody>\n<\/table>\n<\/div>\n<\/div>\n","protected":false},"featured_media":16533,"comment_status":"closed","ping_status":"closed","template":"","meta":[],"product_brand":[],"product_cat":[343],"product_tag":[],"class_list":{"0":"post-7081","1":"product","2":"type-product","3":"status-publish","4":"has-post-thumbnail","6":"product_cat-akciok","8":"first","9":"instock","10":"sale","11":"taxable","12":"shipping-taxable","13":"purchasable","14":"product-type-simple"},"_links":{"self":[{"href":"https:\/\/chilimag.hu\/webshop\/wp-json\/wp\/v2\/product\/7081","targetHints":{"allow":["GET"]}}],"collection":[{"href":"https:\/\/chilimag.hu\/webshop\/wp-json\/wp\/v2\/product"}],"about":[{"href":"https:\/\/chilimag.hu\/webshop\/wp-json\/wp\/v2\/types\/product"}],"replies":[{"embeddable":true,"href":"https:\/\/chilimag.hu\/webshop\/wp-json\/wp\/v2\/comments?post=7081"}],"wp:featuredmedia":[{"embeddable":true,"href":"https:\/\/chilimag.hu\/webshop\/wp-json\/wp\/v2\/media\/16533"}],"wp:attachment":[{"href":"https:\/\/chilimag.hu\/webshop\/wp-json\/wp\/v2\/media?parent=7081"}],"wp:term":[{"taxonomy":"product_brand","embeddable":true,"href":"https:\/\/chilimag.hu\/webshop\/wp-json\/wp\/v2\/product_brand?post=7081"},{"taxonomy":"product_cat","embeddable":true,"href":"https:\/\/chilimag.hu\/webshop\/wp-json\/wp\/v2\/product_cat?post=7081"},{"taxonomy":"product_tag","embeddable":true,"href":"https:\/\/chilimag.hu\/webshop\/wp-json\/wp\/v2\/product_tag?post=7081"}],"curies":[{"name":"wp","href":"https:\/\/api.w.org\/{rel}","templated":true}]}}