{"id":7039,"date":"2018-03-10T06:58:44","date_gmt":"2018-03-10T06:58:44","guid":{"rendered":"https:\/\/chilimag.hu\/webshop\/?post_type=product&#038;p=7039"},"modified":"2025-08-11T12:34:23","modified_gmt":"2025-08-11T12:34:23","slug":"coure-di-bue","status":"publish","type":"product","link":"https:\/\/chilimag.hu\/webshop\/termek\/coure-di-bue\/","title":{"rendered":"Coure di Bue B Paradicsom"},"content":{"rendered":"","protected":false},"excerpt":{"rendered":"<p><img decoding=\"async\" src=\"https:\/\/chilimag.hu\/webshop\/wp-content\/uploads\/2014\/11\/chilimag-logo-2-150x150.jpg\" \/><\/p>\n<p>&nbsp;<\/p>\n<p>Le\u00edr\u00e1s<\/p>\n<p>Olasz paradicsom Cuore Di Bue. A h\u00edres \u201eOxheart\u201d paradicsom nagy, h\u00fasos, ak\u00e1r 1 font t\u00f6meg\u0171 gy\u00fcm\u00f6lcs\u00f6ket terem. Gy\u00fcm\u00f6lcse \u00f6k\u00f6rsz\u00edv alak\u00fa, lekerek\u00edtett aljzat\u00fa, bord\u00e1zott, narancsv\u00f6r\u00f6sre \u00e9rett, finom \u00e9des \u00edz\u0171, h\u00fasos h\u00fas\u00fa, kiv\u00e1l\u00f3 \u00edz\u0171 szeletel\u00e9shez ide\u00e1lis. Nagy, er\u0151teljes paradicsom. Hat\u00e1rozatlan. 82 nap a ki\u00fcltet\u00e9st\u0151l.<\/p>\n<p>Gondoz\u00e1sa:Vesse el tavasszal. A cs\u00edr\u00e1z\u00e1s k\u00f6r\u00fclbel\u00fcl 6-14 napig tar.<br \/>\nA pal\u00e1nt\u00e1kat, amikor el\u00e9g nagyok ahhoz, hogy kezelni tudja, \u00fcltesse \u00e1t 3 h\u00fcvelykes cserepekbe.<br \/>\nN\u00f6vekszik h\u0171v\u00f6sebb k\u00f6r\u00fclm\u00e9nyek k\u00f6z\u00f6tt, \u00e9s amikor k\u00f6r\u00fclbel\u00fcl 15 cm \u00a0magas,<br \/>\nvagy a n\u00f6v\u00e9ny n\u00f6veked\u00e9si hely\u00e9n az \u00fcvegh\u00e1zban<br \/>\nvagy fokozatosan szoktatni \u0151ket a k\u00fclt\u00e9ri k\u00f6r\u00fclm\u00e9nyekhez<br \/>\n\u00e9s \u00fcltesse ki egym\u00e1st\u00f3l kell\u0151 t\u00e1vols\u00e1gra meleg \u00e9s napos helyre, nedves helyre,<br \/>\nterm\u00e9keny, j\u00f3l v\u00edzelvezet\u0151 talajt, \u00e9s folyamatosan \u00f6nt\u00f6zni.<\/p>\n<p>&nbsp;<\/p>\n<p>A csomag 10 szem magot tartalmaz<\/p>\n","protected":false},"featured_media":35969,"comment_status":"closed","ping_status":"closed","template":"","meta":[],"product_brand":[],"product_cat":[10],"product_tag":[],"class_list":{"0":"post-7039","1":"product","2":"type-product","3":"status-publish","4":"has-post-thumbnail","6":"product_cat-paradicsom","8":"first","9":"instock","10":"taxable","11":"shipping-taxable","12":"purchasable","13":"product-type-simple"},"_links":{"self":[{"href":"https:\/\/chilimag.hu\/webshop\/wp-json\/wp\/v2\/product\/7039","targetHints":{"allow":["GET"]}}],"collection":[{"href":"https:\/\/chilimag.hu\/webshop\/wp-json\/wp\/v2\/product"}],"about":[{"href":"https:\/\/chilimag.hu\/webshop\/wp-json\/wp\/v2\/types\/product"}],"replies":[{"embeddable":true,"href":"https:\/\/chilimag.hu\/webshop\/wp-json\/wp\/v2\/comments?post=7039"}],"wp:featuredmedia":[{"embeddable":true,"href":"https:\/\/chilimag.hu\/webshop\/wp-json\/wp\/v2\/media\/35969"}],"wp:attachment":[{"href":"https:\/\/chilimag.hu\/webshop\/wp-json\/wp\/v2\/media?parent=7039"}],"wp:term":[{"taxonomy":"product_brand","embeddable":true,"href":"https:\/\/chilimag.hu\/webshop\/wp-json\/wp\/v2\/product_brand?post=7039"},{"taxonomy":"product_cat","embeddable":true,"href":"https:\/\/chilimag.hu\/webshop\/wp-json\/wp\/v2\/product_cat?post=7039"},{"taxonomy":"product_tag","embeddable":true,"href":"https:\/\/chilimag.hu\/webshop\/wp-json\/wp\/v2\/product_tag?post=7039"}],"curies":[{"name":"wp","href":"https:\/\/api.w.org\/{rel}","templated":true}]}}