{"id":7037,"date":"2018-03-10T06:58:05","date_gmt":"2018-03-10T06:58:05","guid":{"rendered":"https:\/\/chilimag.hu\/webshop\/?post_type=product&#038;p=7037"},"modified":"2025-08-11T12:46:41","modified_gmt":"2025-08-11T12:46:41","slug":"heinz-1350","status":"publish","type":"product","link":"https:\/\/chilimag.hu\/webshop\/termek\/heinz-1350\/","title":{"rendered":"Heinz 1350 B Paradicsom"},"content":{"rendered":"","protected":false},"excerpt":{"rendered":"<p><img decoding=\"async\" src=\"https:\/\/chilimag.hu\/webshop\/wp-content\/uploads\/2014\/11\/chilimag-logo-2-150x150.jpg\" \/><\/p>\n<p>&nbsp;<\/p>\n<p>Le\u00edr\u00e1s<\/p>\n<p>A Heinz 1350 paradicsomot a Heinz c\u00e9g kifejezetten paradicsomsz\u00f3szok \u00e9s ketchup gy\u00e1rt\u00e1s\u00e1ra fejlesztette ki. Gy\u00fcm\u00f6lcsei reped\u00e9s\u00e1ll\u00f3ak, a n\u00f6v\u00e9nyek pedig ellen\u00e1ll\u00f3ak a szok\u00e1sos paradicsombetegs\u00e9gekkel szemben. Gy\u00fcm\u00f6lcsei pirosak, lapos g\u00f6mb\u00f6ly\u0171ek, k\u00f6zepes m\u00e9ret\u0171ek, nagyon f\u0171szeresek \u00e9s \u00edzesek, enyh\u00e9n \u00e9desek. S\u00falyuk el\u00e9ri a 300 g-ot, \u00e9s a leforr\u00e1z\u00e1son k\u00edv\u00fcl friss fogyaszt\u00e1sra, sal\u00e1t\u00e1kra, szendvicsekre \u00e9s bruschett\u00e1ra is alkalmas.<\/p>\n<p>Gondoz\u00e1s: A Heinz 1350 paradicsomot termesztheti h\u00e1zon bel\u00fcl, \u00fcvegh\u00e1zban vagy a szabadban. Az optim\u00e1lis cs\u00edr\u00e1z\u00e1si h\u0151m\u00e9rs\u00e9klet 20 \u00e9s 25\u00b0C k\u00f6z\u00f6tt van, a cs\u00edr\u00e1z\u00e1s 8-14 nap ut\u00e1n k\u00f6vetkezik be. Felgyors\u00edthatja a cs\u00edr\u00e1z\u00e1si folyamatot, ha a magokat egy \u00e9jszak\u00e1n \u00e1t nedves ruh\u00e1ban hagyja \u00e1zni. V\u00e1rjon az utols\u00f3 fagy ut\u00e1n a kiv\u00e1lasztott n\u00f6v\u00e9nyek \u00fcltet\u00e9s\u00e9vel.<\/p>\n<p>A paradicsomnak friss, j\u00f3l tr\u00e1gy\u00e1zott, v\u00edz\u00e1tereszt\u0151 talajra van sz\u00fcks\u00e9ge, amelyet nedvesen (de nem nedvesen!) kell tartani. Napos, v\u00e9dett helyre kell \u00fcltetni, ahol legal\u00e1bb 6 \u00f3ra napf\u00e9ny \u2013 lehet\u0151leg t\u00f6bb.<\/p>\n<p>T\u00edpus Heinz 1350 paradicsom<br \/>\nOptim\u00e1lis cs\u00edr\u00e1z\u00e1si h\u0151m\u00e9rs\u00e9klet 20 &#8211; 25 \u00b0C<br \/>\nVet\u00e9s febru\u00e1r-\u00e1prilis<br \/>\nCs\u00edr\u00e1z\u00e1si id\u0151 8-14 nap<br \/>\nN\u00f6v\u00e9nyn\u00f6veked\u00e9si szok\u00e1s kb. 80-120 cm magas<br \/>\nGy\u00fcm\u00f6lcs megjelen\u00e9se piros, kerek, kb. 250-300 g<br \/>\n\u00cdze f\u0171szeres, \u00e9des<br \/>\nBetakar\u00edt\u00e1s j\u00falius v\u00e9g\u00e9t\u0151l szeptember v\u00e9g\u00e9ig<br \/>\nSz\u00e1rmaz\u00e1sa USA<\/p>\n<p>A csomag 10 szem magot tartalmaz<\/p>\n","protected":false},"featured_media":7038,"comment_status":"closed","ping_status":"closed","template":"","meta":[],"product_brand":[],"product_cat":[10],"product_tag":[],"class_list":{"0":"post-7037","1":"product","2":"type-product","3":"status-publish","4":"has-post-thumbnail","6":"product_cat-paradicsom","8":"first","9":"instock","10":"taxable","11":"shipping-taxable","12":"purchasable","13":"product-type-simple"},"_links":{"self":[{"href":"https:\/\/chilimag.hu\/webshop\/wp-json\/wp\/v2\/product\/7037","targetHints":{"allow":["GET"]}}],"collection":[{"href":"https:\/\/chilimag.hu\/webshop\/wp-json\/wp\/v2\/product"}],"about":[{"href":"https:\/\/chilimag.hu\/webshop\/wp-json\/wp\/v2\/types\/product"}],"replies":[{"embeddable":true,"href":"https:\/\/chilimag.hu\/webshop\/wp-json\/wp\/v2\/comments?post=7037"}],"wp:featuredmedia":[{"embeddable":true,"href":"https:\/\/chilimag.hu\/webshop\/wp-json\/wp\/v2\/media\/7038"}],"wp:attachment":[{"href":"https:\/\/chilimag.hu\/webshop\/wp-json\/wp\/v2\/media?parent=7037"}],"wp:term":[{"taxonomy":"product_brand","embeddable":true,"href":"https:\/\/chilimag.hu\/webshop\/wp-json\/wp\/v2\/product_brand?post=7037"},{"taxonomy":"product_cat","embeddable":true,"href":"https:\/\/chilimag.hu\/webshop\/wp-json\/wp\/v2\/product_cat?post=7037"},{"taxonomy":"product_tag","embeddable":true,"href":"https:\/\/chilimag.hu\/webshop\/wp-json\/wp\/v2\/product_tag?post=7037"}],"curies":[{"name":"wp","href":"https:\/\/api.w.org\/{rel}","templated":true}]}}