{"id":696,"date":"2014-11-11T09:30:46","date_gmt":"2014-11-11T09:30:46","guid":{"rendered":"https:\/\/chilimag.hu\/webshop\/?post_type=product&#038;p=696"},"modified":"2025-11-06T11:08:20","modified_gmt":"2025-11-06T11:08:20","slug":"jalapeno-conchos","status":"publish","type":"product","link":"https:\/\/chilimag.hu\/webshop\/termek\/jalapeno-conchos\/","title":{"rendered":"Jalapeno Conchos"},"content":{"rendered":"","protected":false},"excerpt":{"rendered":"<p><img decoding=\"async\" src=\"https:\/\/chilimag.hu\/webshop\/wp-content\/uploads\/2014\/11\/chilimag-logo-2-150x150.jpg\" \/><\/p>\n<p>&nbsp;<\/p>\n<p>Le\u00edr\u00e1s<\/p>\n<p>A Jalapeno Conchos \u00a0Chili egy Jalapeno fajta, amelynek k\u00fcl\u00f6n\u00f6sen nagy gy\u00fcm\u00f6lcsei vannak. A n\u00f6v\u00e9nyek nagyon magas hozam\u00faak, \u00e9s kor\u00e1bban is betakar\u00edthat\u00f3k, mint a legt\u00f6bb m\u00e1s fajta. Ez\u00e9rt alkalmasak szabadf\u00f6ldi termeszt\u00e9sre. A chili gy\u00f6ny\u00f6r\u0171, sz\u00edv alak\u00fa vagy kerek, kb. 5 x 6 cm-es, \u00e9s m\u00e9lyv\u00f6r\u00f6sre \u00e9rik. Vastag gy\u00fcm\u00f6lcsh\u00fas\u00faak \u00e9s enyhe f\u0171szeress\u00e9g\u00fck van. Friss fogyaszt\u00e1sra, de f\u0151z\u00e9sre, t\u00f6ltel\u00e9kre, grillez\u00e9sre, p\u00e1col\u00e1sra is alkalmasak.<\/p>\n<p>A mexik\u00f3i Jalapa (Veracruz) v\u00e1ros\u00e1r\u00f3l elnevezett chili az egyik legismertebb \u00e9s legn\u00e9pszer\u0171bb chili Mexik\u00f3ban \u00e9s az Egyes\u00fclt \u00c1llamokban. A jalapen\u00f3k els\u0151sorban l\u00e9d\u00fas, zamatos gy\u00fcm\u00f6lcsh\u00fasuk miatt n\u00e9pszer\u0171ek. A gy\u00fcm\u00f6lcs\u00f6k fel\u00fclete gyakran repedezett, dug\u00f3s, amit a mexik\u00f3iak min\u0151s\u00e9gi jellemz\u0151nek tartanak. Az \u00e9retlen jalapen\u00f3 z\u00f6ld sz\u00edn\u0171, \u00e9s \u00e9rett \u00e1llapotban er\u0151s v\u00f6r\u00f6s sz\u00edn\u0171. Amikor z\u00f6ldek, a jalapen\u00f3kon n\u00e9ha s\u00f6t\u00e9t foltok jelennek meg, amelyek elt\u0171nnek, amikor v\u00f6r\u00f6sre \u00e9rnek. A jalape\u00f1o azon kev\u00e9s chili k\u00f6z\u00e9 tartozik, amelyek z\u00f6lden \u00e9s \u00e9retlenen is j\u00f3 \u00edz\u0171ek. Amikor v\u00f6r\u00f6sre \u00e9rnek, \u00edz\u00fck kellemes \u00e9dess\u00e9get \u00f6lt.<\/p>\n<p>Gondoz\u00e1sa: A cs\u00edr\u00e1z\u00e1si h\u0151m\u00e9rs\u00e9klet 22 \u00e9s 28\u00b0C k\u00f6z\u00f6tt van (6-20 napos cs\u00edr\u00e1z\u00e1si id\u0151szak), ez\u00e9rt \u00fcvegh\u00e1z \u00e9s f\u0171t\u0151sz\u0151nyeg haszn\u00e1lata javasolt. A n\u00f6v\u00e9nyeknek friss, j\u00f3l tr\u00e1gy\u00e1zott, v\u00edz\u00e1tereszt\u0151 talajra van sz\u00fcks\u00e9g\u00fck, nem t\u0171rik a bevizesed\u00e9st. Napos, v\u00e9dett helyre kell \u00fcltetni, ahol legal\u00e1bb 6 \u00f3ra napf\u00e9ny \u2013 lehet\u0151leg t\u00f6bb. Tedd ki a n\u00f6v\u00e9nyeket kb. 2-3 h\u00e9ttel az utols\u00f3 fagy ut\u00e1n. Ha a szabadba \u00fclteti \u0151ket, a n\u00f6v\u00e9nyek k\u00f6z\u00f6tt 45 cm t\u00e1vols\u00e1got kell tartani.<\/p>\n<p>Capsicum annuum t\u00edpus<br \/>\nF\u0171szeress\u00e9gi fokozat 2-3<br \/>\nScoville 500 &#8211; 1500 SHU<br \/>\noptim\u00e1lis cs\u00edr\u00e1z\u00e1si h\u0151m\u00e9rs\u00e9klet 22 &#8211; 28 \u00b0C<br \/>\nVet\u00e9s jan. &#8211; \u00e1pr.<br \/>\nVir\u00e1gok feh\u00e9rek (m\u00e1jus-j\u00falius)<br \/>\nN\u00f6v\u00e9nyn\u00f6veked\u00e9si szok\u00e1s bokros, kb. 75 cm magas<br \/>\nZ\u00f6ldr\u0151l pirosra \u00e9rik<br \/>\nGy\u00fcm\u00f6lcs megjelen\u00e9se sz\u00edv alak\u00fa vagy kerek, kb. 5 x 6 cm<br \/>\n\u00c9r\u00e9si id\u0151 60 nap<br \/>\nSz\u00e1rmaz\u00e1si N\u00e9metorsz\u00e1g<\/p>\n<p>A csomag 10 szem magot tartalmaz<\/p>\n","protected":false},"featured_media":18474,"comment_status":"open","ping_status":"closed","template":"","meta":[],"product_brand":[],"product_cat":[8],"product_tag":[],"class_list":{"0":"post-696","1":"product","2":"type-product","3":"status-publish","4":"has-post-thumbnail","6":"product_cat-paprika","8":"first","9":"outofstock","10":"taxable","11":"shipping-taxable","12":"purchasable","13":"product-type-simple"},"_links":{"self":[{"href":"https:\/\/chilimag.hu\/webshop\/wp-json\/wp\/v2\/product\/696","targetHints":{"allow":["GET"]}}],"collection":[{"href":"https:\/\/chilimag.hu\/webshop\/wp-json\/wp\/v2\/product"}],"about":[{"href":"https:\/\/chilimag.hu\/webshop\/wp-json\/wp\/v2\/types\/product"}],"replies":[{"embeddable":true,"href":"https:\/\/chilimag.hu\/webshop\/wp-json\/wp\/v2\/comments?post=696"}],"wp:featuredmedia":[{"embeddable":true,"href":"https:\/\/chilimag.hu\/webshop\/wp-json\/wp\/v2\/media\/18474"}],"wp:attachment":[{"href":"https:\/\/chilimag.hu\/webshop\/wp-json\/wp\/v2\/media?parent=696"}],"wp:term":[{"taxonomy":"product_brand","embeddable":true,"href":"https:\/\/chilimag.hu\/webshop\/wp-json\/wp\/v2\/product_brand?post=696"},{"taxonomy":"product_cat","embeddable":true,"href":"https:\/\/chilimag.hu\/webshop\/wp-json\/wp\/v2\/product_cat?post=696"},{"taxonomy":"product_tag","embeddable":true,"href":"https:\/\/chilimag.hu\/webshop\/wp-json\/wp\/v2\/product_tag?post=696"}],"curies":[{"name":"wp","href":"https:\/\/api.w.org\/{rel}","templated":true}]}}