{"id":686,"date":"2014-11-11T09:23:35","date_gmt":"2014-11-11T09:23:35","guid":{"rendered":"https:\/\/chilimag.hu\/webshop\/?post_type=product&#038;p=686"},"modified":"2026-02-19T18:08:27","modified_gmt":"2026-02-19T18:08:27","slug":"nagalah","status":"publish","type":"product","link":"https:\/\/chilimag.hu\/webshop\/termek\/nagalah\/","title":{"rendered":"Nagalah"},"content":{"rendered":"<div><\/div>\n<p>&nbsp;<\/p>\n","protected":false},"excerpt":{"rendered":"<div><img decoding=\"async\" src=\"https:\/\/chilimag.hu\/webshop\/wp-content\/uploads\/2014\/11\/chilimag-logo-2-150x150.jpg\" \/><\/div>\n<div><\/div>\n<div>Le\u00edr\u00e1s<\/div>\n<div>Capsicum chinense<br \/>\nNagalah Pepper, Capsicum chinense, Scoville egys\u00e9gek: 1 000 000+ SHU. Ez a Trinidad 7 Pot Douglah \u00e9s a Red Bhut Jolokia keresztezett t\u00f6rzse. Nagyon dudoros, durva megjelen\u00e9s\u0171 v\u00f6r\u00f6s h\u00fcvelyeket hoz l\u00e9tre, amelyek rendk\u00edv\u00fcl melegek. Nagyon gyors \u00e9g\u00e9s van benne, de a Naga \u00e9dess\u00e9ge a v\u00e9g\u00e9n. Nagyon term\u00e9kenyek, \u00e9s n\u00e9ha jobban termelnek, mint a hagyom\u00e1nyos bhutok vagy nag\u00e1k. A Nagalah paprika 3 h\u00fcvelyk hossz\u00fa \u00e9s k\u00f6r\u00fclbel\u00fcl h\u00fcvelyk \u00e1tm\u00e9r\u0151j\u0171 lehet. A n\u00f6v\u00e9nyek k\u00f6zepesen bokros t\u00edpus\u00faak \u00e9s nagyon term\u00e9kenyek, n\u00f6v\u00e9nyenk\u00e9nt t\u00f6bb mint 2 tucat h\u00fcvely van. Nyitott beporz\u00e1s 80 napig.<\/div>\n<div>Gondoz\u00e1sa:A cs\u00edr\u00e1z\u00e1si h\u0151m\u00e9rs\u00e9klet 24 \u00e9s 30\u00b0C k\u00f6z\u00f6tt van (12-21 napos cs\u00edr\u00e1z\u00e1si id\u0151szak), ez\u00e9rt \u00fcvegh\u00e1z \u00e9s f\u0171t\u0151sz\u0151nyeg haszn\u00e1lata javasolt. A n\u00f6v\u00e9nyeknek friss, j\u00f3l tr\u00e1gy\u00e1zott, v\u00edz\u00e1tereszt\u0151 talajra van sz\u00fcks\u00e9g\u00fck, nem t\u0171rik a bevizesed\u00e9st. Napos, v\u00e9dett helyre \u00fcltess\u00fck, ahol legal\u00e1bb 6 \u00f3ra \u2013 lehet\u0151leg t\u00f6bb \u2013 napf\u00e9ny \u00e9ri. Mivel a n\u00f6v\u00e9nyeknek meglehet\u0151sen hossz\u00fa az \u00e9r\u00e9si ideje, \u00e9rdemes cser\u00e9pben nevelni \u0151ket, hogy amikor a nap folyam\u00e1n 12\u00b0C al\u00e1 s\u00fcllyed a h\u0151m\u00e9rs\u00e9klet, be tudjuk vinni a n\u00f6v\u00e9nyeket, hogy minden gy\u00fcm\u00f6lcs be\u00e9rjen. Tedd ki a n\u00f6v\u00e9nyeket kb. 2-3 h\u00e9ttel az utols\u00f3 fagy ut\u00e1n.<\/div>\n<div>A csomag 10 szem magot tartalmaz<\/div>\n","protected":false},"featured_media":18653,"comment_status":"open","ping_status":"closed","template":"","meta":[],"product_brand":[],"product_cat":[8],"product_tag":[],"class_list":{"0":"post-686","1":"product","2":"type-product","3":"status-publish","4":"has-post-thumbnail","6":"product_cat-paprika","8":"first","9":"instock","10":"taxable","11":"shipping-taxable","12":"purchasable","13":"product-type-simple"},"_links":{"self":[{"href":"https:\/\/chilimag.hu\/webshop\/wp-json\/wp\/v2\/product\/686","targetHints":{"allow":["GET"]}}],"collection":[{"href":"https:\/\/chilimag.hu\/webshop\/wp-json\/wp\/v2\/product"}],"about":[{"href":"https:\/\/chilimag.hu\/webshop\/wp-json\/wp\/v2\/types\/product"}],"replies":[{"embeddable":true,"href":"https:\/\/chilimag.hu\/webshop\/wp-json\/wp\/v2\/comments?post=686"}],"wp:featuredmedia":[{"embeddable":true,"href":"https:\/\/chilimag.hu\/webshop\/wp-json\/wp\/v2\/media\/18653"}],"wp:attachment":[{"href":"https:\/\/chilimag.hu\/webshop\/wp-json\/wp\/v2\/media?parent=686"}],"wp:term":[{"taxonomy":"product_brand","embeddable":true,"href":"https:\/\/chilimag.hu\/webshop\/wp-json\/wp\/v2\/product_brand?post=686"},{"taxonomy":"product_cat","embeddable":true,"href":"https:\/\/chilimag.hu\/webshop\/wp-json\/wp\/v2\/product_cat?post=686"},{"taxonomy":"product_tag","embeddable":true,"href":"https:\/\/chilimag.hu\/webshop\/wp-json\/wp\/v2\/product_tag?post=686"}],"curies":[{"name":"wp","href":"https:\/\/api.w.org\/{rel}","templated":true}]}}