{"id":6626,"date":"2018-01-11T08:56:18","date_gmt":"2018-01-11T08:56:18","guid":{"rendered":"https:\/\/chilimag.hu\/webshop\/?post_type=product&#038;p=6626"},"modified":"2025-02-26T10:30:24","modified_gmt":"2025-02-26T10:30:24","slug":"substral-tapoldat-muskatlihoz-es-balkonnovenyekhez-1000ml","status":"publish","type":"product","link":"https:\/\/chilimag.hu\/webshop\/termek\/substral-tapoldat-muskatlihoz-es-balkonnovenyekhez-1000ml\/","title":{"rendered":"Substral T\u00e1poldat musk\u00e1tlihoz \u00e9s balkonn\u00f6v\u00e9nyekhez 1000ml"},"content":{"rendered":"<div class=\"product-description\">\n<div class=\"hirnagyszoveg\">\n<p>Tartalmaz minden t\u00e1panyagot, ami balkonn\u00f6v\u00e9nyei pomp\u00e1s vir\u00e1gz\u00e1s\u00e1hoz sz\u00fcks\u00e9ges<br \/>\nVassal \u00e9s Vital-Akt\u00edv formul\u00e1val<\/p>\n<p><strong>NPK 4 : 5 : 6 + mikroelemek<\/strong><\/p>\n<p>&nbsp;<\/p>\n<p>Musk\u00e1tlihoz \u00e9s pet\u00fani\u00e1hoz kiv\u00e1l\u00f3<\/p>\n<p>Eg\u00e9szen az \u0151sz be\u00e1llt\u00e1ig seg\u00edti a vir\u00e1gz\u00e1st<\/p>\n<p>Ellen\u00e1ll\u00f3v\u00e1 teszi a n\u00f6v\u00e9nyt<\/p>\n<p>&nbsp;<\/p>\n<p>Adagol\u00e1s: hetente egyszer (1 kupak t\u00e1poldat 5 liter \u00f6nt\u00f6z\u0151v\u00edzhez)<\/p>\n<p>Alkalmazhat\u00f3: \u00e1prilst\u00f3l szeptemberig<\/p>\n<p>&nbsp;<\/p>\n<p>EK m\u0171tr\u00e1gya<\/p>\n<\/div>\n<\/div>\n","protected":false},"excerpt":{"rendered":"<p>Term\u00e9k s\u00falya: 1.2 kg<\/p>\n<p>Sz\u00e1ll\u00edt\u00e1si id\u0151: 48 \u00f3r\u00e1n bel\u00fcl<\/p>\n","protected":false},"featured_media":19442,"comment_status":"closed","ping_status":"closed","template":"","meta":[],"product_brand":[],"product_cat":[391],"product_tag":[],"class_list":{"0":"post-6626","1":"product","2":"type-product","3":"status-publish","4":"has-post-thumbnail","6":"product_cat-egyeb-tapoldatok","8":"first","9":"instock","10":"taxable","11":"shipping-taxable","12":"purchasable","13":"product-type-simple"},"_links":{"self":[{"href":"https:\/\/chilimag.hu\/webshop\/wp-json\/wp\/v2\/product\/6626","targetHints":{"allow":["GET"]}}],"collection":[{"href":"https:\/\/chilimag.hu\/webshop\/wp-json\/wp\/v2\/product"}],"about":[{"href":"https:\/\/chilimag.hu\/webshop\/wp-json\/wp\/v2\/types\/product"}],"replies":[{"embeddable":true,"href":"https:\/\/chilimag.hu\/webshop\/wp-json\/wp\/v2\/comments?post=6626"}],"wp:featuredmedia":[{"embeddable":true,"href":"https:\/\/chilimag.hu\/webshop\/wp-json\/wp\/v2\/media\/19442"}],"wp:attachment":[{"href":"https:\/\/chilimag.hu\/webshop\/wp-json\/wp\/v2\/media?parent=6626"}],"wp:term":[{"taxonomy":"product_brand","embeddable":true,"href":"https:\/\/chilimag.hu\/webshop\/wp-json\/wp\/v2\/product_brand?post=6626"},{"taxonomy":"product_cat","embeddable":true,"href":"https:\/\/chilimag.hu\/webshop\/wp-json\/wp\/v2\/product_cat?post=6626"},{"taxonomy":"product_tag","embeddable":true,"href":"https:\/\/chilimag.hu\/webshop\/wp-json\/wp\/v2\/product_tag?post=6626"}],"curies":[{"name":"wp","href":"https:\/\/api.w.org\/{rel}","templated":true}]}}