{"id":6419,"date":"2017-11-27T12:01:47","date_gmt":"2017-11-27T12:01:47","guid":{"rendered":"https:\/\/chilimag.hu\/webshop\/?post_type=product&#038;p=6419"},"modified":"2025-02-06T10:32:51","modified_gmt":"2025-02-06T10:32:51","slug":"csepegteto-rendszer-konyhakertbe","status":"publish","type":"product","link":"https:\/\/chilimag.hu\/webshop\/termek\/csepegteto-rendszer-konyhakertbe\/","title":{"rendered":"Csepegtet\u0151 rendszer konyhakertbe"},"content":{"rendered":"<div class=\"short-description\">\n<div class=\"std\">\n<p>A k\u00e9szlet rendelkezik mindennel, ami a n\u00f6v\u00e9nyek \u00f6nt\u00f6z\u00e9s\u00e9hez sz\u00fcks\u00e9ges.<br \/>\nT\u00f6k\u00e9letes kertek, erk\u00e9lyek, \u00fcvegh\u00e1zak, konyhakertek, cserepes n\u00f6v\u00e9nyek \u00f6nt\u00f6z\u00e9s\u00e9re.<br \/>\nK\u00f6zvetlen\u00fcl a n\u00f6v\u00e9ny gy\u00f6ker\u00e9hez juttattja a vizet.<br \/>\nLass\u00fa egyenletes \u00f6nt\u00f6z\u00e9st biztos\u00edt.<\/p>\n<\/div>\n<\/div>\n<div class=\"product-collateral toggle-content tabs\">\n<dl id=\"collateral-tabs\" class=\"collateral-tabs\">\n<dd class=\"tab-container current\">\n<div class=\"tab-content\">\n<div class=\"std\">\n<p>DIY csepegtet\u0151 k\u00e9szlet: te szabhatod meg, hogy milyen t\u00e1vols\u00e1gra legyenek egym\u00e1st\u00f3l a csepegtet\u0151k. A cs\u0151 elv\u00e1ghat\u00f3 \u00e9s a mell\u00e9kelt csatlakoz\u00f3k seg\u00edts\u00e9g\u00e9vel olyan \u00f6nt\u00f6z\u0151h\u00e1l\u00f3zatot alak\u00edthatsz ki, ami a n\u00f6v\u00e9nyeid sz\u00e1m\u00e1ra a legide\u00e1lisabb.<\/p>\n<p><strong>Csomag tartalma:<\/strong><br \/>\n1 x 23m t\u00f6ml\u0151<br \/>\n1x csapv\u00e9g 1 db \u00e1raml\u00e1sszab\u00e1lyz\u00f3 szeleppel \u00e9s 1 db sz\u0171r\u0151vel<br \/>\n15 x \u201eT\u201d alak\u00fa csatlakoz\u00f3<br \/>\n2 x egyenes csatlakoz\u00f3<br \/>\n10 x v\u00e9gcsepegtet\u0151<br \/>\n10 x sorcsepegtet\u0151<br \/>\n15 x r\u00f6gz\u00edt\u0151 sz\u00e1r<br \/>\n10 x cs\u0151bilincs<br \/>\n23m hossz\u00fa 0.3cm az \u00e1tm\u00e9r\u0151je<\/p>\n<\/div>\n<\/div>\n<\/dd>\n<dd class=\"tab-container\">\n<div class=\"tab-content\"><\/div>\n<\/dd>\n<dd class=\"tab-container last\">\n<div class=\"tab-content\"><\/div>\n<\/dd>\n<\/dl>\n<\/div>\n","protected":false},"excerpt":{"rendered":"<div class=\"tab-content\">\n<div class=\"std\">\n<p>Term\u00e9k s\u00falya: 506g<br \/>\nCsomag m\u00e9rete: 21*21*6.7cm<br \/>\nCsomag s\u00falya: 780g<\/p>\n<\/div>\n<\/div>\n<div class=\"tab-content\">\n<div id=\"product-attribute-specs-table\" class=\"data-table\"><span class=\"attribute\"> <span class=\"label\">Csomag s\u00falya: <\/span> <span class=\"data\">0.51 kg<\/span> <\/span><\/div>\n<div class=\"data-table\"><span class=\"attribute\"> <span class=\"label\"><br \/>\n<\/span><\/span><\/div>\n<\/div>\n","protected":false},"featured_media":6421,"comment_status":"closed","ping_status":"closed","template":"","meta":[],"product_brand":[],"product_cat":[467],"product_tag":[],"class_list":{"0":"post-6419","1":"product","2":"type-product","3":"status-publish","4":"has-post-thumbnail","6":"product_cat-locsolas-viz-es-talaj-vizsgalo-eszkozok","8":"first","9":"instock","10":"taxable","11":"shipping-taxable","12":"purchasable","13":"product-type-simple"},"_links":{"self":[{"href":"https:\/\/chilimag.hu\/webshop\/wp-json\/wp\/v2\/product\/6419","targetHints":{"allow":["GET"]}}],"collection":[{"href":"https:\/\/chilimag.hu\/webshop\/wp-json\/wp\/v2\/product"}],"about":[{"href":"https:\/\/chilimag.hu\/webshop\/wp-json\/wp\/v2\/types\/product"}],"replies":[{"embeddable":true,"href":"https:\/\/chilimag.hu\/webshop\/wp-json\/wp\/v2\/comments?post=6419"}],"wp:featuredmedia":[{"embeddable":true,"href":"https:\/\/chilimag.hu\/webshop\/wp-json\/wp\/v2\/media\/6421"}],"wp:attachment":[{"href":"https:\/\/chilimag.hu\/webshop\/wp-json\/wp\/v2\/media?parent=6419"}],"wp:term":[{"taxonomy":"product_brand","embeddable":true,"href":"https:\/\/chilimag.hu\/webshop\/wp-json\/wp\/v2\/product_brand?post=6419"},{"taxonomy":"product_cat","embeddable":true,"href":"https:\/\/chilimag.hu\/webshop\/wp-json\/wp\/v2\/product_cat?post=6419"},{"taxonomy":"product_tag","embeddable":true,"href":"https:\/\/chilimag.hu\/webshop\/wp-json\/wp\/v2\/product_tag?post=6419"}],"curies":[{"name":"wp","href":"https:\/\/api.w.org\/{rel}","templated":true}]}}