{"id":6415,"date":"2017-11-27T11:59:17","date_gmt":"2017-11-27T11:59:17","guid":{"rendered":"https:\/\/chilimag.hu\/webshop\/?post_type=product&#038;p=6415"},"modified":"2025-01-12T12:30:11","modified_gmt":"2025-01-12T12:30:11","slug":"15-meteres-szivargo-locsolotomlo","status":"publish","type":"product","link":"https:\/\/chilimag.hu\/webshop\/termek\/15-meteres-szivargo-locsolotomlo\/","title":{"rendered":"15 m\u00e9teres sziv\u00e1rg\u00f3 locsol\u00f3t\u00f6ml\u0151"},"content":{"rendered":"<div class=\"product-name\"><span class=\"h1\">\u00a0<\/span><\/div>\n<div class=\"short-description\">\n<div class=\"std\">\n<p>Sziv\u00e1rg\u00f3 t\u00f6ml\u0151 s\u00f6v\u00e9nyek, vir\u00e1g\u00e1gy\u00e1sok, sziklakertek \u00e9s konyhakertek \u00f6nt\u00f6z\u00e9s\u00e9re! Alacsony v\u00edznyom\u00e1son is m\u0171k\u00f6d\u0151k\u00e9pes. F\u00f6ldfelsz\u00ednen vagy felsz\u00edn alatt is haszn\u00e1lhat\u00f3. Aj\u00e1nlott f\u00f6ld felsz\u00edn alatti m\u00e9lys\u00e9g 15-20 cm. V\u00edz\u00e1tereszt\u00e9si kapacit\u00e1s nyom\u00e1st\u00f3l f\u00fcgg\u0151en!<\/p>\n<\/div>\n<\/div>\n<div class=\"product-collateral toggle-content tabs\"><\/div>\n","protected":false},"excerpt":{"rendered":"<div class=\"tab-content\">\n<div class=\"std\">\n<ul>\n<li>15 m sziv\u00e1rg\u00f3 gumit\u00f6ml\u0151 1\/2coll gyorscsatlakoz\u00f3kkal<\/li>\n<li>Sz\u00edne: fekete<\/li>\n<\/ul>\n<p>A csomag s\u00falya: 1243g<br \/>\nA csomag m\u00e9rete: 28&#215;10 cm<\/p>\n<\/div>\n<\/div>\n<div class=\"tab-content\">\n<div id=\"product-attribute-specs-table\" class=\"data-table\"><span class=\"attribute\"> <span class=\"label\">Csomag s\u00falya: <\/span> <span class=\"data\">1.24 kg<\/span> <\/span> <span class=\"attribute\"> <span class=\"label\">Csomag m\u00e9rete: <\/span> <span class=\"data\">29 x 29 x 8,5 cm <\/span> <\/span> <span class=\"attribute\"> <span class=\"label\">Cikksz\u00e1m: <\/span> <span class=\"data\">HOP1000517<\/span><\/span><\/div>\n<\/div>\n","protected":false},"featured_media":6416,"comment_status":"closed","ping_status":"closed","template":"","meta":[],"product_brand":[],"product_cat":[467],"product_tag":[],"class_list":{"0":"post-6415","1":"product","2":"type-product","3":"status-publish","4":"has-post-thumbnail","6":"product_cat-locsolas-viz-es-talaj-vizsgalo-eszkozok","8":"first","9":"instock","10":"taxable","11":"shipping-taxable","12":"purchasable","13":"product-type-simple"},"_links":{"self":[{"href":"https:\/\/chilimag.hu\/webshop\/wp-json\/wp\/v2\/product\/6415","targetHints":{"allow":["GET"]}}],"collection":[{"href":"https:\/\/chilimag.hu\/webshop\/wp-json\/wp\/v2\/product"}],"about":[{"href":"https:\/\/chilimag.hu\/webshop\/wp-json\/wp\/v2\/types\/product"}],"replies":[{"embeddable":true,"href":"https:\/\/chilimag.hu\/webshop\/wp-json\/wp\/v2\/comments?post=6415"}],"wp:featuredmedia":[{"embeddable":true,"href":"https:\/\/chilimag.hu\/webshop\/wp-json\/wp\/v2\/media\/6416"}],"wp:attachment":[{"href":"https:\/\/chilimag.hu\/webshop\/wp-json\/wp\/v2\/media?parent=6415"}],"wp:term":[{"taxonomy":"product_brand","embeddable":true,"href":"https:\/\/chilimag.hu\/webshop\/wp-json\/wp\/v2\/product_brand?post=6415"},{"taxonomy":"product_cat","embeddable":true,"href":"https:\/\/chilimag.hu\/webshop\/wp-json\/wp\/v2\/product_cat?post=6415"},{"taxonomy":"product_tag","embeddable":true,"href":"https:\/\/chilimag.hu\/webshop\/wp-json\/wp\/v2\/product_tag?post=6415"}],"curies":[{"name":"wp","href":"https:\/\/api.w.org\/{rel}","templated":true}]}}