{"id":6285,"date":"2017-11-26T04:58:06","date_gmt":"2017-11-26T04:58:06","guid":{"rendered":"https:\/\/chilimag.hu\/webshop\/?post_type=product&#038;p=6285"},"modified":"2024-01-19T20:15:08","modified_gmt":"2024-01-19T20:15:08","slug":"substral-novenyvarazs-kerti-mutragya-300g","status":"publish","type":"product","link":"https:\/\/chilimag.hu\/webshop\/termek\/substral-novenyvarazs-kerti-mutragya-300g\/","title":{"rendered":"Substral N\u00f6v\u00e9nyvar\u00e1zs Kerti M\u0171tr\u00e1gya 300g"},"content":{"rendered":"<div class=\"quantity\"><\/div>\n<div class=\"stock-container\"><\/div>\n<div class=\"product-description\">\n<div class=\"hirnagyszoveg\">\n<p>100%-ban old\u00f3d\u00f3 \u00f6nt\u00f6z\u0151m\u0171tr\u00e1gya koncentr\u00e1tum<br \/>\nMikroelemekben gazdag &#8211; plusz vassal<br \/>\nLev\u00e9ltr\u00e1gy\u00e1z\u00e1sra is aj\u00e1nlott<\/p>\n<p>NPK 27 : 15 : 12 + mikroelemek<\/p>\n<p>&nbsp;<\/p>\n<p>V\u00edzben t\u00f6k\u00e9letesen old\u00f3d\u00f3, a profi termel\u0151k \u00e1ltal haszn\u00e1lt m\u0171tr\u00e1gya krist\u00e1lyos form\u00e1ban.<\/p>\n<p>&nbsp;<\/p>\n<p>Biztos\u00edtja a kiegyens\u00falyozott t\u00e1panyagell\u00e1t\u00e1st. Gyors \u00e9s l\u00e1tv\u00e1nyos eredm\u00e9ny &#8211; sz\u00e9pen karbantartott kert.<\/p>\n<p>&nbsp;<\/p>\n<p>EK m\u0171tr\u00e1gya<\/p>\n<p>&nbsp;<\/p>\n<p>Haszn\u00e1lata: 5-6 alkalommal egy szezonban. 300 liter t\u00e1poldat lesz bel\u0151le; rendk\u00edv\u00fcl gazdas\u00e1gos.<\/p>\n<p>&nbsp;<\/p>\n<p>Alkalmazhat\u00f3: \u00e1prilist\u00f3l szeptemberig<\/p>\n<p>300 g \/ tasak<\/p>\n<\/div>\n<\/div>\n","protected":false},"excerpt":{"rendered":"<div class=\"weight\">Term\u00e9k s\u00falya: 0.35 kg<\/div>\n<div class=\"stock-container\">\n<div class=\"topstock\"><\/div>\n<div class=\"stock-info\">\n<div class=\"green\">Sz\u00e1ll\u00edt\u00e1si id\u0151: 48 \u00f3r\u00e1n bel\u00fcl<\/div>\n<\/div>\n<\/div>\n","protected":false},"featured_media":6286,"comment_status":"closed","ping_status":"closed","template":"","meta":[],"product_brand":[],"product_cat":[391],"product_tag":[],"class_list":{"0":"post-6285","1":"product","2":"type-product","3":"status-publish","4":"has-post-thumbnail","6":"product_cat-egyeb-tapoldatok","8":"first","9":"instock","10":"taxable","11":"shipping-taxable","12":"purchasable","13":"product-type-simple"},"_links":{"self":[{"href":"https:\/\/chilimag.hu\/webshop\/wp-json\/wp\/v2\/product\/6285","targetHints":{"allow":["GET"]}}],"collection":[{"href":"https:\/\/chilimag.hu\/webshop\/wp-json\/wp\/v2\/product"}],"about":[{"href":"https:\/\/chilimag.hu\/webshop\/wp-json\/wp\/v2\/types\/product"}],"replies":[{"embeddable":true,"href":"https:\/\/chilimag.hu\/webshop\/wp-json\/wp\/v2\/comments?post=6285"}],"wp:featuredmedia":[{"embeddable":true,"href":"https:\/\/chilimag.hu\/webshop\/wp-json\/wp\/v2\/media\/6286"}],"wp:attachment":[{"href":"https:\/\/chilimag.hu\/webshop\/wp-json\/wp\/v2\/media?parent=6285"}],"wp:term":[{"taxonomy":"product_brand","embeddable":true,"href":"https:\/\/chilimag.hu\/webshop\/wp-json\/wp\/v2\/product_brand?post=6285"},{"taxonomy":"product_cat","embeddable":true,"href":"https:\/\/chilimag.hu\/webshop\/wp-json\/wp\/v2\/product_cat?post=6285"},{"taxonomy":"product_tag","embeddable":true,"href":"https:\/\/chilimag.hu\/webshop\/wp-json\/wp\/v2\/product_tag?post=6285"}],"curies":[{"name":"wp","href":"https:\/\/api.w.org\/{rel}","templated":true}]}}