{"id":6256,"date":"2017-11-20T09:36:33","date_gmt":"2017-11-20T09:36:33","guid":{"rendered":"https:\/\/chilimag.hu\/webshop\/?post_type=product&#038;p=6256"},"modified":"2024-03-26T19:50:54","modified_gmt":"2024-03-26T19:50:54","slug":"substral-taprudacska-balkonnovenyekhez-10db","status":"publish","type":"product","link":"https:\/\/chilimag.hu\/webshop\/termek\/substral-taprudacska-balkonnovenyekhez-10db\/","title":{"rendered":"Substral T\u00e1prudacska balkonn\u00f6v\u00e9nyekhez 10db"},"content":{"rendered":"<div class=\"details product-right\"><\/div>\n<div class=\"quantity\"><\/div>\n<div class=\"stock-container\"><\/div>\n<div class=\"product-description\">&#8222;Balkonon \u00e9s teraszon tartott vir\u00e1gos d\u00edszn\u00f6v\u00e9nyek sz\u00e1m\u00e1ra<\/div>\n","protected":false},"excerpt":{"rendered":"<div class=\"weight\">Term\u00e9k s\u00falya: 0.1 kg<\/div>\n<div class=\"stock-container\">\n<div class=\"topstock\"><\/div>\n<div class=\"stock-info\">\n<div class=\"green\">Sz\u00e1ll\u00edt\u00e1si id\u0151: 48 \u00f3r\u00e1n bel\u00fcl<\/div>\n<\/div>\n<\/div>\n","protected":false},"featured_media":6258,"comment_status":"closed","ping_status":"closed","template":"","meta":[],"product_brand":[],"product_cat":[391],"product_tag":[],"class_list":{"0":"post-6256","1":"product","2":"type-product","3":"status-publish","4":"has-post-thumbnail","6":"product_cat-egyeb-tapoldatok","8":"first","9":"instock","10":"taxable","11":"shipping-taxable","12":"purchasable","13":"product-type-simple"},"_links":{"self":[{"href":"https:\/\/chilimag.hu\/webshop\/wp-json\/wp\/v2\/product\/6256","targetHints":{"allow":["GET"]}}],"collection":[{"href":"https:\/\/chilimag.hu\/webshop\/wp-json\/wp\/v2\/product"}],"about":[{"href":"https:\/\/chilimag.hu\/webshop\/wp-json\/wp\/v2\/types\/product"}],"replies":[{"embeddable":true,"href":"https:\/\/chilimag.hu\/webshop\/wp-json\/wp\/v2\/comments?post=6256"}],"wp:featuredmedia":[{"embeddable":true,"href":"https:\/\/chilimag.hu\/webshop\/wp-json\/wp\/v2\/media\/6258"}],"wp:attachment":[{"href":"https:\/\/chilimag.hu\/webshop\/wp-json\/wp\/v2\/media?parent=6256"}],"wp:term":[{"taxonomy":"product_brand","embeddable":true,"href":"https:\/\/chilimag.hu\/webshop\/wp-json\/wp\/v2\/product_brand?post=6256"},{"taxonomy":"product_cat","embeddable":true,"href":"https:\/\/chilimag.hu\/webshop\/wp-json\/wp\/v2\/product_cat?post=6256"},{"taxonomy":"product_tag","embeddable":true,"href":"https:\/\/chilimag.hu\/webshop\/wp-json\/wp\/v2\/product_tag?post=6256"}],"curies":[{"name":"wp","href":"https:\/\/api.w.org\/{rel}","templated":true}]}}