{"id":6230,"date":"2017-11-20T09:20:38","date_gmt":"2017-11-20T09:20:38","guid":{"rendered":"https:\/\/chilimag.hu\/webshop\/?post_type=product&#038;p=6230"},"modified":"2024-01-19T20:19:54","modified_gmt":"2024-01-19T20:19:54","slug":"substral-osmocote-hosszu-hatastartamu-viragtragya-300g","status":"publish","type":"product","link":"https:\/\/chilimag.hu\/webshop\/termek\/substral-osmocote-hosszu-hatastartamu-viragtragya-300g\/","title":{"rendered":"Substral Osmocote Hossz\u00fa hat\u00e1startam\u00fa vir\u00e1gtr\u00e1gya 300g"},"content":{"rendered":"<div class=\"quantity\"><\/div>\n<div class=\"stock-container\"><\/div>\n<div class=\"product-description\">\n<p>T\u00e1panyagell\u00e1t\u00e1s a teljes szezonra a szoba-, terasz-, balkon-, \u00e9s kerti n\u00f6v\u00e9nyei sz\u00e1m\u00e1ra.<\/p>\n<p>Egyetlen alkalmaz\u00e1s 6 h\u00f3napra elegend\u0151 t\u00e1panyagot biztos\u00edt<\/p>\n<p>Granul\u00e1lt, k\u00f6nnyen kezelhet\u0151<\/p>\n<p>NPK m\u0171tr\u00e1gya, 15 : 10 : 12 + MgO mikroelemekkel<\/p>\n<p>Szab\u00e1lyozott t\u00e1panyaglead\u00e1s &#8211; biztons\u00e1g \u00e9s k\u00e9nyelem.<\/p>\n<p>EK m\u0171tr\u00e1gya<\/p>\n<p>Alkalmaz\u00e1s: m\u00e1rciust\u00f3l szeptemberig\u0171<\/p>\n<p>300 g \/ tasak<\/p>\n<\/div>\n","protected":false},"excerpt":{"rendered":"<div class=\"weight\">Term\u00e9k s\u00falya: 0.35 kg<\/div>\n<div class=\"stock-container\">\n<div class=\"topstock\"><\/div>\n<div class=\"stock-info\">\n<div class=\"green\">Sz\u00e1ll\u00edt\u00e1si id\u0151: 48 \u00f3r\u00e1n bel\u00fcl<\/div>\n<\/div>\n<\/div>\n","protected":false},"featured_media":6231,"comment_status":"closed","ping_status":"closed","template":"","meta":[],"product_brand":[],"product_cat":[391],"product_tag":[],"class_list":{"0":"post-6230","1":"product","2":"type-product","3":"status-publish","4":"has-post-thumbnail","6":"product_cat-egyeb-tapoldatok","8":"first","9":"instock","10":"taxable","11":"shipping-taxable","12":"purchasable","13":"product-type-simple"},"_links":{"self":[{"href":"https:\/\/chilimag.hu\/webshop\/wp-json\/wp\/v2\/product\/6230","targetHints":{"allow":["GET"]}}],"collection":[{"href":"https:\/\/chilimag.hu\/webshop\/wp-json\/wp\/v2\/product"}],"about":[{"href":"https:\/\/chilimag.hu\/webshop\/wp-json\/wp\/v2\/types\/product"}],"replies":[{"embeddable":true,"href":"https:\/\/chilimag.hu\/webshop\/wp-json\/wp\/v2\/comments?post=6230"}],"wp:featuredmedia":[{"embeddable":true,"href":"https:\/\/chilimag.hu\/webshop\/wp-json\/wp\/v2\/media\/6231"}],"wp:attachment":[{"href":"https:\/\/chilimag.hu\/webshop\/wp-json\/wp\/v2\/media?parent=6230"}],"wp:term":[{"taxonomy":"product_brand","embeddable":true,"href":"https:\/\/chilimag.hu\/webshop\/wp-json\/wp\/v2\/product_brand?post=6230"},{"taxonomy":"product_cat","embeddable":true,"href":"https:\/\/chilimag.hu\/webshop\/wp-json\/wp\/v2\/product_cat?post=6230"},{"taxonomy":"product_tag","embeddable":true,"href":"https:\/\/chilimag.hu\/webshop\/wp-json\/wp\/v2\/product_tag?post=6230"}],"curies":[{"name":"wp","href":"https:\/\/api.w.org\/{rel}","templated":true}]}}