{"id":6150,"date":"2017-11-10T07:27:48","date_gmt":"2017-11-10T07:27:48","guid":{"rendered":"https:\/\/chilimag.hu\/webshop\/?post_type=product&#038;p=6150"},"modified":"2025-10-11T13:56:24","modified_gmt":"2025-10-11T13:56:24","slug":"gardena-kezi-szerszam-keszlet-locsolokannaval","status":"publish","type":"product","link":"https:\/\/chilimag.hu\/webshop\/termek\/gardena-kezi-szerszam-keszlet-locsolokannaval\/","title":{"rendered":"GARDENA K\u00e9zi szersz\u00e1m k\u00e9szlet locsol\u00f3kann\u00e1val"},"content":{"rendered":"<div class=\"quantity\"><\/div>\n<div class=\"stock-container\"><\/div>\n<div class=\"product-description\">\n<p>Alkalmaz\u00e1si ter\u00fclet: \u00d6nt\u00f6z\u00e9s, lap\u00e1tol\u00e1s, \u00fcltet\u00e9s, \u00e1t\u00fcltet\u00e9s, vir\u00e1gok \u00e9s fiatal hajt\u00e1sok metsz\u00e9se.<br \/>\nTulajdons\u00e1gok: T\u00f6bbfunkci\u00f3s m\u0171anyag kanna; egy eszk\u00f6z k\u00e9t funkci\u00f3val: \u00f6nt\u00f6z\u00e9shez \u00e9s lap\u00e1tol\u00e1shoz (pl.: vir\u00e1gf\u00f6ldh\u00f6z)<\/p>\n<\/div>\n","protected":false},"excerpt":{"rendered":"<div class=\"weight\">Term\u00e9k s\u00falya: 0.7 kg<\/div>\n<div class=\"stock-container\">\n<div class=\"topstock\"><\/div>\n<div class=\"stock-info\">\n<div class=\"green\">Sz\u00e1ll\u00edt\u00e1si id\u0151: 48 \u00f3r\u00e1n bel\u00fcl<\/div>\n<\/div>\n<\/div>\n","protected":false},"featured_media":6151,"comment_status":"closed","ping_status":"closed","template":"","meta":[],"product_brand":[],"product_cat":[343],"product_tag":[],"class_list":{"0":"post-6150","1":"product","2":"type-product","3":"status-publish","4":"has-post-thumbnail","6":"product_cat-akciok","8":"first","9":"instock","10":"sale","11":"taxable","12":"shipping-taxable","13":"purchasable","14":"product-type-simple"},"_links":{"self":[{"href":"https:\/\/chilimag.hu\/webshop\/wp-json\/wp\/v2\/product\/6150","targetHints":{"allow":["GET"]}}],"collection":[{"href":"https:\/\/chilimag.hu\/webshop\/wp-json\/wp\/v2\/product"}],"about":[{"href":"https:\/\/chilimag.hu\/webshop\/wp-json\/wp\/v2\/types\/product"}],"replies":[{"embeddable":true,"href":"https:\/\/chilimag.hu\/webshop\/wp-json\/wp\/v2\/comments?post=6150"}],"wp:featuredmedia":[{"embeddable":true,"href":"https:\/\/chilimag.hu\/webshop\/wp-json\/wp\/v2\/media\/6151"}],"wp:attachment":[{"href":"https:\/\/chilimag.hu\/webshop\/wp-json\/wp\/v2\/media?parent=6150"}],"wp:term":[{"taxonomy":"product_brand","embeddable":true,"href":"https:\/\/chilimag.hu\/webshop\/wp-json\/wp\/v2\/product_brand?post=6150"},{"taxonomy":"product_cat","embeddable":true,"href":"https:\/\/chilimag.hu\/webshop\/wp-json\/wp\/v2\/product_cat?post=6150"},{"taxonomy":"product_tag","embeddable":true,"href":"https:\/\/chilimag.hu\/webshop\/wp-json\/wp\/v2\/product_tag?post=6150"}],"curies":[{"name":"wp","href":"https:\/\/api.w.org\/{rel}","templated":true}]}}