{"id":6144,"date":"2017-11-10T07:24:29","date_gmt":"2017-11-10T07:24:29","guid":{"rendered":"https:\/\/chilimag.hu\/webshop\/?post_type=product&#038;p=6144"},"modified":"2023-01-28T18:27:57","modified_gmt":"2023-01-28T18:27:57","slug":"gardena-comfort-viraggereblye","status":"publish","type":"product","link":"https:\/\/chilimag.hu\/webshop\/termek\/gardena-comfort-viraggereblye\/","title":{"rendered":"GARDENA Comfort vir\u00e1ggereblye"},"content":{"rendered":"<div class=\"quantity\"><\/div>\n<div class=\"stock-container\"><\/div>\n<div class=\"product-description\">\n<p>Munkasz\u00e9less\u00e9g: 8,5 cm<br \/>\nAnyag: Kiv\u00e1l\u00f3, min\u0151s\u00e9gi ac\u00e9lb\u00f3l, bevonattal ell\u00e1tva<br \/>\nErgonomikusan kialak\u00edtott markolat: \u2022<br \/>\nPuha elemekkel ell\u00e1tott markolat: \u2022<br \/>\nM\u00e9g h\u00faz\u00f3 mozdulatokn\u00e1l sem cs\u00faszik: \u2022<br \/>\nAlkalmaz\u00e1si ter\u00fclet: Gerebly\u00e9s\u00e9hez \u00e9s a talaj laz\u00edt\u00e1s\u00e1hoz<br \/>\nTulajdons\u00e1gok: Ellen\u00e1ll a korr\u00f3zi\u00f3nak.<\/p>\n<\/div>\n","protected":false},"excerpt":{"rendered":"<div class=\"weight\">Term\u00e9k s\u00falya: 0.5 kg<\/div>\n<div class=\"stock-container\">\n<div class=\"topstock\"><\/div>\n<div class=\"stock-info\">\n<div class=\"green\">Sz\u00e1ll\u00edt\u00e1si id\u0151: 48 \u00f3r\u00e1n bel\u00fcl<\/div>\n<\/div>\n<\/div>\n","protected":false},"featured_media":6145,"comment_status":"closed","ping_status":"closed","template":"","meta":[],"product_brand":[],"product_cat":[343],"product_tag":[],"class_list":{"0":"post-6144","1":"product","2":"type-product","3":"status-publish","4":"has-post-thumbnail","6":"product_cat-akciok","8":"first","9":"instock","10":"sale","11":"taxable","12":"shipping-taxable","13":"purchasable","14":"product-type-simple"},"_links":{"self":[{"href":"https:\/\/chilimag.hu\/webshop\/wp-json\/wp\/v2\/product\/6144","targetHints":{"allow":["GET"]}}],"collection":[{"href":"https:\/\/chilimag.hu\/webshop\/wp-json\/wp\/v2\/product"}],"about":[{"href":"https:\/\/chilimag.hu\/webshop\/wp-json\/wp\/v2\/types\/product"}],"replies":[{"embeddable":true,"href":"https:\/\/chilimag.hu\/webshop\/wp-json\/wp\/v2\/comments?post=6144"}],"wp:featuredmedia":[{"embeddable":true,"href":"https:\/\/chilimag.hu\/webshop\/wp-json\/wp\/v2\/media\/6145"}],"wp:attachment":[{"href":"https:\/\/chilimag.hu\/webshop\/wp-json\/wp\/v2\/media?parent=6144"}],"wp:term":[{"taxonomy":"product_brand","embeddable":true,"href":"https:\/\/chilimag.hu\/webshop\/wp-json\/wp\/v2\/product_brand?post=6144"},{"taxonomy":"product_cat","embeddable":true,"href":"https:\/\/chilimag.hu\/webshop\/wp-json\/wp\/v2\/product_cat?post=6144"},{"taxonomy":"product_tag","embeddable":true,"href":"https:\/\/chilimag.hu\/webshop\/wp-json\/wp\/v2\/product_tag?post=6144"}],"curies":[{"name":"wp","href":"https:\/\/api.w.org\/{rel}","templated":true}]}}