{"id":6072,"date":"2017-11-09T09:35:25","date_gmt":"2017-11-09T09:35:25","guid":{"rendered":"https:\/\/chilimag.hu\/webshop\/?post_type=product&#038;p=6072"},"modified":"2025-10-11T13:55:52","modified_gmt":"2025-10-11T13:55:52","slug":"gardena-city-gardening-keziszerszam-keszlet-dobozban","status":"publish","type":"product","link":"https:\/\/chilimag.hu\/webshop\/termek\/gardena-city-gardening-keziszerszam-keszlet-dobozban\/","title":{"rendered":"GARDENA City gardening k\u00e9ziszersz\u00e1m k\u00e9szlet dobozban"},"content":{"rendered":"<div class=\"quantity\"><\/div>\n<div class=\"stock-container\"><\/div>\n<div class=\"product-description\">\n<p>Szersz\u00e1mk\u00e9szlet f\u0151k\u00e9nt teraszra \u00e9s erk\u00e9lyre, t\u00e1rol\u00f3 dobozzal egy\u00fctt.<\/p>\n<p>\u00dcltet\u00e9s \u00e9s \u00e1t\u00fcltet\u00e9s, talajlaz\u00edt\u00e1s, vir\u00e1gok \u00e9s f\u0171szern\u00f6v\u00e9nyek v\u00e1g\u00e1sa, erk\u00e9lyek \u00e9s teraszok tiszt\u00e1sa sepr\u00e9se.<\/p>\n<\/div>\n","protected":false},"excerpt":{"rendered":"<div class=\"weight\">Term\u00e9k s\u00falya: 1.5 kg<\/div>\n<div class=\"stock-container\">\n<div class=\"topstock\"><\/div>\n<div class=\"stock-info\">\n<div class=\"green\">Sz\u00e1ll\u00edt\u00e1si id\u0151: 48 \u00f3r\u00e1n bel\u00fcl<\/div>\n<\/div>\n<\/div>\n","protected":false},"featured_media":6073,"comment_status":"closed","ping_status":"closed","template":"","meta":[],"product_brand":[],"product_cat":[343],"product_tag":[],"class_list":{"0":"post-6072","1":"product","2":"type-product","3":"status-publish","4":"has-post-thumbnail","6":"product_cat-akciok","8":"first","9":"instock","10":"sale","11":"taxable","12":"shipping-taxable","13":"purchasable","14":"product-type-simple"},"_links":{"self":[{"href":"https:\/\/chilimag.hu\/webshop\/wp-json\/wp\/v2\/product\/6072","targetHints":{"allow":["GET"]}}],"collection":[{"href":"https:\/\/chilimag.hu\/webshop\/wp-json\/wp\/v2\/product"}],"about":[{"href":"https:\/\/chilimag.hu\/webshop\/wp-json\/wp\/v2\/types\/product"}],"replies":[{"embeddable":true,"href":"https:\/\/chilimag.hu\/webshop\/wp-json\/wp\/v2\/comments?post=6072"}],"wp:featuredmedia":[{"embeddable":true,"href":"https:\/\/chilimag.hu\/webshop\/wp-json\/wp\/v2\/media\/6073"}],"wp:attachment":[{"href":"https:\/\/chilimag.hu\/webshop\/wp-json\/wp\/v2\/media?parent=6072"}],"wp:term":[{"taxonomy":"product_brand","embeddable":true,"href":"https:\/\/chilimag.hu\/webshop\/wp-json\/wp\/v2\/product_brand?post=6072"},{"taxonomy":"product_cat","embeddable":true,"href":"https:\/\/chilimag.hu\/webshop\/wp-json\/wp\/v2\/product_cat?post=6072"},{"taxonomy":"product_tag","embeddable":true,"href":"https:\/\/chilimag.hu\/webshop\/wp-json\/wp\/v2\/product_tag?post=6072"}],"curies":[{"name":"wp","href":"https:\/\/api.w.org\/{rel}","templated":true}]}}